{"id":63054,"date":"2023-03-15T13:59:53","date_gmt":"2023-03-15T16:59:53","guid":{"rendered":"https:\/\/www.argensend.com\/?post_type=product&#038;p=63054"},"modified":"2024-12-06T16:34:58","modified_gmt":"2024-12-06T19:34:58","slug":"libro-la-hija-unica-guadalupe-nettel-the-only-daughter-book","status":"publish","type":"product","link":"https:\/\/www.argensend.com\/en\/product\/libro-la-hija-unica-guadalupe-nettel-the-only-daughter-book\/","title":{"rendered":"Libro &#8220;La hija \u00fanica&#8221; &#8211; Guadalupe Nettel"},"content":{"rendered":"","protected":false},"excerpt":{"rendered":"<p>Tres mujeres enfrentadas a la maternidad. Tres maneras de afrontarla. Una intensa y deslumbrante novela sobre la familia en el mundo actual. Poco despu\u00e9s de cumplir los ocho meses de embarazo, a Alina le anuncian que su hija no podr\u00e1 sobrevivir al nacimiento. Ella y su compa\u00f1ero emprenden entonces un doloroso pero tambi\u00e9n sorprendente proceso de aceptaci\u00f3n y duelo. Ese \u00faltimo mes de gestaci\u00f3n se convierte para ellos en una extra\u00f1a oportunidad para conocer a esa hija a la que tanto trabajo les cuesta renunciar. Laura, la gran amiga de Alina, refiere el conflicto de esta pareja, mientras reflexiona sobre el amor y su l\u00f3gica a veces incomprensible, pero tambi\u00e9n sobre las estrategias que los seres humanos inventamos para superar la frustraci\u00f3n. Laura nos cuenta igualmente la historia de su vecina Doris, madre soltera de un ni\u00f1o encantador con problemas de comportamiento. Escrita con una sencillez solo aparente, La hija \u00fanica es una novela profunda y llena de sabidur\u00eda sobre la maternidad, sobre su negaci\u00f3n o su asunci\u00f3n; sobre las dudas, incertidumbres e incluso sentimientos de culpa que la envuelven; sobre las alegr\u00edas y las angustias que la acompa\u00f1an. Es tambi\u00e9n una novela sobre tres mujeres \u2013Laura, Alina, Doris\u2013 y los v\u00ednculos \u2013de amistad, de amor\u2013 que establecen entre ellas. Una novela sobre las formas diversas que puede tomar la familia en el mundo actual.<\/p>\n<p>EN:Three women facing motherhood. Three ways of facing it. An intense and dazzling novel about family in today&#8217;s world. Shortly after eight months of pregnancy, Alina is told that her daughter will not survive the birth. She and her partner then embark on a painful but also surprising process of acceptance and mourning. That last month of pregnancy becomes for them a strange opportunity to meet the daughter they are having such a hard time giving up. Laura, Alina&#8217;s great friend, refers to the conflict of this couple, while reflecting on love and its sometimes incomprehensible logic, but also on the strategies that human beings invent to overcome frustration. Laura also tells us the story of her neighbor Doris, a single mother of a charming child with behavioral problems.Written with only apparent simplicity, The Only Daughter is a profound novel full of wisdom about motherhood, about its denial or its assumption; about the doubts, uncertainties and even feelings of guilt that surround it; about the joys and anguish that accompany it. It is also a novel about three women -Laura, Alina, Doris- and the bonds -of friendship, of love- that they establish between them. A novel about the diverse forms that the family can take in today&#8217;s world.<\/p>","protected":false},"featured_media":63055,"comment_status":"closed","ping_status":"closed","template":"","meta":{"_acf_changed":false,"om_disable_all_campaigns":false,"_monsterinsights_skip_tracking":false,"_monsterinsights_sitenote_active":false,"_monsterinsights_sitenote_note":"","_monsterinsights_sitenote_category":0},"etheme_brands":[],"product_brand":[],"product_cat":[8791,8832,685],"product_tag":[755,9723,752,9724,9725],"class_list":{"0":"post-63054","1":"product","2":"type-product","3":"status-publish","4":"has-post-thumbnail","6":"product_cat-libreria","7":"product_cat-libreria-arte-y-cotillon","8":"product_cat-libros","9":"product_tag-book","10":"product_tag-la-hija-unica","11":"product_tag-libro","12":"product_tag-the-only-child","13":"product_tag-the-only-daughter","15":"first","16":"instock","17":"taxable","18":"shipping-taxable","19":"purchasable","20":"product-type-simple"},"acf":[],"aioseo_notices":[],"_links":{"self":[{"href":"https:\/\/www.argensend.com\/en\/wp-json\/wp\/v2\/product\/63054","targetHints":{"allow":["GET"]}}],"collection":[{"href":"https:\/\/www.argensend.com\/en\/wp-json\/wp\/v2\/product"}],"about":[{"href":"https:\/\/www.argensend.com\/en\/wp-json\/wp\/v2\/types\/product"}],"replies":[{"embeddable":true,"href":"https:\/\/www.argensend.com\/en\/wp-json\/wp\/v2\/comments?post=63054"}],"version-history":[{"count":2,"href":"https:\/\/www.argensend.com\/en\/wp-json\/wp\/v2\/product\/63054\/revisions"}],"predecessor-version":[{"id":69894,"href":"https:\/\/www.argensend.com\/en\/wp-json\/wp\/v2\/product\/63054\/revisions\/69894"}],"wp:featuredmedia":[{"embeddable":true,"href":"https:\/\/www.argensend.com\/en\/wp-json\/wp\/v2\/media\/63055"}],"wp:attachment":[{"href":"https:\/\/www.argensend.com\/en\/wp-json\/wp\/v2\/media?parent=63054"}],"wp:term":[{"taxonomy":"brand","embeddable":true,"href":"https:\/\/www.argensend.com\/en\/wp-json\/wp\/v2\/etheme_brands?post=63054"},{"taxonomy":"product_brand","embeddable":true,"href":"https:\/\/www.argensend.com\/en\/wp-json\/wp\/v2\/product_brand?post=63054"},{"taxonomy":"product_cat","embeddable":true,"href":"https:\/\/www.argensend.com\/en\/wp-json\/wp\/v2\/product_cat?post=63054"},{"taxonomy":"product_tag","embeddable":true,"href":"https:\/\/www.argensend.com\/en\/wp-json\/wp\/v2\/product_tag?post=63054"}],"curies":[{"name":"wp","href":"https:\/\/api.w.org\/{rel}","templated":true}]}}