{"id":63147,"date":"2023-03-16T16:23:07","date_gmt":"2023-03-16T19:23:07","guid":{"rendered":"https:\/\/www.argensend.com\/?post_type=product&#038;p=63147"},"modified":"2024-12-06T16:34:59","modified_gmt":"2024-12-06T19:34:59","slug":"skala-vinagre-de-maca-keratina-mascara-vegana-shampoo-y-acondicionador-maca-vinegar-keratin-vegan-keratin-mask-shampoo-and-conditioner","status":"publish","type":"product","link":"https:\/\/www.argensend.com\/en\/product\/skala-vinagre-de-maca-keratina-mascara-vegana-shampoo-y-acondicionador-maca-vinegar-keratin-vegan-keratin-mask-shampoo-and-conditioner\/","title":{"rendered":"Skala &#8211; Vinagre de Maca Keratina M\u00e1scara Vegana Shampoo y Acondicionador"},"content":{"rendered":"<div class=\"ui-pdp-header__subtitle\">\n<div class=\"ui-pdp-container__col col-2 ui-pdp--relative\">\n<div class=\"ui-pdp--sticky-wrapper ui-pdp--sticky-wrapper-gallery\">\n<div class=\"ui-pdp-gallery\" role=\"group\" aria-label=\"Galer\u00eda de fotos, Imagen 1 de 4 de Skala Ba\u00f1o De Cristal M\u00e1scara Vegana Cabello Brillo X 1kg\">\n<div class=\"ui-pdp-gallery__column\">Incluye:<br \/>\nSkala M\u00e1scara Vinagre De Maca X 1000 Gr + Skala Vinagre De Maca Shampoo Y Acondicionador X 325 Ml<\/div>\n<\/div>\n<\/div>\n<\/div>\n<div>Includes:<\/div>\n<div>Skala Maca Vinegar Mask X 1000 Gr + Skala Maca Vinegar Shampoo &amp; Conditioner X 325 Ml<\/div>\n<\/div>","protected":false},"excerpt":{"rendered":"<p>1) SKALA EXPERT VINAGRE DE MACA X 1000GR<br \/>\nM\u00e1scara Con Keratina Vegetal Para Cabellos Resecos Anti Fizz<br \/>\nSkala Expert M\u00e1scara Vinagre De Manzana Brillo Extremo es un tratamiento anti frizz de reconstrucci\u00f3n para cabellos secos, con keratina vegetal. Reduce la porosidad, proporciona brillo extremo y un cabello sano.<br \/>\nEnriquecido con vinagre de manzana con vitamina E, D\u00b4Panthenol, y Keratina Vegetal, proporciona una perfecta reconstrucci\u00f3n, sellando las cut\u00edculas, devolviendo suavidad.<\/p>\n<p>2) SKALA EXPERT VINAGRE DE MACA SHAMPOO Y ACONDICIONADOR X 325ML<br \/>\nShampoo Y Acondicionador Con Keratina Para Cabellos Resecos<br \/>\nSkala Expert Vinagre De Manzana Shampoo Y Acondicionador Brillo Extremo es un tratamiento anti frizz de reconstrucci\u00f3n para cabellos secos, con keratina vegetal. Reduce la porosidad, proporciona brillo extremo y un cabello sano.<br \/>\nEnriquecido con vinagre de manzana con vitamina E, D\u00b4Panthenol, y Keratina Vegetal, proporciona una perfecta reconstrucci\u00f3n, sellando las cut\u00edculas, devolviendo suavidad.<\/p>\n<p>English<\/p>\n<p>1) SKALA EXPERT MACA VINEGAR X 1000GR<br \/>\nMask With Vegetable Keratin For Dry Hair Anti Fizz<br \/>\nSkala Expert Apple Vinegar Extreme Shine Mask is an anti-frizz reconstruction treatment for dry hair, with vegetable keratin. It reduces porosity, provides extreme shine and healthy hair.<br \/>\nEnriched with apple vinegar with vitamin E, D&#8217;Panthenol, and vegetable keratin, it provides a perfect reconstruction, sealing the cuticles, restoring softness.<\/p>\n<p>2) SKALA EXPERT MACA VINEGAR SHAMPOO AND CONDITIONER X 325ML<br \/>\nShampoo &amp; Conditioner With Keratin For Dry Hair<br \/>\nSkala Expert Apple Cider Vinegar Shampoo &amp; Conditioner Extreme Shine is an anti-frizz reconstruction treatment for dry hair, with vegetable keratin. It reduces porosity, provides extreme shine and healthy hair.<br \/>\nEnriched with apple cider vinegar with vitamin E, D&#8217;Panthenol, and Vegetable Keratin, it provides a perfect reconstruction, sealing the cuticles, restoring softness.<\/p>\n<p>&nbsp;<\/p>","protected":false},"featured_media":63148,"comment_status":"closed","ping_status":"closed","template":"","meta":{"_acf_changed":false,"om_disable_all_campaigns":false,"_monsterinsights_skip_tracking":false,"_monsterinsights_sitenote_active":false,"_monsterinsights_sitenote_note":"","_monsterinsights_sitenote_category":0},"etheme_brands":[],"product_brand":[],"product_cat":[4453],"product_tag":[1022,456,467,9199,3931,6494,3356,1868,9201,8849,8847,9198,652,9200],"class_list":{"0":"post-63147","1":"product","2":"type-product","3":"status-publish","4":"has-post-thumbnail","6":"product_cat-salud-y-belleza-vegana","7":"product_tag-cabello","8":"product_tag-crema","9":"product_tag-crema-en-pote","10":"product_tag-curlers","11":"product_tag-hair","12":"product_tag-hidratacion","13":"product_tag-mascara","14":"product_tag-oleo","15":"product_tag-ondas","16":"product_tag-peinar","17":"product_tag-rulos","18":"product_tag-skala","19":"product_tag-vegan","20":"product_tag-waves","22":"first","23":"instock","24":"taxable","25":"shipping-taxable","26":"purchasable","27":"product-type-simple"},"acf":[],"aioseo_notices":[],"_links":{"self":[{"href":"https:\/\/www.argensend.com\/en\/wp-json\/wp\/v2\/product\/63147","targetHints":{"allow":["GET"]}}],"collection":[{"href":"https:\/\/www.argensend.com\/en\/wp-json\/wp\/v2\/product"}],"about":[{"href":"https:\/\/www.argensend.com\/en\/wp-json\/wp\/v2\/types\/product"}],"replies":[{"embeddable":true,"href":"https:\/\/www.argensend.com\/en\/wp-json\/wp\/v2\/comments?post=63147"}],"version-history":[{"count":2,"href":"https:\/\/www.argensend.com\/en\/wp-json\/wp\/v2\/product\/63147\/revisions"}],"predecessor-version":[{"id":104716,"href":"https:\/\/www.argensend.com\/en\/wp-json\/wp\/v2\/product\/63147\/revisions\/104716"}],"wp:featuredmedia":[{"embeddable":true,"href":"https:\/\/www.argensend.com\/en\/wp-json\/wp\/v2\/media\/63148"}],"wp:attachment":[{"href":"https:\/\/www.argensend.com\/en\/wp-json\/wp\/v2\/media?parent=63147"}],"wp:term":[{"taxonomy":"brand","embeddable":true,"href":"https:\/\/www.argensend.com\/en\/wp-json\/wp\/v2\/etheme_brands?post=63147"},{"taxonomy":"product_brand","embeddable":true,"href":"https:\/\/www.argensend.com\/en\/wp-json\/wp\/v2\/product_brand?post=63147"},{"taxonomy":"product_cat","embeddable":true,"href":"https:\/\/www.argensend.com\/en\/wp-json\/wp\/v2\/product_cat?post=63147"},{"taxonomy":"product_tag","embeddable":true,"href":"https:\/\/www.argensend.com\/en\/wp-json\/wp\/v2\/product_tag?post=63147"}],"curies":[{"name":"wp","href":"https:\/\/api.w.org\/{rel}","templated":true}]}}