{"id":63151,"date":"2023-03-16T16:37:23","date_gmt":"2023-03-16T19:37:23","guid":{"rendered":"https:\/\/www.argensend.com\/?post_type=product&#038;p=63151"},"modified":"2024-12-06T16:34:59","modified_gmt":"2024-12-06T19:34:59","slug":"skala-crema-ceramidas-cabello-danado-brillo-vegana-1kg-ceramide-cream-for-damaged-hair-vegan-shine-1kg","status":"publish","type":"product","link":"https:\/\/www.argensend.com\/en\/product\/skala-crema-ceramidas-cabello-danado-brillo-vegana-1kg-ceramide-cream-for-damaged-hair-vegan-shine-1kg\/","title":{"rendered":"Skala &#8211; Crema Ceramidas Cabello Da\u00f1ado Brillo Vegana 1kg"},"content":{"rendered":"<div class=\"ui-pdp-header__subtitle\">\n<div class=\"ui-pdp-container__col col-2 ui-pdp--relative\">\n<div class=\"ui-pdp--sticky-wrapper ui-pdp--sticky-wrapper-gallery\">\n<div class=\"ui-pdp-gallery\" role=\"group\" aria-label=\"Galer\u00eda de fotos, Imagen 1 de 4 de Skala Ba\u00f1o De Cristal M\u00e1scara Vegana Cabello Brillo X 1kg\">\n<div class=\"ui-pdp-gallery__column\">SKALA M\u00c1SCARA CERAMIDAS G3 X 1000GR<br \/>\nM\u00e1scara De Vitalidad y Brillo Para Cabellos Opacos y Maltratados<\/div>\n<\/div>\n<\/div>\n<\/div>\n<div class=\"ui-pdp-container__col col-2 mr-32\">\n<div class=\"ui-pdp-container__top-wrapper mt-40\">\n<div class=\"ui-pdp-header\">\n<div class=\"ui-pdp-header__subtitle\">\n<div class=\"ui-pdp-container__col col-2 ui-pdp--relative\">\n<div class=\"ui-pdp--sticky-wrapper ui-pdp--sticky-wrapper-gallery\">\n<div><\/div>\n<div class=\"ui-pdp-gallery__column\">SKALA CERAMIDE MASK G3 X 1000GR<br \/>\nVitality and Shine Mask For Dull and Damaged Hair<\/div>\n<\/div>\n<\/div>\n<\/div>\n<\/div>\n<\/div>\n<\/div>\n<\/div>","protected":false},"excerpt":{"rendered":"<p>Skala Expert M\u00e1scara Ceramidas G3* para cabellos opacos y maltratados, tiene en su f\u00f3rmula un sellante de 3\u00aa generaci\u00f3n que sella las cut\u00edculas del cabello y refuerza la estructura capilar, devuelven el brillo y vitalidad. Con su utilizaci\u00f3n frecuente es posible evitar la porosidad, frizz y el cabello se mantendr\u00e1 nutrido e hidratado. Una de las mayores ventajas de las Ceramidas es que no pesan en el cabello y evita la oleosidad.<\/p>\n<p>English<\/p>\n<p>Skala Expert Ceramides G3* Mask for dull and damaged hair, has in its formula a 3rd generation sealant that seals the hair cuticles and strengthens the hair structure, restoring shine and vitality. With its frequent use it is possible to avoid porosity, frizz and the hair will remain nourished and hydrated. One of the major advantages of Ceramides is that they do not weigh down the hair and prevent oiliness.<\/p>","protected":false},"featured_media":63153,"comment_status":"closed","ping_status":"closed","template":"","meta":{"_acf_changed":false,"om_disable_all_campaigns":false,"_monsterinsights_skip_tracking":false,"_monsterinsights_sitenote_active":false,"_monsterinsights_sitenote_note":"","_monsterinsights_sitenote_category":0},"etheme_brands":[],"product_brand":[],"product_cat":[4453],"product_tag":[1022,456,467,9199,3931,6494,3356,1868,9201,8849,8847,9198,652,9200],"class_list":{"0":"post-63151","1":"product","2":"type-product","3":"status-publish","4":"has-post-thumbnail","6":"product_cat-salud-y-belleza-vegana","7":"product_tag-cabello","8":"product_tag-crema","9":"product_tag-crema-en-pote","10":"product_tag-curlers","11":"product_tag-hair","12":"product_tag-hidratacion","13":"product_tag-mascara","14":"product_tag-oleo","15":"product_tag-ondas","16":"product_tag-peinar","17":"product_tag-rulos","18":"product_tag-skala","19":"product_tag-vegan","20":"product_tag-waves","22":"first","23":"instock","24":"taxable","25":"shipping-taxable","26":"purchasable","27":"product-type-simple"},"acf":[],"aioseo_notices":[],"_links":{"self":[{"href":"https:\/\/www.argensend.com\/en\/wp-json\/wp\/v2\/product\/63151","targetHints":{"allow":["GET"]}}],"collection":[{"href":"https:\/\/www.argensend.com\/en\/wp-json\/wp\/v2\/product"}],"about":[{"href":"https:\/\/www.argensend.com\/en\/wp-json\/wp\/v2\/types\/product"}],"replies":[{"embeddable":true,"href":"https:\/\/www.argensend.com\/en\/wp-json\/wp\/v2\/comments?post=63151"}],"version-history":[{"count":1,"href":"https:\/\/www.argensend.com\/en\/wp-json\/wp\/v2\/product\/63151\/revisions"}],"predecessor-version":[{"id":71916,"href":"https:\/\/www.argensend.com\/en\/wp-json\/wp\/v2\/product\/63151\/revisions\/71916"}],"wp:featuredmedia":[{"embeddable":true,"href":"https:\/\/www.argensend.com\/en\/wp-json\/wp\/v2\/media\/63153"}],"wp:attachment":[{"href":"https:\/\/www.argensend.com\/en\/wp-json\/wp\/v2\/media?parent=63151"}],"wp:term":[{"taxonomy":"brand","embeddable":true,"href":"https:\/\/www.argensend.com\/en\/wp-json\/wp\/v2\/etheme_brands?post=63151"},{"taxonomy":"product_brand","embeddable":true,"href":"https:\/\/www.argensend.com\/en\/wp-json\/wp\/v2\/product_brand?post=63151"},{"taxonomy":"product_cat","embeddable":true,"href":"https:\/\/www.argensend.com\/en\/wp-json\/wp\/v2\/product_cat?post=63151"},{"taxonomy":"product_tag","embeddable":true,"href":"https:\/\/www.argensend.com\/en\/wp-json\/wp\/v2\/product_tag?post=63151"}],"curies":[{"name":"wp","href":"https:\/\/api.w.org\/{rel}","templated":true}]}}