{"id":63376,"date":"2023-03-21T14:45:59","date_gmt":"2023-03-21T17:45:59","guid":{"rendered":"https:\/\/www.argensend.com\/?post_type=product&#038;p=63376"},"modified":"2024-12-06T16:35:04","modified_gmt":"2024-12-06T19:35:04","slug":"libro-te-lo-digo-por-tu-bien-agustina-cabaleiro-im-telling-you-for-your-own-good-book","status":"publish","type":"product","link":"https:\/\/www.argensend.com\/en\/product\/libro-te-lo-digo-por-tu-bien-agustina-cabaleiro-im-telling-you-for-your-own-good-book\/","title":{"rendered":"Libro &#8220;Te Lo Digo Por Tu Bien&#8221; &#8211; Agustina Cabaleiro"},"content":{"rendered":"<p>Rese\u00f1a del libro:<br \/>\n&#8220;La primera vez que me dijeron &#8216;gorda&#8217; fue en el jard\u00edn de infantes&#8221;, cuenta Agustina Cabaleiro, alias @onlinemami_, en el comienzo de este libro. Desde muy chica supo (aprendi\u00f3 a los golpes) que su cuerpo era una marca indeleble, un estigma. Las cosas que para las dem\u00e1s parec\u00edan tan sencillas, para Agustina eran muy complicadas: la ropa, el sexo, la amistad, el trabajo y hasta una simple consulta con un m\u00e9dico por un dolor de muela. Todo parec\u00eda estar atravesado por el volumen de su cuerpo, sobre el cual por otra parte todos se sent\u00edan en el derecho de opinar. &#8220;Te lo digo por tu bien&#8221;, se justificaban. &#8220;\u00bfC\u00f3mo se supone que vas a quererte si todo el mundo te est\u00e1 diciendo todo el tiempo que no vales nada?&#8221;, se pregunta Agustina, e intenta esbozar algunas respuestas.<\/p>\n<p>Book review:<br \/>\n&#8220;The first time I was told &#8216;fat&#8217; was in kindergarten,&#8221; tells Agustina Cabaleiro, aka @onlinemami_, in the beginning of this book. From a very young age she knew (she learned the hard way) that her body was an indelible mark, a stigma. Things that for others seemed so simple, for Agustina were very complicated: clothes, sex, friendship, work and even a simple visit to a doctor for a toothache. Everything seemed to be traversed by the volume of her body, about which on the other hand everyone felt entitled to an opinion. &#8220;I&#8217;m telling you for your own good,&#8221; they justified themselves. &#8220;How are you supposed to love yourself if everyone is telling you all the time that you&#8217;re worthless?&#8221; wondered Agustina, and tried to sketch out some answers.<\/p>","protected":false},"excerpt":{"rendered":"<p>Rese\u00f1a del libro: &#8220;La primera vez que me dijeron &#8216;gorda&#8217; fue en el jard\u00edn de infantes&#8221;, cuenta Agustina Cabaleiro, alias @onlinemami_, en el comienzo de&#8230;<\/p>","protected":false},"featured_media":63377,"comment_status":"closed","ping_status":"closed","template":"","meta":{"_acf_changed":false,"om_disable_all_campaigns":false,"_monsterinsights_skip_tracking":false,"_monsterinsights_sitenote_active":false,"_monsterinsights_sitenote_note":"","_monsterinsights_sitenote_category":0},"etheme_brands":[],"product_brand":[],"product_cat":[8791,8832,685],"product_tag":[755,9726,752,9727],"class_list":{"0":"post-63376","1":"product","2":"type-product","3":"status-publish","4":"has-post-thumbnail","6":"product_cat-libreria","7":"product_cat-libreria-arte-y-cotillon","8":"product_cat-libros","9":"product_tag-book","10":"product_tag-gente-toxica","11":"product_tag-libro","12":"product_tag-toxci-people","14":"first","15":"instock","16":"taxable","17":"shipping-taxable","18":"purchasable","19":"product-type-simple"},"acf":[],"aioseo_notices":[],"_links":{"self":[{"href":"https:\/\/www.argensend.com\/en\/wp-json\/wp\/v2\/product\/63376","targetHints":{"allow":["GET"]}}],"collection":[{"href":"https:\/\/www.argensend.com\/en\/wp-json\/wp\/v2\/product"}],"about":[{"href":"https:\/\/www.argensend.com\/en\/wp-json\/wp\/v2\/types\/product"}],"replies":[{"embeddable":true,"href":"https:\/\/www.argensend.com\/en\/wp-json\/wp\/v2\/comments?post=63376"}],"version-history":[{"count":1,"href":"https:\/\/www.argensend.com\/en\/wp-json\/wp\/v2\/product\/63376\/revisions"}],"predecessor-version":[{"id":69892,"href":"https:\/\/www.argensend.com\/en\/wp-json\/wp\/v2\/product\/63376\/revisions\/69892"}],"wp:featuredmedia":[{"embeddable":true,"href":"https:\/\/www.argensend.com\/en\/wp-json\/wp\/v2\/media\/63377"}],"wp:attachment":[{"href":"https:\/\/www.argensend.com\/en\/wp-json\/wp\/v2\/media?parent=63376"}],"wp:term":[{"taxonomy":"brand","embeddable":true,"href":"https:\/\/www.argensend.com\/en\/wp-json\/wp\/v2\/etheme_brands?post=63376"},{"taxonomy":"product_brand","embeddable":true,"href":"https:\/\/www.argensend.com\/en\/wp-json\/wp\/v2\/product_brand?post=63376"},{"taxonomy":"product_cat","embeddable":true,"href":"https:\/\/www.argensend.com\/en\/wp-json\/wp\/v2\/product_cat?post=63376"},{"taxonomy":"product_tag","embeddable":true,"href":"https:\/\/www.argensend.com\/en\/wp-json\/wp\/v2\/product_tag?post=63376"}],"curies":[{"name":"wp","href":"https:\/\/api.w.org\/{rel}","templated":true}]}}