{"id":64794,"date":"2023-04-18T15:56:04","date_gmt":"2023-04-18T18:56:04","guid":{"rendered":"https:\/\/www.argensend.com\/?post_type=product&#038;p=64794"},"modified":"2024-12-06T16:35:23","modified_gmt":"2024-12-06T19:35:23","slug":"newells-old-boys-estadio-newells-old-boys-el-coloso-del-parque-model-of-newells-old-boys-stadium","status":"publish","type":"product","link":"https:\/\/www.argensend.com\/en\/product\/newells-old-boys-estadio-newells-old-boys-el-coloso-del-parque-model-of-newells-old-boys-stadium\/","title":{"rendered":"Newell&#8217;s Old Boys &#8211; Estadio Newell&#8217;s Old Boys &#8220;El Coloso del Parque&#8221;"},"content":{"rendered":"<p>ESTADIO DE NEWELL&#8217;S OLD BOYS ILUMINADO<br \/>\nR\u00e9plica arquitect\u00f3nica a escala del Estadio de Newell&#8217;s Old Boys &#8220;Coloso del Parque\u201d.<br \/>\nFabricado con tecnolog\u00eda de impresi\u00f3n 3D en Material PLA (Pl\u00e1stico biodegradable de origen vegetal).<br \/>\nIncluye fuente de alimentaci\u00f3n cableada de 12v para su iluminaci\u00f3n.<br \/>\nDimensiones: base y Estadio 17,5 cm x 14,5 cm \/ altura: 4 cm<\/p>\n<p>NEWELL&#8217;S OLD BOYS STADIUM ILLUMINATED<br \/>\nArchitectural replica to scale of Newell&#8217;s Old Boys Stadium &#8220;Colossus of the Park&#8221;.<br \/>\nManufactured with 3D printing technology in PLA material (biodegradable plastic of vegetable origin).<br \/>\nIncludes 12v wired power supply for lighting.<br \/>\nDimensions: base and stadium 17,5 cm x 14,5 cm \/ height: 4 cm<\/p>","protected":false},"excerpt":{"rendered":"<p>Este Producto Se Realiza A Pedido Y Puede Demorar Entre 5 A 7 D\u00edas Habiles<\/p>\n<p>This product is made to order and may take 5 to 7 working days.<\/p>","protected":false},"featured_media":64795,"comment_status":"closed","ping_status":"closed","template":"","meta":{"_acf_changed":false,"om_disable_all_campaigns":false,"_monsterinsights_skip_tracking":false,"_monsterinsights_sitenote_active":false,"_monsterinsights_sitenote_note":"","_monsterinsights_sitenote_category":0},"etheme_brands":[],"product_brand":[],"product_cat":[9793,3438],"product_tag":[203,234,224,162,2102,3613,3693,3697,3698,3353,1050,3694,9791,9792,3352,3692,3252,3612],"class_list":{"0":"post-64794","1":"product","2":"type-product","3":"status-publish","4":"has-post-thumbnail","6":"product_cat-club-newells-old-boys","7":"product_cat-gift-shop-merchandising","8":"product_tag-argentina","9":"product_tag-argentine","10":"product_tag-argentino","11":"product_tag-blanco","12":"product_tag-equipo","13":"product_tag-equipos","14":"product_tag-estadio","15":"product_tag-fanatic","16":"product_tag-fanaticos","17":"product_tag-football","18":"product_tag-futbol","19":"product_tag-maqueta","20":"product_tag-newells","21":"product_tag-newells-old-boys","22":"product_tag-soccer","23":"product_tag-stadium","24":"product_tag-team","25":"product_tag-teams","27":"first","28":"instock","29":"taxable","30":"shipping-taxable","31":"purchasable","32":"product-type-simple"},"acf":[],"aioseo_notices":[],"_links":{"self":[{"href":"https:\/\/www.argensend.com\/en\/wp-json\/wp\/v2\/product\/64794","targetHints":{"allow":["GET"]}}],"collection":[{"href":"https:\/\/www.argensend.com\/en\/wp-json\/wp\/v2\/product"}],"about":[{"href":"https:\/\/www.argensend.com\/en\/wp-json\/wp\/v2\/types\/product"}],"replies":[{"embeddable":true,"href":"https:\/\/www.argensend.com\/en\/wp-json\/wp\/v2\/comments?post=64794"}],"version-history":[{"count":1,"href":"https:\/\/www.argensend.com\/en\/wp-json\/wp\/v2\/product\/64794\/revisions"}],"predecessor-version":[{"id":71760,"href":"https:\/\/www.argensend.com\/en\/wp-json\/wp\/v2\/product\/64794\/revisions\/71760"}],"wp:featuredmedia":[{"embeddable":true,"href":"https:\/\/www.argensend.com\/en\/wp-json\/wp\/v2\/media\/64795"}],"wp:attachment":[{"href":"https:\/\/www.argensend.com\/en\/wp-json\/wp\/v2\/media?parent=64794"}],"wp:term":[{"taxonomy":"brand","embeddable":true,"href":"https:\/\/www.argensend.com\/en\/wp-json\/wp\/v2\/etheme_brands?post=64794"},{"taxonomy":"product_brand","embeddable":true,"href":"https:\/\/www.argensend.com\/en\/wp-json\/wp\/v2\/product_brand?post=64794"},{"taxonomy":"product_cat","embeddable":true,"href":"https:\/\/www.argensend.com\/en\/wp-json\/wp\/v2\/product_cat?post=64794"},{"taxonomy":"product_tag","embeddable":true,"href":"https:\/\/www.argensend.com\/en\/wp-json\/wp\/v2\/product_tag?post=64794"}],"curies":[{"name":"wp","href":"https:\/\/api.w.org\/{rel}","templated":true}]}}