{"id":64804,"date":"2023-04-18T16:14:46","date_gmt":"2023-04-18T19:14:46","guid":{"rendered":"https:\/\/www.argensend.com\/?post_type=product&#038;p=64804"},"modified":"2024-12-06T16:35:23","modified_gmt":"2024-12-06T19:35:23","slug":"lanus-estadio-lanus-con-luces-model-of-lanus-stadium-with-lights-2","status":"publish","type":"product","link":"https:\/\/www.argensend.com\/en\/product\/lanus-estadio-lanus-con-luces-model-of-lanus-stadium-with-lights-2\/","title":{"rendered":"Lan\u00fas &#8211; Estadio Lan\u00fas con Luces"},"content":{"rendered":"<p>ESTADIO DE LAN\u00daS ILUMINADO<br \/>\nR\u00e9plica arquitect\u00f3nica a escala del Estadio de Lan\u00fas.<br \/>\nCaracter\u00edsticas:<br \/>\nFabricado con tecnolog\u00eda de impresi\u00f3n 3D en Material PLA (Pl\u00e1stico biodegradable de origen vegetal).<br \/>\nIncluye fuente de alimentaci\u00f3n cableada de 12v para su iluminaci\u00f3n.<br \/>\nDimensiones: base y Estadio 17,5 cm x 14,5 cm \/ altura: 4 cm<\/p>\n<p>LAN\u00daS STADIUM ILLUMINATED<br \/>\nArchitectural replica to scale of Lan\u00fas Stadium.<br \/>\nFeatures:<br \/>\nManufactured with 3D printing technology in PLA Material (biodegradable plastic of vegetable origin).<br \/>\nIncludes 12v wired power supply for lighting.<br \/>\nDimensions: base and stadium 17,5 cm x 14,5 cm \/ height: 4 cm.<\/p>","protected":false},"excerpt":{"rendered":"<p>Este Producto Se Realiza A Pedido Y Puede Demorar Entre 5 A 7 D\u00edas Habiles<\/p>\n<p>This product is made to order and may take 5 to 7 working days.<\/p>","protected":false},"featured_media":64801,"comment_status":"closed","ping_status":"closed","template":"","meta":{"_acf_changed":false,"om_disable_all_campaigns":false,"_monsterinsights_skip_tracking":false,"_monsterinsights_sitenote_active":false,"_monsterinsights_sitenote_note":"","_monsterinsights_sitenote_category":0,"jetpack_post_was_ever_published":false},"etheme_brands":[],"product_brand":[],"product_cat":[9794,3438],"product_tag":[203,234,224,3613,3693,9798,3697,3698,3353,1050,94,1081,9796,3694,3695,92,3352,3692,3252,3612],"class_list":{"0":"post-64804","1":"product","2":"type-product","3":"status-publish","4":"has-post-thumbnail","6":"product_cat-club-lanus","7":"product_cat-gift-shop-merchandising","8":"product_tag-argentina","9":"product_tag-argentine","10":"product_tag-argentino","11":"product_tag-equipos","12":"product_tag-estadio","13":"product_tag-estadio-lanus","14":"product_tag-fanatic","15":"product_tag-fanaticos","16":"product_tag-football","17":"product_tag-futbol","18":"product_tag-gift","19":"product_tag-home","20":"product_tag-lanus","21":"product_tag-maqueta","22":"product_tag-model","23":"product_tag-regalo","24":"product_tag-soccer","25":"product_tag-stadium","26":"product_tag-team","27":"product_tag-teams","29":"first","30":"instock","31":"taxable","32":"shipping-taxable","33":"purchasable","34":"product-type-simple"},"acf":[],"aioseo_notices":[],"jetpack_sharing_enabled":true,"_links":{"self":[{"href":"https:\/\/www.argensend.com\/en\/wp-json\/wp\/v2\/product\/64804","targetHints":{"allow":["GET"]}}],"collection":[{"href":"https:\/\/www.argensend.com\/en\/wp-json\/wp\/v2\/product"}],"about":[{"href":"https:\/\/www.argensend.com\/en\/wp-json\/wp\/v2\/types\/product"}],"replies":[{"embeddable":true,"href":"https:\/\/www.argensend.com\/en\/wp-json\/wp\/v2\/comments?post=64804"}],"version-history":[{"count":2,"href":"https:\/\/www.argensend.com\/en\/wp-json\/wp\/v2\/product\/64804\/revisions"}],"predecessor-version":[{"id":71757,"href":"https:\/\/www.argensend.com\/en\/wp-json\/wp\/v2\/product\/64804\/revisions\/71757"}],"wp:featuredmedia":[{"embeddable":true,"href":"https:\/\/www.argensend.com\/en\/wp-json\/wp\/v2\/media\/64801"}],"wp:attachment":[{"href":"https:\/\/www.argensend.com\/en\/wp-json\/wp\/v2\/media?parent=64804"}],"wp:term":[{"taxonomy":"brand","embeddable":true,"href":"https:\/\/www.argensend.com\/en\/wp-json\/wp\/v2\/etheme_brands?post=64804"},{"taxonomy":"product_brand","embeddable":true,"href":"https:\/\/www.argensend.com\/en\/wp-json\/wp\/v2\/product_brand?post=64804"},{"taxonomy":"product_cat","embeddable":true,"href":"https:\/\/www.argensend.com\/en\/wp-json\/wp\/v2\/product_cat?post=64804"},{"taxonomy":"product_tag","embeddable":true,"href":"https:\/\/www.argensend.com\/en\/wp-json\/wp\/v2\/product_tag?post=64804"}],"curies":[{"name":"wp","href":"https:\/\/api.w.org\/{rel}","templated":true}]}}