{"id":64818,"date":"2023-04-18T16:39:20","date_gmt":"2023-04-18T19:39:20","guid":{"rendered":"https:\/\/www.argensend.com\/?post_type=product&#038;p=64818"},"modified":"2024-12-06T16:35:24","modified_gmt":"2024-12-06T19:35:24","slug":"racing-estadio-racing-el-cilindro-de-avellaneda-con-luces-model-of-racing-stadium-with-lights","status":"publish","type":"product","link":"https:\/\/www.argensend.com\/en\/product\/racing-estadio-racing-el-cilindro-de-avellaneda-con-luces-model-of-racing-stadium-with-lights\/","title":{"rendered":"Racing &#8211; Estadio Racing &#8220;El Cilindro de Avellaneda&#8221; con Luces"},"content":{"rendered":"<p>ESTADIO DE RACING ILUMINADO<br \/>\nR\u00e9plica arquitect\u00f3nica a escala del Estadio de Racing \u201cCilindro de Avellaneda\u201d.<br \/>\nCaracter\u00edsticas:<br \/>\nFabricado con tecnolog\u00eda de impresi\u00f3n 3D en Material PLA (Pl\u00e1stico biodegradable de origen vegetal).<br \/>\nIncluye fuente de alimentaci\u00f3n cableada de 12v para su iluminaci\u00f3n.<br \/>\nDimensiones: base y Estadio 17,5 cm x 14,5 cm \/ altura: 4 cm<\/p>\n<p>RACING STADIUM ILLUMINATED<br \/>\nArchitectural replica to scale of the Racing Stadium &#8220;Cilindro de Avellaneda&#8221;.<br \/>\nFeatures:<br \/>\nManufactured with 3D printing technology in PLA Material (Biodegradable plastic of vegetable origin).<br \/>\nIncludes 12v wired power supply for lighting.<br \/>\nDimensions: base and Stadium 17,5 cm x 14,5 cm \/ height: 4 cm<\/p>","protected":false},"excerpt":{"rendered":"<p>Este Producto Se Realiza A Pedido Y Puede Demorar Entre 5 A 7 D\u00edas Habiles<\/p>\n<p>This product is made to order and may take 5 to 7 working days.<\/p>","protected":false},"featured_media":64819,"comment_status":"closed","ping_status":"closed","template":"","meta":{"_acf_changed":false,"om_disable_all_campaigns":false,"_monsterinsights_skip_tracking":false,"_monsterinsights_sitenote_active":false,"_monsterinsights_sitenote_note":"","_monsterinsights_sitenote_category":0},"etheme_brands":[],"product_brand":[],"product_cat":[5276,3438],"product_tag":[203,234,224,3613,3693,9802,3697,3698,3353,1050,94,1081,3694,3695,3614,5871,92,3352,3692,3252,3612],"class_list":{"0":"post-64818","1":"product","2":"type-product","3":"status-publish","4":"has-post-thumbnail","6":"product_cat-racing","7":"product_cat-gift-shop-merchandising","8":"product_tag-argentina","9":"product_tag-argentine","10":"product_tag-argentino","11":"product_tag-equipos","12":"product_tag-estadio","13":"product_tag-estadio-racing","14":"product_tag-fanatic","15":"product_tag-fanaticos","16":"product_tag-football","17":"product_tag-futbol","18":"product_tag-gift","19":"product_tag-home","20":"product_tag-maqueta","21":"product_tag-model","22":"product_tag-racing","23":"product_tag-racing-club","24":"product_tag-regalo","25":"product_tag-soccer","26":"product_tag-stadium","27":"product_tag-team","28":"product_tag-teams","30":"first","31":"instock","32":"taxable","33":"shipping-taxable","34":"purchasable","35":"product-type-simple"},"acf":[],"aioseo_notices":[],"_links":{"self":[{"href":"https:\/\/www.argensend.com\/en\/wp-json\/wp\/v2\/product\/64818","targetHints":{"allow":["GET"]}}],"collection":[{"href":"https:\/\/www.argensend.com\/en\/wp-json\/wp\/v2\/product"}],"about":[{"href":"https:\/\/www.argensend.com\/en\/wp-json\/wp\/v2\/types\/product"}],"replies":[{"embeddable":true,"href":"https:\/\/www.argensend.com\/en\/wp-json\/wp\/v2\/comments?post=64818"}],"version-history":[{"count":2,"href":"https:\/\/www.argensend.com\/en\/wp-json\/wp\/v2\/product\/64818\/revisions"}],"predecessor-version":[{"id":71752,"href":"https:\/\/www.argensend.com\/en\/wp-json\/wp\/v2\/product\/64818\/revisions\/71752"}],"wp:featuredmedia":[{"embeddable":true,"href":"https:\/\/www.argensend.com\/en\/wp-json\/wp\/v2\/media\/64819"}],"wp:attachment":[{"href":"https:\/\/www.argensend.com\/en\/wp-json\/wp\/v2\/media?parent=64818"}],"wp:term":[{"taxonomy":"brand","embeddable":true,"href":"https:\/\/www.argensend.com\/en\/wp-json\/wp\/v2\/etheme_brands?post=64818"},{"taxonomy":"product_brand","embeddable":true,"href":"https:\/\/www.argensend.com\/en\/wp-json\/wp\/v2\/product_brand?post=64818"},{"taxonomy":"product_cat","embeddable":true,"href":"https:\/\/www.argensend.com\/en\/wp-json\/wp\/v2\/product_cat?post=64818"},{"taxonomy":"product_tag","embeddable":true,"href":"https:\/\/www.argensend.com\/en\/wp-json\/wp\/v2\/product_tag?post=64818"}],"curies":[{"name":"wp","href":"https:\/\/api.w.org\/{rel}","templated":true}]}}