{"id":64821,"date":"2023-04-18T16:43:56","date_gmt":"2023-04-18T19:43:56","guid":{"rendered":"https:\/\/www.argensend.com\/?post_type=product&#038;p=64821"},"modified":"2024-12-06T16:35:24","modified_gmt":"2024-12-06T19:35:24","slug":"river-plate-estadio-river-mas-monumental-con-luces-model-of-river-stadium-with-lights","status":"publish","type":"product","link":"https:\/\/www.argensend.com\/en\/product\/river-plate-estadio-river-mas-monumental-con-luces-model-of-river-stadium-with-lights\/","title":{"rendered":"River Plate &#8211; Estadio River &#8220;M\u00e1s Monumental&#8221; con Luces"},"content":{"rendered":"<p>ESTADIO DE RIVER PLATE ILUMINADO<br \/>\nR\u00e9plica arquitect\u00f3nica a escala del Estadio de River Plate \u201cM\u00e1s Monumental\u201d.<br \/>\nCaracter\u00edsticas:<br \/>\nFabricado con tecnolog\u00eda de impresi\u00f3n 3D en Material PLA (Pl\u00e1stico biodegradable de origen vegetal).<br \/>\nIncluye fuente de alimentaci\u00f3n cableada de 12v para su iluminaci\u00f3n.<br \/>\nDimensiones: base y Estadio 17,5 cm x 14,5 cm \/ altura: 4 cm<\/p>\n<p>RIVER PLATE STADIUM ILLUMINATED<br \/>\nArchitectural replica to scale of the River Plate Stadium &#8220;M\u00e1s Monumental&#8221;.<br \/>\nFeatures:<br \/>\nManufactured with 3D printing technology in PLA Material (Biodegradable plastic of vegetable origin).<br \/>\nIncludes 12v wired power supply for lighting.<br \/>\nDimensions: base and Stadium 17.5 cm x 14.5 cm \/ height: 4 cm<\/p>","protected":false},"excerpt":{"rendered":"<p>Este Producto Se Realiza A Pedido Y Puede Demorar Entre 5 A 7 D\u00edas Habiles<\/p>\n<p>This product is made to order and may take 5 to 7 working days.<\/p>","protected":false},"featured_media":64822,"comment_status":"closed","ping_status":"closed","template":"","meta":{"_acf_changed":false,"om_disable_all_campaigns":false,"_monsterinsights_skip_tracking":false,"_monsterinsights_sitenote_active":false,"_monsterinsights_sitenote_note":"","_monsterinsights_sitenote_category":0},"etheme_brands":[],"product_brand":[],"product_cat":[1024,3438],"product_tag":[203,234,224,3613,3693,9803,3697,3698,3353,1050,7575,94,1081,3694,3695,4698,92,1049,1151,3352,3692,3252,3612],"class_list":{"0":"post-64821","1":"product","2":"type-product","3":"status-publish","4":"has-post-thumbnail","6":"product_cat-river-plate","7":"product_cat-gift-shop-merchandising","8":"product_tag-argentina","9":"product_tag-argentine","10":"product_tag-argentino","11":"product_tag-equipos","12":"product_tag-estadio","13":"product_tag-estadio-river","14":"product_tag-fanatic","15":"product_tag-fanaticos","16":"product_tag-football","17":"product_tag-futbol","18":"product_tag-gallinas","19":"product_tag-gift","20":"product_tag-home","21":"product_tag-maqueta","22":"product_tag-model","23":"product_tag-monumental","24":"product_tag-regalo","25":"product_tag-river","26":"product_tag-river-plate","27":"product_tag-soccer","28":"product_tag-stadium","29":"product_tag-team","30":"product_tag-teams","32":"first","33":"instock","34":"taxable","35":"shipping-taxable","36":"purchasable","37":"product-type-simple"},"acf":[],"aioseo_notices":[],"_links":{"self":[{"href":"https:\/\/www.argensend.com\/en\/wp-json\/wp\/v2\/product\/64821","targetHints":{"allow":["GET"]}}],"collection":[{"href":"https:\/\/www.argensend.com\/en\/wp-json\/wp\/v2\/product"}],"about":[{"href":"https:\/\/www.argensend.com\/en\/wp-json\/wp\/v2\/types\/product"}],"replies":[{"embeddable":true,"href":"https:\/\/www.argensend.com\/en\/wp-json\/wp\/v2\/comments?post=64821"}],"version-history":[{"count":2,"href":"https:\/\/www.argensend.com\/en\/wp-json\/wp\/v2\/product\/64821\/revisions"}],"predecessor-version":[{"id":71751,"href":"https:\/\/www.argensend.com\/en\/wp-json\/wp\/v2\/product\/64821\/revisions\/71751"}],"wp:featuredmedia":[{"embeddable":true,"href":"https:\/\/www.argensend.com\/en\/wp-json\/wp\/v2\/media\/64822"}],"wp:attachment":[{"href":"https:\/\/www.argensend.com\/en\/wp-json\/wp\/v2\/media?parent=64821"}],"wp:term":[{"taxonomy":"brand","embeddable":true,"href":"https:\/\/www.argensend.com\/en\/wp-json\/wp\/v2\/etheme_brands?post=64821"},{"taxonomy":"product_brand","embeddable":true,"href":"https:\/\/www.argensend.com\/en\/wp-json\/wp\/v2\/product_brand?post=64821"},{"taxonomy":"product_cat","embeddable":true,"href":"https:\/\/www.argensend.com\/en\/wp-json\/wp\/v2\/product_cat?post=64821"},{"taxonomy":"product_tag","embeddable":true,"href":"https:\/\/www.argensend.com\/en\/wp-json\/wp\/v2\/product_tag?post=64821"}],"curies":[{"name":"wp","href":"https:\/\/api.w.org\/{rel}","templated":true}]}}