{"id":65059,"date":"2023-04-25T15:09:02","date_gmt":"2023-04-25T18:09:02","guid":{"rendered":"https:\/\/www.argensend.com\/?post_type=product&#038;p=65059"},"modified":"2024-12-06T16:35:30","modified_gmt":"2024-12-06T19:35:30","slug":"fidelite-mascara-capilar-mythical-argan-negra-full-1000-ml-mythical-argan-black-full-hair-mask-33-81-fl-oz","status":"publish","type":"product","link":"https:\/\/www.argensend.com\/en\/product\/fidelite-mascara-capilar-mythical-argan-negra-full-1000-ml-mythical-argan-black-full-hair-mask-33-81-fl-oz\/","title":{"rendered":"Fidelite &#8211; Mascara Capilar Mythical Argan Negra Full 1000ml"},"content":{"rendered":"","protected":false},"excerpt":{"rendered":"<p>Es para todo tipo de cabellos. Est\u00e1 hecha a base de aceite virgen de arg\u00e1n. Es un tratamiento anti-age que combate y retarda el envejecimiento capilar. Otorga hidrataci\u00f3n profunda y nutrici\u00f3n intensa. Devuelve la vitalidad perdida al cabello proporcionando una textura ligera y un incre\u00edble brillo instant\u00e1neo. Posee filtros UV y UVB que protegen al cabello de los rayos ultravioleta. Antifrizz.<\/p>\n<p>EN:<\/p>\n<p>It is for all hair types. It is made from virgin argan oil. It is an anti-age treatment that fights and slows down hair aging. It provides deep hydration and intense nourishment. It restores lost vitality to the hair providing a light texture and an incredible instant shine. It has UV and UVB filters that protect hair from ultraviolet rays. Anti-frizz.<\/p>","protected":false},"featured_media":65060,"comment_status":"closed","ping_status":"closed","template":"","meta":{"_acf_changed":false,"om_disable_all_campaigns":false,"_monsterinsights_skip_tracking":false,"_monsterinsights_sitenote_active":false,"_monsterinsights_sitenote_note":"","_monsterinsights_sitenote_category":0},"etheme_brands":[],"product_brand":[],"product_cat":[4453],"product_tag":[1022,456,467,9199,3931,6494,3356,1868,8849],"class_list":{"0":"post-65059","1":"product","2":"type-product","3":"status-publish","4":"has-post-thumbnail","6":"product_cat-salud-y-belleza-vegana","7":"product_tag-cabello","8":"product_tag-crema","9":"product_tag-crema-en-pote","10":"product_tag-curlers","11":"product_tag-hair","12":"product_tag-hidratacion","13":"product_tag-mascara","14":"product_tag-oleo","15":"product_tag-peinar","17":"first","18":"instock","19":"taxable","20":"shipping-taxable","21":"purchasable","22":"product-type-simple"},"acf":[],"aioseo_notices":[],"_links":{"self":[{"href":"https:\/\/www.argensend.com\/en\/wp-json\/wp\/v2\/product\/65059","targetHints":{"allow":["GET"]}}],"collection":[{"href":"https:\/\/www.argensend.com\/en\/wp-json\/wp\/v2\/product"}],"about":[{"href":"https:\/\/www.argensend.com\/en\/wp-json\/wp\/v2\/types\/product"}],"replies":[{"embeddable":true,"href":"https:\/\/www.argensend.com\/en\/wp-json\/wp\/v2\/comments?post=65059"}],"version-history":[{"count":2,"href":"https:\/\/www.argensend.com\/en\/wp-json\/wp\/v2\/product\/65059\/revisions"}],"predecessor-version":[{"id":104812,"href":"https:\/\/www.argensend.com\/en\/wp-json\/wp\/v2\/product\/65059\/revisions\/104812"}],"wp:featuredmedia":[{"embeddable":true,"href":"https:\/\/www.argensend.com\/en\/wp-json\/wp\/v2\/media\/65060"}],"wp:attachment":[{"href":"https:\/\/www.argensend.com\/en\/wp-json\/wp\/v2\/media?parent=65059"}],"wp:term":[{"taxonomy":"brand","embeddable":true,"href":"https:\/\/www.argensend.com\/en\/wp-json\/wp\/v2\/etheme_brands?post=65059"},{"taxonomy":"product_brand","embeddable":true,"href":"https:\/\/www.argensend.com\/en\/wp-json\/wp\/v2\/product_brand?post=65059"},{"taxonomy":"product_cat","embeddable":true,"href":"https:\/\/www.argensend.com\/en\/wp-json\/wp\/v2\/product_cat?post=65059"},{"taxonomy":"product_tag","embeddable":true,"href":"https:\/\/www.argensend.com\/en\/wp-json\/wp\/v2\/product_tag?post=65059"}],"curies":[{"name":"wp","href":"https:\/\/api.w.org\/{rel}","templated":true}]}}