{"id":65067,"date":"2023-04-25T15:32:24","date_gmt":"2023-04-25T18:32:24","guid":{"rendered":"https:\/\/www.argensend.com\/?post_type=product&#038;p=65067"},"modified":"2024-12-06T16:35:31","modified_gmt":"2024-12-06T19:35:31","slug":"fidelite-acondicionador-corrector-tonos-7-9-neutraliza-230-ml-conditioner-corrector-shades-7-9-neutralizes-7-77-fl-oz","status":"publish","type":"product","link":"https:\/\/www.argensend.com\/en\/product\/fidelite-acondicionador-corrector-tonos-7-9-neutraliza-230-ml-conditioner-corrector-shades-7-9-neutralizes-7-77-fl-oz\/","title":{"rendered":"Fidelite &#8211; Acondicionador Corrector Tonos 7\/9 Neutraliza 230ml"},"content":{"rendered":"","protected":false},"excerpt":{"rendered":"<p>Acondicionador que nivela el color y reduce los tonos amarillos y anaranjados indeseados, obteniendo el caracter\u00edstico rubio correspondiente a las alturas 7 y 9. Devuelve brillo y vitalidad al cabello maltratado luego del proceso de coloraci\u00f3n, gracias a su alto contenido de Keratina. Es un producto de r\u00e1pida acci\u00f3n, ya que los activos de su f\u00f3rmula comienzan a actuar al cabo de s\u00f3lo 3 minutos de aplicaci\u00f3n.<\/p>\n<p>EN:<\/p>\n<p>Conditioner that evens out color and reduces unwanted yellow and orange tones, obtaining the characteristic blond corresponding to heights 7 and 9. It restores shine and vitality to damaged hair after the coloring process, thanks to its high Keratin content. It is a fast-acting product, since the active ingredients of its formula begin to act after only 3 minutes of application.<\/p>","protected":false},"featured_media":65068,"comment_status":"closed","ping_status":"closed","template":"","meta":{"_acf_changed":false,"om_disable_all_campaigns":false,"_monsterinsights_skip_tracking":false,"_monsterinsights_sitenote_active":false,"_monsterinsights_sitenote_note":"","_monsterinsights_sitenote_category":0},"etheme_brands":[],"product_brand":[],"product_cat":[4453],"product_tag":[1022,456,467,9199,3931,6494,3356,1868,8849],"class_list":{"0":"post-65067","1":"product","2":"type-product","3":"status-publish","4":"has-post-thumbnail","6":"product_cat-salud-y-belleza-vegana","7":"product_tag-cabello","8":"product_tag-crema","9":"product_tag-crema-en-pote","10":"product_tag-curlers","11":"product_tag-hair","12":"product_tag-hidratacion","13":"product_tag-mascara","14":"product_tag-oleo","15":"product_tag-peinar","17":"first","18":"instock","19":"taxable","20":"shipping-taxable","21":"purchasable","22":"product-type-simple"},"acf":[],"aioseo_notices":[],"_links":{"self":[{"href":"https:\/\/www.argensend.com\/en\/wp-json\/wp\/v2\/product\/65067","targetHints":{"allow":["GET"]}}],"collection":[{"href":"https:\/\/www.argensend.com\/en\/wp-json\/wp\/v2\/product"}],"about":[{"href":"https:\/\/www.argensend.com\/en\/wp-json\/wp\/v2\/types\/product"}],"replies":[{"embeddable":true,"href":"https:\/\/www.argensend.com\/en\/wp-json\/wp\/v2\/comments?post=65067"}],"version-history":[{"count":2,"href":"https:\/\/www.argensend.com\/en\/wp-json\/wp\/v2\/product\/65067\/revisions"}],"predecessor-version":[{"id":104815,"href":"https:\/\/www.argensend.com\/en\/wp-json\/wp\/v2\/product\/65067\/revisions\/104815"}],"wp:featuredmedia":[{"embeddable":true,"href":"https:\/\/www.argensend.com\/en\/wp-json\/wp\/v2\/media\/65068"}],"wp:attachment":[{"href":"https:\/\/www.argensend.com\/en\/wp-json\/wp\/v2\/media?parent=65067"}],"wp:term":[{"taxonomy":"brand","embeddable":true,"href":"https:\/\/www.argensend.com\/en\/wp-json\/wp\/v2\/etheme_brands?post=65067"},{"taxonomy":"product_brand","embeddable":true,"href":"https:\/\/www.argensend.com\/en\/wp-json\/wp\/v2\/product_brand?post=65067"},{"taxonomy":"product_cat","embeddable":true,"href":"https:\/\/www.argensend.com\/en\/wp-json\/wp\/v2\/product_cat?post=65067"},{"taxonomy":"product_tag","embeddable":true,"href":"https:\/\/www.argensend.com\/en\/wp-json\/wp\/v2\/product_tag?post=65067"}],"curies":[{"name":"wp","href":"https:\/\/api.w.org\/{rel}","templated":true}]}}