{"id":65092,"date":"2023-04-25T16:26:11","date_gmt":"2023-04-25T19:26:11","guid":{"rendered":"https:\/\/www.argensend.com\/?post_type=product&#038;p=65092"},"modified":"2025-07-20T22:44:03","modified_gmt":"2025-07-21T01:44:03","slug":"arapegua-yerba-mate-organica-canchada-500-gr-yerba-mate-organic-yerba-mate-canchada-500-gr","status":"publish","type":"product","link":"https:\/\/www.argensend.com\/en\/product\/arapegua-yerba-mate-organica-canchada-500-gr-yerba-mate-organic-yerba-mate-canchada-500-gr\/","title":{"rendered":"Arapegu\u00e1 &#8211; Yerba Mate Organica Canchada 500gr"},"content":{"rendered":"<p>Yerba Mate Canchada, Org\u00e1nica.<br \/>\nLa yerba mate canchada es una Yerba Mate integral, la hoja y el palo pasan por zarandas clasificadoras y una m\u00ednima molienda. Resultando un producto con mayor tama\u00f1o de hoja y palo, apto para el cl\u00e1sico terer\u00e9 (mate fr\u00edo) o en caliente especial para los tomadores que la hacen laaarga ya que al tener mayor tama\u00f1o la hoja necesita mas tiempo para destilar sus cualidades, logrando que una cebada dure muchas, muchas horas sin tener que renovar el mate.<\/p>","protected":false},"excerpt":{"rendered":"<p>Yerba Mate Arapegua<\/p>","protected":false},"featured_media":65094,"comment_status":"closed","ping_status":"closed","template":"","meta":{"_acf_changed":false,"om_disable_all_campaigns":false,"_monsterinsights_skip_tracking":false,"_monsterinsights_sitenote_active":false,"_monsterinsights_sitenote_note":"","_monsterinsights_sitenote_category":0},"etheme_brands":[],"product_brand":[],"product_cat":[2124],"product_tag":[203,7969,613,165,4130,166,163],"class_list":{"0":"post-65092","1":"product","2":"type-product","3":"status-publish","4":"has-post-thumbnail","6":"product_cat-yerbas","7":"product_tag-argentina","8":"product_tag-cultura","9":"product_tag-gaucho","10":"product_tag-mate","11":"product_tag-organic","12":"product_tag-organica","13":"product_tag-yerba","15":"first","16":"instock","17":"taxable","18":"shipping-taxable","19":"purchasable","20":"product-type-simple"},"acf":[],"aioseo_notices":[],"_links":{"self":[{"href":"https:\/\/www.argensend.com\/en\/wp-json\/wp\/v2\/product\/65092","targetHints":{"allow":["GET"]}}],"collection":[{"href":"https:\/\/www.argensend.com\/en\/wp-json\/wp\/v2\/product"}],"about":[{"href":"https:\/\/www.argensend.com\/en\/wp-json\/wp\/v2\/types\/product"}],"replies":[{"embeddable":true,"href":"https:\/\/www.argensend.com\/en\/wp-json\/wp\/v2\/comments?post=65092"}],"version-history":[{"count":6,"href":"https:\/\/www.argensend.com\/en\/wp-json\/wp\/v2\/product\/65092\/revisions"}],"predecessor-version":[{"id":132576,"href":"https:\/\/www.argensend.com\/en\/wp-json\/wp\/v2\/product\/65092\/revisions\/132576"}],"wp:featuredmedia":[{"embeddable":true,"href":"https:\/\/www.argensend.com\/en\/wp-json\/wp\/v2\/media\/65094"}],"wp:attachment":[{"href":"https:\/\/www.argensend.com\/en\/wp-json\/wp\/v2\/media?parent=65092"}],"wp:term":[{"taxonomy":"brand","embeddable":true,"href":"https:\/\/www.argensend.com\/en\/wp-json\/wp\/v2\/etheme_brands?post=65092"},{"taxonomy":"product_brand","embeddable":true,"href":"https:\/\/www.argensend.com\/en\/wp-json\/wp\/v2\/product_brand?post=65092"},{"taxonomy":"product_cat","embeddable":true,"href":"https:\/\/www.argensend.com\/en\/wp-json\/wp\/v2\/product_cat?post=65092"},{"taxonomy":"product_tag","embeddable":true,"href":"https:\/\/www.argensend.com\/en\/wp-json\/wp\/v2\/product_tag?post=65092"}],"curies":[{"name":"wp","href":"https:\/\/api.w.org\/{rel}","templated":true}]}}