{"id":65182,"date":"2023-04-26T10:46:22","date_gmt":"2023-04-26T13:46:22","guid":{"rendered":"https:\/\/www.argensend.com\/?post_type=product&#038;p=65182"},"modified":"2024-12-06T16:35:41","modified_gmt":"2024-12-06T19:35:41","slug":"fidelite-protector-termico-para-cabello-anti-age-argan-120ml-anti-age-argan-thermal-hair-protector-4-05-fl-oz","status":"publish","type":"product","link":"https:\/\/www.argensend.com\/en\/product\/fidelite-protector-termico-para-cabello-anti-age-argan-120ml-anti-age-argan-thermal-hair-protector-4-05-fl-oz\/","title":{"rendered":"Fidelite &#8211; Protector Termico para Cabello Anti Age Argan 120ml"},"content":{"rendered":"<p>Es un tratamiento capilar formulado a base de aceite org\u00e1nico de Arg\u00e1n. Genera una pel\u00edcula que envuelve la fibra capilar protegi\u00e9ndola del calor extremo. Aporta hidrataci\u00f3n profunda y nutrici\u00f3n intensa al cabello. Proporciona brillo, suavidad e hidrataci\u00f3n. Posee filtro UV que protege al cabello de los rayos ultravioleta. Contiene Benzofenona-3. No contiene agua.<\/p>\n<p>EN:<\/p>\n<p>It is a hair treatment formulated with organic Argan oil. It generates a film that envelops the hair fiber, protecting it from extreme heat. Provides deep hydration and intense nourishment to the hair. Provides shine, softness and hydration. Has UV filter that protects hair from ultraviolet rays. Contains Benzophenone-3. Does not contain water.<\/p>","protected":false},"excerpt":{"rendered":"<p>Es un tratamiento capilar formulado a base de aceite org\u00e1nico de Arg\u00e1n. Genera una pel\u00edcula que envuelve la fibra capilar protegi\u00e9ndola del calor extremo. Aporta&#8230;<\/p>","protected":false},"featured_media":65183,"comment_status":"closed","ping_status":"closed","template":"","meta":{"_acf_changed":false,"om_disable_all_campaigns":false,"_monsterinsights_skip_tracking":false,"_monsterinsights_sitenote_active":false,"_monsterinsights_sitenote_note":"","_monsterinsights_sitenote_category":0},"etheme_brands":[],"product_brand":[],"product_cat":[4453],"product_tag":[1022,456,467,9199,3931,6494,3356,1868,8849],"class_list":{"0":"post-65182","1":"product","2":"type-product","3":"status-publish","4":"has-post-thumbnail","6":"product_cat-salud-y-belleza-vegana","7":"product_tag-cabello","8":"product_tag-crema","9":"product_tag-crema-en-pote","10":"product_tag-curlers","11":"product_tag-hair","12":"product_tag-hidratacion","13":"product_tag-mascara","14":"product_tag-oleo","15":"product_tag-peinar","17":"first","18":"instock","19":"taxable","20":"shipping-taxable","21":"purchasable","22":"product-type-simple"},"acf":[],"aioseo_notices":[],"_links":{"self":[{"href":"https:\/\/www.argensend.com\/en\/wp-json\/wp\/v2\/product\/65182","targetHints":{"allow":["GET"]}}],"collection":[{"href":"https:\/\/www.argensend.com\/en\/wp-json\/wp\/v2\/product"}],"about":[{"href":"https:\/\/www.argensend.com\/en\/wp-json\/wp\/v2\/types\/product"}],"replies":[{"embeddable":true,"href":"https:\/\/www.argensend.com\/en\/wp-json\/wp\/v2\/comments?post=65182"}],"version-history":[{"count":2,"href":"https:\/\/www.argensend.com\/en\/wp-json\/wp\/v2\/product\/65182\/revisions"}],"predecessor-version":[{"id":107585,"href":"https:\/\/www.argensend.com\/en\/wp-json\/wp\/v2\/product\/65182\/revisions\/107585"}],"wp:featuredmedia":[{"embeddable":true,"href":"https:\/\/www.argensend.com\/en\/wp-json\/wp\/v2\/media\/65183"}],"wp:attachment":[{"href":"https:\/\/www.argensend.com\/en\/wp-json\/wp\/v2\/media?parent=65182"}],"wp:term":[{"taxonomy":"brand","embeddable":true,"href":"https:\/\/www.argensend.com\/en\/wp-json\/wp\/v2\/etheme_brands?post=65182"},{"taxonomy":"product_brand","embeddable":true,"href":"https:\/\/www.argensend.com\/en\/wp-json\/wp\/v2\/product_brand?post=65182"},{"taxonomy":"product_cat","embeddable":true,"href":"https:\/\/www.argensend.com\/en\/wp-json\/wp\/v2\/product_cat?post=65182"},{"taxonomy":"product_tag","embeddable":true,"href":"https:\/\/www.argensend.com\/en\/wp-json\/wp\/v2\/product_tag?post=65182"}],"curies":[{"name":"wp","href":"https:\/\/api.w.org\/{rel}","templated":true}]}}