{"id":65211,"date":"2023-04-26T11:50:54","date_gmt":"2023-04-26T14:50:54","guid":{"rendered":"https:\/\/www.argensend.com\/?post_type=product&#038;p=65211"},"modified":"2024-12-06T16:35:44","modified_gmt":"2024-12-06T19:35:44","slug":"fidelite-mascara-acida-crema-capilar-color-master-1000-gr-color-master-acid-mask-hair-color-cream-35-27-oz","status":"publish","type":"product","link":"https:\/\/www.argensend.com\/en\/product\/fidelite-mascara-acida-crema-capilar-color-master-1000-gr-color-master-acid-mask-hair-color-cream-35-27-oz\/","title":{"rendered":"Fidelite &#8211; Mascara Acida Crema Capilar Color Master 1000gr"},"content":{"rendered":"<div class=\"texto\">\n<p>Fue desarrollada para ser aplicada luego del uso de Coloraci\u00f3n crema de belleza para el cabello Colormaster. Gracias a su pH extra \u00e1cido logra restaurar el cabello en su totalidad, sella la fibra capilar y fija el color. Otorga una hidrataci\u00f3n profunda, logrando como resultado cabellos saludables y con brillo. Gran poder desenredante.<\/p>\n<\/div>\n<div class=\"modo_empleo\">EN:<\/div>\n<div><\/div>\n<div>It was developed to be applied after the use of Colormaster hair coloring beauty cream. Thanks to its extra acid pH, it restores the hair in its entirety, seals the hair fiber and fixes the color. Provides deep hydration, resulting in healthy and shiny hair. Great detangling power.<\/div>","protected":false},"excerpt":{"rendered":"<p>Fue desarrollada para ser aplicada luego del uso de Coloraci\u00f3n crema de belleza para el cabello Colormaster. Gracias a su pH extra \u00e1cido logra restaurar&#8230;<\/p>","protected":false},"featured_media":65212,"comment_status":"closed","ping_status":"closed","template":"","meta":{"_acf_changed":false,"om_disable_all_campaigns":false,"_monsterinsights_skip_tracking":false,"_monsterinsights_sitenote_active":false,"_monsterinsights_sitenote_note":"","_monsterinsights_sitenote_category":0},"etheme_brands":[],"product_brand":[],"product_cat":[4453],"product_tag":[1022,456,467,9199,3931,6494,3356,1868,8849],"class_list":{"0":"post-65211","1":"product","2":"type-product","3":"status-publish","4":"has-post-thumbnail","6":"product_cat-salud-y-belleza-vegana","7":"product_tag-cabello","8":"product_tag-crema","9":"product_tag-crema-en-pote","10":"product_tag-curlers","11":"product_tag-hair","12":"product_tag-hidratacion","13":"product_tag-mascara","14":"product_tag-oleo","15":"product_tag-peinar","17":"first","18":"instock","19":"taxable","20":"shipping-taxable","21":"purchasable","22":"product-type-simple"},"acf":[],"aioseo_notices":[],"_links":{"self":[{"href":"https:\/\/www.argensend.com\/en\/wp-json\/wp\/v2\/product\/65211","targetHints":{"allow":["GET"]}}],"collection":[{"href":"https:\/\/www.argensend.com\/en\/wp-json\/wp\/v2\/product"}],"about":[{"href":"https:\/\/www.argensend.com\/en\/wp-json\/wp\/v2\/types\/product"}],"replies":[{"embeddable":true,"href":"https:\/\/www.argensend.com\/en\/wp-json\/wp\/v2\/comments?post=65211"}],"version-history":[{"count":2,"href":"https:\/\/www.argensend.com\/en\/wp-json\/wp\/v2\/product\/65211\/revisions"}],"predecessor-version":[{"id":104857,"href":"https:\/\/www.argensend.com\/en\/wp-json\/wp\/v2\/product\/65211\/revisions\/104857"}],"wp:featuredmedia":[{"embeddable":true,"href":"https:\/\/www.argensend.com\/en\/wp-json\/wp\/v2\/media\/65212"}],"wp:attachment":[{"href":"https:\/\/www.argensend.com\/en\/wp-json\/wp\/v2\/media?parent=65211"}],"wp:term":[{"taxonomy":"brand","embeddable":true,"href":"https:\/\/www.argensend.com\/en\/wp-json\/wp\/v2\/etheme_brands?post=65211"},{"taxonomy":"product_brand","embeddable":true,"href":"https:\/\/www.argensend.com\/en\/wp-json\/wp\/v2\/product_brand?post=65211"},{"taxonomy":"product_cat","embeddable":true,"href":"https:\/\/www.argensend.com\/en\/wp-json\/wp\/v2\/product_cat?post=65211"},{"taxonomy":"product_tag","embeddable":true,"href":"https:\/\/www.argensend.com\/en\/wp-json\/wp\/v2\/product_tag?post=65211"}],"curies":[{"name":"wp","href":"https:\/\/api.w.org\/{rel}","templated":true}]}}