{"id":65213,"date":"2023-04-26T11:59:27","date_gmt":"2023-04-26T14:59:27","guid":{"rendered":"https:\/\/www.argensend.com\/?post_type=product&#038;p=65213"},"modified":"2024-12-06T16:35:44","modified_gmt":"2024-12-06T19:35:44","slug":"fidelite-12-ampollas-reestructurante-semillas-de-lino-12-restructuring-flax-seed-ampoules","status":"publish","type":"product","link":"https:\/\/www.argensend.com\/en\/product\/fidelite-12-ampollas-reestructurante-semillas-de-lino-12-restructuring-flax-seed-ampoules\/","title":{"rendered":"Fidelite &#8211; Ampollas Nutritivo Instant\u00e1neo 12 15ml"},"content":{"rendered":"","protected":false},"excerpt":{"rendered":"<div class=\"texto\">\n<p>Desarrollo \u00fanico para cabellos opacos, debilitados y quebradizos, expuestos a agresiones. Repara instant\u00e1neamente el da\u00f1o gracias a la acci\u00f3n nutritiva e hidrante del D-Pantenol y la Vitamina B6. Cabello sano y luminoso. Alto poder desenredante.<\/p>\n<\/div>\n<div class=\"modo_empleo\"><\/div>","protected":false},"featured_media":77579,"comment_status":"closed","ping_status":"closed","template":"","meta":{"_acf_changed":false,"om_disable_all_campaigns":false,"_monsterinsights_skip_tracking":false,"_monsterinsights_sitenote_active":false,"_monsterinsights_sitenote_note":"","_monsterinsights_sitenote_category":0},"etheme_brands":[],"product_brand":[],"product_cat":[4453],"product_tag":[1022,456,467,9199,3931,6494,3356,1868,8849],"class_list":{"0":"post-65213","1":"product","2":"type-product","3":"status-publish","4":"has-post-thumbnail","6":"product_cat-salud-y-belleza-vegana","7":"product_tag-cabello","8":"product_tag-crema","9":"product_tag-crema-en-pote","10":"product_tag-curlers","11":"product_tag-hair","12":"product_tag-hidratacion","13":"product_tag-mascara","14":"product_tag-oleo","15":"product_tag-peinar","17":"first","18":"instock","19":"taxable","20":"shipping-taxable","21":"purchasable","22":"product-type-simple"},"acf":[],"aioseo_notices":[],"_links":{"self":[{"href":"https:\/\/www.argensend.com\/en\/wp-json\/wp\/v2\/product\/65213","targetHints":{"allow":["GET"]}}],"collection":[{"href":"https:\/\/www.argensend.com\/en\/wp-json\/wp\/v2\/product"}],"about":[{"href":"https:\/\/www.argensend.com\/en\/wp-json\/wp\/v2\/types\/product"}],"replies":[{"embeddable":true,"href":"https:\/\/www.argensend.com\/en\/wp-json\/wp\/v2\/comments?post=65213"}],"version-history":[{"count":5,"href":"https:\/\/www.argensend.com\/en\/wp-json\/wp\/v2\/product\/65213\/revisions"}],"predecessor-version":[{"id":104858,"href":"https:\/\/www.argensend.com\/en\/wp-json\/wp\/v2\/product\/65213\/revisions\/104858"}],"wp:featuredmedia":[{"embeddable":true,"href":"https:\/\/www.argensend.com\/en\/wp-json\/wp\/v2\/media\/77579"}],"wp:attachment":[{"href":"https:\/\/www.argensend.com\/en\/wp-json\/wp\/v2\/media?parent=65213"}],"wp:term":[{"taxonomy":"brand","embeddable":true,"href":"https:\/\/www.argensend.com\/en\/wp-json\/wp\/v2\/etheme_brands?post=65213"},{"taxonomy":"product_brand","embeddable":true,"href":"https:\/\/www.argensend.com\/en\/wp-json\/wp\/v2\/product_brand?post=65213"},{"taxonomy":"product_cat","embeddable":true,"href":"https:\/\/www.argensend.com\/en\/wp-json\/wp\/v2\/product_cat?post=65213"},{"taxonomy":"product_tag","embeddable":true,"href":"https:\/\/www.argensend.com\/en\/wp-json\/wp\/v2\/product_tag?post=65213"}],"curies":[{"name":"wp","href":"https:\/\/api.w.org\/{rel}","templated":true}]}}