{"id":65232,"date":"2023-04-26T12:30:53","date_gmt":"2023-04-26T15:30:53","guid":{"rendered":"https:\/\/www.argensend.com\/?post_type=product&#038;p=65232"},"modified":"2024-12-06T16:35:45","modified_gmt":"2024-12-06T19:35:45","slug":"fidelite-color-express-coloracion-s-amoniaco-30-ml-x3-unidades-color-express-coloring-without-ammonia-1-01-fl-oz-x3-units","status":"publish","type":"product","link":"https:\/\/www.argensend.com\/en\/product\/fidelite-color-express-coloracion-s-amoniaco-30-ml-x3-unidades-color-express-coloring-without-ammonia-1-01-fl-oz-x3-units\/","title":{"rendered":"Fidelite &#8211; Color Express Coloracion S\/amoniaco 30ml &#8211; 3 Unidades"},"content":{"rendered":"<p>Propone un tratamiento r\u00e1pido y eficaz para lograr una coloraci\u00f3n capilar natural de forma instant\u00e1nea.\u00a0 Con una f\u00f3rmula totalmente libre de amon\u00edaco, matiza las canas proporcionando un color m\u00e1s delicado que aquel que se obtiene mediante la tintura convencional \u00a0y se va retirando progresivamente con los sucesivos lavados.<\/p>\n<p>Es un producto de r\u00e1pida acci\u00f3n, ideal para aquellas personas que buscan obtener resultados inmediatos. Su composici\u00f3n l\u00edquida, lo\u00a0 convierte en un producto sumamente rendidor, permitiendo realizar una mayor cantidad de aplicaciones. Brinda un resultado fresco y natural cubriendo las canas en un 70%.<\/p>\n<p>EN:<\/p>\n<p>It offers a fast and effective treatment for instant natural hair coloring. With a totally ammonia-free formula, it shades gray hair, providing a more delicate color than that obtained by conventional dyeing and is progressively removed with successive washes.<\/p>\n<p>It is a fast-acting product, ideal for those seeking immediate results. Its liquid composition makes it an extremely efficient product, allowing a greater number of applications. It provides a fresh and natural result covering 70% of gray hair.<\/p>","protected":false},"excerpt":{"rendered":"<p>Propone un tratamiento r\u00e1pido y eficaz para lograr una coloraci\u00f3n capilar natural de forma instant\u00e1nea.\u00a0 Con una f\u00f3rmula totalmente libre de amon\u00edaco, matiza las canas&#8230;<\/p>","protected":false},"featured_media":65233,"comment_status":"closed","ping_status":"closed","template":"","meta":{"_acf_changed":false,"om_disable_all_campaigns":false,"_monsterinsights_skip_tracking":false,"_monsterinsights_sitenote_active":false,"_monsterinsights_sitenote_note":"","_monsterinsights_sitenote_category":0},"etheme_brands":[],"product_brand":[],"product_cat":[4453],"product_tag":[1022,456,467,9199,3931,6494,3356,1868,8849],"class_list":{"0":"post-65232","1":"product","2":"type-product","3":"status-publish","4":"has-post-thumbnail","6":"product_cat-salud-y-belleza-vegana","7":"product_tag-cabello","8":"product_tag-crema","9":"product_tag-crema-en-pote","10":"product_tag-curlers","11":"product_tag-hair","12":"product_tag-hidratacion","13":"product_tag-mascara","14":"product_tag-oleo","15":"product_tag-peinar","17":"first","18":"instock","19":"taxable","20":"shipping-taxable","21":"purchasable","22":"product-type-simple"},"acf":[],"aioseo_notices":[],"_links":{"self":[{"href":"https:\/\/www.argensend.com\/en\/wp-json\/wp\/v2\/product\/65232","targetHints":{"allow":["GET"]}}],"collection":[{"href":"https:\/\/www.argensend.com\/en\/wp-json\/wp\/v2\/product"}],"about":[{"href":"https:\/\/www.argensend.com\/en\/wp-json\/wp\/v2\/types\/product"}],"replies":[{"embeddable":true,"href":"https:\/\/www.argensend.com\/en\/wp-json\/wp\/v2\/comments?post=65232"}],"version-history":[{"count":2,"href":"https:\/\/www.argensend.com\/en\/wp-json\/wp\/v2\/product\/65232\/revisions"}],"predecessor-version":[{"id":104864,"href":"https:\/\/www.argensend.com\/en\/wp-json\/wp\/v2\/product\/65232\/revisions\/104864"}],"wp:featuredmedia":[{"embeddable":true,"href":"https:\/\/www.argensend.com\/en\/wp-json\/wp\/v2\/media\/65233"}],"wp:attachment":[{"href":"https:\/\/www.argensend.com\/en\/wp-json\/wp\/v2\/media?parent=65232"}],"wp:term":[{"taxonomy":"brand","embeddable":true,"href":"https:\/\/www.argensend.com\/en\/wp-json\/wp\/v2\/etheme_brands?post=65232"},{"taxonomy":"product_brand","embeddable":true,"href":"https:\/\/www.argensend.com\/en\/wp-json\/wp\/v2\/product_brand?post=65232"},{"taxonomy":"product_cat","embeddable":true,"href":"https:\/\/www.argensend.com\/en\/wp-json\/wp\/v2\/product_cat?post=65232"},{"taxonomy":"product_tag","embeddable":true,"href":"https:\/\/www.argensend.com\/en\/wp-json\/wp\/v2\/product_tag?post=65232"}],"curies":[{"name":"wp","href":"https:\/\/api.w.org\/{rel}","templated":true}]}}