{"id":65282,"date":"2023-04-27T17:18:07","date_gmt":"2023-04-27T20:18:07","guid":{"rendered":"https:\/\/www.argensend.com\/?post_type=product&#038;p=65282"},"modified":"2024-12-06T16:35:50","modified_gmt":"2024-12-06T19:35:50","slug":"fidelite-tintura-negra-1-black-1-dye","status":"publish","type":"product","link":"https:\/\/www.argensend.com\/en\/product\/fidelite-tintura-negra-1-black-1-dye\/","title":{"rendered":"Fidelite &#8211; Tintura Negra 1"},"content":{"rendered":"<p>Extraordinaria coloraci\u00f3n en crema que fusiona el poder de los extractos de CAVIAR, KERATINA y QUINOA con una cuidadosa selecci\u00f3n de componentes de alta tecnolog\u00eda para formar el exclusivo CAVIAR COLOR COMPLEX (CCC).<\/p>\n<p>La Keratina, brinda un cabello m\u00e1s sano y radiante, acompa\u00f1ado del Caviar, que aporta nutrici\u00f3n y luminosidad.<\/p>\n<p>El extracto de Quinoa, act\u00faa en el n\u00facleo de la fibra capilar permitiendo una total cobertura de canas y un color intenso, duradero que no se va tras los lavados.<\/p>\n<p>Trata el cabello en profundidad mientras le aporta color, otorgando suavidad en cada fibra capilar. Colores radiantes e intensos. Cabello sano y sin frizz.<\/p>\n<hr \/>\n<p>Extraordinary coloring cream that fuses the power of CAVIAR, KERATIN and QUINOA extracts with a careful selection of high technology components to form the exclusive CAVIAR COLOR COMPLEX (CCC).<\/p>\n<p>Keratin provides healthier and more radiant hair, together with Caviar, which provides nourishment and radiance.<\/p>\n<p>Quinoa extract acts on the core of the hair fiber, allowing total coverage of gray hair and an intense, long-lasting color that does not fade after washing.<\/p>\n<p>Treats the hair in depth while providing color, giving softness to each hair fiber. Radiant and intense color. Healthy, frizz-free hair.<\/p>","protected":false},"excerpt":{"rendered":"<p>Extraordinaria coloraci\u00f3n en crema que fusiona el poder de los extractos de CAVIAR, KERATINA y QUINOA con una cuidadosa selecci\u00f3n de componentes de alta tecnolog\u00eda&#8230;<\/p>","protected":false},"featured_media":65285,"comment_status":"closed","ping_status":"closed","template":"","meta":{"_acf_changed":false,"om_disable_all_campaigns":false,"_monsterinsights_skip_tracking":false,"_monsterinsights_sitenote_active":false,"_monsterinsights_sitenote_note":"","_monsterinsights_sitenote_category":0},"etheme_brands":[],"product_brand":[],"product_cat":[4453],"product_tag":[1022,456,467,9199,3931,6494,3356,1868,8849],"class_list":{"0":"post-65282","1":"product","2":"type-product","3":"status-publish","4":"has-post-thumbnail","6":"product_cat-salud-y-belleza-vegana","7":"product_tag-cabello","8":"product_tag-crema","9":"product_tag-crema-en-pote","10":"product_tag-curlers","11":"product_tag-hair","12":"product_tag-hidratacion","13":"product_tag-mascara","14":"product_tag-oleo","15":"product_tag-peinar","17":"first","18":"instock","19":"taxable","20":"shipping-taxable","21":"purchasable","22":"product-type-simple"},"acf":[],"aioseo_notices":[],"_links":{"self":[{"href":"https:\/\/www.argensend.com\/en\/wp-json\/wp\/v2\/product\/65282","targetHints":{"allow":["GET"]}}],"collection":[{"href":"https:\/\/www.argensend.com\/en\/wp-json\/wp\/v2\/product"}],"about":[{"href":"https:\/\/www.argensend.com\/en\/wp-json\/wp\/v2\/types\/product"}],"replies":[{"embeddable":true,"href":"https:\/\/www.argensend.com\/en\/wp-json\/wp\/v2\/comments?post=65282"}],"version-history":[{"count":1,"href":"https:\/\/www.argensend.com\/en\/wp-json\/wp\/v2\/product\/65282\/revisions"}],"predecessor-version":[{"id":71632,"href":"https:\/\/www.argensend.com\/en\/wp-json\/wp\/v2\/product\/65282\/revisions\/71632"}],"wp:featuredmedia":[{"embeddable":true,"href":"https:\/\/www.argensend.com\/en\/wp-json\/wp\/v2\/media\/65285"}],"wp:attachment":[{"href":"https:\/\/www.argensend.com\/en\/wp-json\/wp\/v2\/media?parent=65282"}],"wp:term":[{"taxonomy":"brand","embeddable":true,"href":"https:\/\/www.argensend.com\/en\/wp-json\/wp\/v2\/etheme_brands?post=65282"},{"taxonomy":"product_brand","embeddable":true,"href":"https:\/\/www.argensend.com\/en\/wp-json\/wp\/v2\/product_brand?post=65282"},{"taxonomy":"product_cat","embeddable":true,"href":"https:\/\/www.argensend.com\/en\/wp-json\/wp\/v2\/product_cat?post=65282"},{"taxonomy":"product_tag","embeddable":true,"href":"https:\/\/www.argensend.com\/en\/wp-json\/wp\/v2\/product_tag?post=65282"}],"curies":[{"name":"wp","href":"https:\/\/api.w.org\/{rel}","templated":true}]}}