{"id":65291,"date":"2023-04-27T17:34:23","date_gmt":"2023-04-27T20:34:23","guid":{"rendered":"https:\/\/www.argensend.com\/?post_type=product&#038;p=65291"},"modified":"2024-12-06T16:35:51","modified_gmt":"2024-12-06T19:35:51","slug":"fidelite-revelador-oxidante-40-vol-caviar-900-ml-caviar-40-vol-oxidizing-developer-30-43-fl-oz","status":"publish","type":"product","link":"https:\/\/www.argensend.com\/en\/product\/fidelite-revelador-oxidante-40-vol-caviar-900-ml-caviar-40-vol-oxidizing-developer-30-43-fl-oz\/","title":{"rendered":"Fidelite &#8211; Revelador Oxidante 40 vol Caviar 900ml"},"content":{"rendered":"<div class=\"texto\">\n<p>Desarrollado para mezclar \u00fanicamente con COLORACI\u00d3N EN CREMA CAVIAR. Permite una aplicaci\u00f3n localizada y controlable. Viscosidad \u00f3ptima. Evita el resecamiento. Con una exquisita fragancia.<\/p>\n<\/div>\n<hr \/>\n<div class=\"texto\">\n<p>Developed to be mixed only with CAVIAR CREAM COLORATION. Allows a localized and controllable application. Optimum viscosity. Prevents drying. With an exquisite fragrance.<\/p>\n<\/div>\n<div class=\"modo_empleo\"><\/div>","protected":false},"excerpt":{"rendered":"<p>Desarrollado para mezclar \u00fanicamente con COLORACI\u00d3N EN CREMA CAVIAR. Permite una aplicaci\u00f3n localizada y controlable. Viscosidad \u00f3ptima. Evita el resecamiento. Con una exquisita fragancia. Developed&#8230;<\/p>","protected":false},"featured_media":65292,"comment_status":"closed","ping_status":"closed","template":"","meta":{"_acf_changed":false,"om_disable_all_campaigns":false,"_monsterinsights_skip_tracking":false,"_monsterinsights_sitenote_active":false,"_monsterinsights_sitenote_note":"","_monsterinsights_sitenote_category":0},"etheme_brands":[],"product_brand":[],"product_cat":[4453],"product_tag":[1022,456,467,9199,3931,6494,3356,1868,8849],"class_list":{"0":"post-65291","1":"product","2":"type-product","3":"status-publish","4":"has-post-thumbnail","6":"product_cat-salud-y-belleza-vegana","7":"product_tag-cabello","8":"product_tag-crema","9":"product_tag-crema-en-pote","10":"product_tag-curlers","11":"product_tag-hair","12":"product_tag-hidratacion","13":"product_tag-mascara","14":"product_tag-oleo","15":"product_tag-peinar","17":"first","18":"instock","19":"taxable","20":"shipping-taxable","21":"purchasable","22":"product-type-simple"},"acf":[],"aioseo_notices":[],"_links":{"self":[{"href":"https:\/\/www.argensend.com\/en\/wp-json\/wp\/v2\/product\/65291","targetHints":{"allow":["GET"]}}],"collection":[{"href":"https:\/\/www.argensend.com\/en\/wp-json\/wp\/v2\/product"}],"about":[{"href":"https:\/\/www.argensend.com\/en\/wp-json\/wp\/v2\/types\/product"}],"replies":[{"embeddable":true,"href":"https:\/\/www.argensend.com\/en\/wp-json\/wp\/v2\/comments?post=65291"}],"version-history":[{"count":2,"href":"https:\/\/www.argensend.com\/en\/wp-json\/wp\/v2\/product\/65291\/revisions"}],"predecessor-version":[{"id":104873,"href":"https:\/\/www.argensend.com\/en\/wp-json\/wp\/v2\/product\/65291\/revisions\/104873"}],"wp:featuredmedia":[{"embeddable":true,"href":"https:\/\/www.argensend.com\/en\/wp-json\/wp\/v2\/media\/65292"}],"wp:attachment":[{"href":"https:\/\/www.argensend.com\/en\/wp-json\/wp\/v2\/media?parent=65291"}],"wp:term":[{"taxonomy":"brand","embeddable":true,"href":"https:\/\/www.argensend.com\/en\/wp-json\/wp\/v2\/etheme_brands?post=65291"},{"taxonomy":"product_brand","embeddable":true,"href":"https:\/\/www.argensend.com\/en\/wp-json\/wp\/v2\/product_brand?post=65291"},{"taxonomy":"product_cat","embeddable":true,"href":"https:\/\/www.argensend.com\/en\/wp-json\/wp\/v2\/product_cat?post=65291"},{"taxonomy":"product_tag","embeddable":true,"href":"https:\/\/www.argensend.com\/en\/wp-json\/wp\/v2\/product_tag?post=65291"}],"curies":[{"name":"wp","href":"https:\/\/api.w.org\/{rel}","templated":true}]}}