{"id":65376,"date":"2023-04-28T16:48:24","date_gmt":"2023-04-28T19:48:24","guid":{"rendered":"https:\/\/www.argensend.com\/?post_type=product&#038;p=65376"},"modified":"2024-12-06T16:35:51","modified_gmt":"2024-12-06T19:35:51","slug":"libro-moscu-y-san-petersburgo-guia-de-turismo-escapada-azul","status":"publish","type":"product","link":"https:\/\/www.argensend.com\/en\/product\/libro-moscu-y-san-petersburgo-guia-de-turismo-escapada-azul\/","title":{"rendered":"Libro Moscu y San Petersburgo Gu\u00eda de Turismo &#8211; Escapada Azul"},"content":{"rendered":"","protected":false},"excerpt":{"rendered":"<p>MOSCU Y SAN PETERSBURGO &#8211; ESCAPADA AZUL<br \/>\nJesus Garcia Marin<\/p>\n<p>Editorial: Gaesa<br \/>\nP\u00e1ginas: 160<br \/>\nIdioma: Espa\u00f1ol<br \/>\nISBN: 9788416408689<br \/>\nClasificaci\u00f3n: Guias Y Mapas &#8211; Guias De Turismo &#8211; AsiaRese\u00f1a del libro:<br \/>\nEscapada Azul es una gu\u00eda pr\u00e1ctica, c\u00f3moda y b\u00e1sica para conocer lo esencial de las ciudades m\u00e1s importantes del mundo.Mosc\u00fa durante siglos fue capital de todas las Rusias, luego de la URSS y pa\u00edses sat\u00e9lites, y ahora de una Rusia emergente. Todo ese paso se revive paseando por sus calles y anillos en forma de grandes avenidas. De la antigua Rusia sobresale el enorme complejo del Kremlin. Del per\u00edodo sovi\u00e9tico destacan, adem\u00e1s de la plaza Roja, las rascacielos estalinistas llamados los Siete Hermanos m\u00e1s las estaciones de metro denominados Palacios del Pueblo. Uno de los museos m\u00e1s importantes del orbe est\u00e1 en Mosc\u00fa: la Galer\u00eda Tetriakov. La ciudad en los \u00faltimos a\u00f1os se ha llenado de tiendas exclusivas, de clubes y restaurantes selectos.San Petersburgo al tener el m\u00e1s urbano y acompasado de los estilos arquitect\u00f3nicos es casi toda ella un escenario hist\u00f3rico y una de las ciudades m\u00e1s bellas del mundo. Levantada por deseo de Pedro el Grande (s. XVIII), su traza viene definida por la huella neocl\u00e1sica del arquitecto Rastrelli, por los canales y malecones del r\u00edo Neva, por la incomparable Perspectiva Nevski llena de tiendas y por los suntuosos palacios de sus alrededores.La gu\u00eda contiene informaci\u00f3n pr\u00e1ctica de c\u00f3mo llegar, alojamiento, dinero, restaurantes, medios de transporte, compras, lugares de inter\u00e9s tur\u00edstico, entre otros. Adem\u00e1s incluye planos detallados del lugar.<\/p>","protected":false},"featured_media":65377,"comment_status":"closed","ping_status":"closed","template":"","meta":{"_acf_changed":false,"om_disable_all_campaigns":false,"_monsterinsights_skip_tracking":false,"_monsterinsights_sitenote_active":false,"_monsterinsights_sitenote_note":"","_monsterinsights_sitenote_category":0},"etheme_brands":[],"product_brand":[],"product_cat":[685,4227],"product_tag":[203,9599,755,4732,7969,2980,3829,9601,3731,9598,752,4733,9600,6966],"class_list":{"0":"post-65376","1":"product","2":"type-product","3":"status-publish","4":"has-post-thumbnail","6":"product_cat-libros","7":"product_cat-libros-infantiles-juveniles","8":"product_tag-argentina","9":"product_tag-azurduy","10":"product_tag-book","11":"product_tag-books","12":"product_tag-cultura","13":"product_tag-del","14":"product_tag-espanol","15":"product_tag-guemes","16":"product_tag-historia","17":"product_tag-juana","18":"product_tag-libro","19":"product_tag-libros","20":"product_tag-machaca","21":"product_tag-valle","23":"first","24":"instock","25":"taxable","26":"shipping-taxable","27":"purchasable","28":"product-type-simple"},"acf":[],"aioseo_notices":[],"_links":{"self":[{"href":"https:\/\/www.argensend.com\/en\/wp-json\/wp\/v2\/product\/65376","targetHints":{"allow":["GET"]}}],"collection":[{"href":"https:\/\/www.argensend.com\/en\/wp-json\/wp\/v2\/product"}],"about":[{"href":"https:\/\/www.argensend.com\/en\/wp-json\/wp\/v2\/types\/product"}],"replies":[{"embeddable":true,"href":"https:\/\/www.argensend.com\/en\/wp-json\/wp\/v2\/comments?post=65376"}],"version-history":[{"count":3,"href":"https:\/\/www.argensend.com\/en\/wp-json\/wp\/v2\/product\/65376\/revisions"}],"predecessor-version":[{"id":107317,"href":"https:\/\/www.argensend.com\/en\/wp-json\/wp\/v2\/product\/65376\/revisions\/107317"}],"wp:featuredmedia":[{"embeddable":true,"href":"https:\/\/www.argensend.com\/en\/wp-json\/wp\/v2\/media\/65377"}],"wp:attachment":[{"href":"https:\/\/www.argensend.com\/en\/wp-json\/wp\/v2\/media?parent=65376"}],"wp:term":[{"taxonomy":"brand","embeddable":true,"href":"https:\/\/www.argensend.com\/en\/wp-json\/wp\/v2\/etheme_brands?post=65376"},{"taxonomy":"product_brand","embeddable":true,"href":"https:\/\/www.argensend.com\/en\/wp-json\/wp\/v2\/product_brand?post=65376"},{"taxonomy":"product_cat","embeddable":true,"href":"https:\/\/www.argensend.com\/en\/wp-json\/wp\/v2\/product_cat?post=65376"},{"taxonomy":"product_tag","embeddable":true,"href":"https:\/\/www.argensend.com\/en\/wp-json\/wp\/v2\/product_tag?post=65376"}],"curies":[{"name":"wp","href":"https:\/\/api.w.org\/{rel}","templated":true}]}}