{"id":65380,"date":"2023-04-28T16:52:35","date_gmt":"2023-04-28T19:52:35","guid":{"rendered":"https:\/\/www.argensend.com\/?post_type=product&#038;p=65380"},"modified":"2024-12-06T16:35:51","modified_gmt":"2024-12-06T19:35:51","slug":"libro-malasia-singapur-brunei-guia-de-turismo-guia-azul","status":"publish","type":"product","link":"https:\/\/www.argensend.com\/en\/product\/libro-malasia-singapur-brunei-guia-de-turismo-guia-azul\/","title":{"rendered":"Libro Malasia &#8211; Singapur &#8211; Brunei Gu\u00eda de Turismo &#8211; Gu\u00eda Azul"},"content":{"rendered":"","protected":false},"excerpt":{"rendered":"<p>MALASIA &#8211; SINGAPUR &#8211; BRUNEI &#8211; GUIA AZUL<br \/>\nLuis Mazarrasa Mowinckel<\/p>\n<p>Editorial: Gaesa<br \/>\nP\u00e1ginas: 380<br \/>\nIdioma: Espa\u00f1ol<br \/>\nISBN: 9788416766932<br \/>\nClasificaci\u00f3n: Guias Y Mapas &#8211; Guias De Turismo &#8211; Asia<\/p>\n<p>Rese\u00f1a del libro:<br \/>\nMalasia, Singapur y Brunei, tres pa\u00edses bastante diferentes entre s\u00ed, est\u00e1n situados en una de las zonas m\u00e1s atractivas del Globo para los viajeros: el Sureste Asi\u00e1tico. Malasia ofrece junglas v\u00edrgenes, playas inmaculadas de aguas cristalinas y arrecifes de coral poblados por miles de peces de colores, casi dos docenas de parques nacionales y reservas, hogar de una variad\u00edsima flora y fauna, y algunas ciudades interesantes, mientras que Singapur, una ciudad preciosa sobre una peque\u00f1a isla, pugna por situarse a la cabeza de las urbes m\u00e1s tecnol\u00f3gicas del planeta. Los tres pa\u00edses presentan una fascinante mezcla de abor\u00edgenes, chinos e indios y juntos constituyen uno de los pueblos m\u00e1s gentil y hospitalario hacia el viajero.Esa misma amalgama de gentes tiene su l\u00f3gico reflejo en todos los \u00e1mbitos de su h\u00e1bitat: la gastronom\u00eda, con una exuberante fusi\u00f3n de influencias malayas, chinas, indias \u00bflas manifestaciones culturales, como la m\u00fasica y la arquitectura \u00bfBrunei, un sultanato misterioso y muy poco visitado, merece la pena cuando se viaja desde una regi\u00f3n malaya a otra en el norte de la gran isla de Borneo, famosa por sus parques nacionales donde a\u00fan saltan en libertad los \u00faltimos orangutanes del mundo.<\/p>","protected":false},"featured_media":65382,"comment_status":"open","ping_status":"closed","template":"","meta":{"_acf_changed":false,"om_disable_all_campaigns":false,"_monsterinsights_skip_tracking":false,"_monsterinsights_sitenote_active":false,"_monsterinsights_sitenote_note":"","_monsterinsights_sitenote_category":0},"etheme_brands":[],"product_brand":[],"product_cat":[685,4227],"product_tag":[203,9599,755,4732,7969,2980,3829,9601,3731,9598,752,4733,9600,6966],"class_list":{"0":"post-65380","1":"product","2":"type-product","3":"status-publish","4":"has-post-thumbnail","6":"product_cat-libros","7":"product_cat-libros-infantiles-juveniles","8":"product_tag-argentina","9":"product_tag-azurduy","10":"product_tag-book","11":"product_tag-books","12":"product_tag-cultura","13":"product_tag-del","14":"product_tag-espanol","15":"product_tag-guemes","16":"product_tag-historia","17":"product_tag-juana","18":"product_tag-libro","19":"product_tag-libros","20":"product_tag-machaca","21":"product_tag-valle","23":"first","24":"instock","25":"taxable","26":"shipping-taxable","27":"purchasable","28":"product-type-simple"},"acf":[],"aioseo_notices":[],"_links":{"self":[{"href":"https:\/\/www.argensend.com\/en\/wp-json\/wp\/v2\/product\/65380","targetHints":{"allow":["GET"]}}],"collection":[{"href":"https:\/\/www.argensend.com\/en\/wp-json\/wp\/v2\/product"}],"about":[{"href":"https:\/\/www.argensend.com\/en\/wp-json\/wp\/v2\/types\/product"}],"replies":[{"embeddable":true,"href":"https:\/\/www.argensend.com\/en\/wp-json\/wp\/v2\/comments?post=65380"}],"version-history":[{"count":3,"href":"https:\/\/www.argensend.com\/en\/wp-json\/wp\/v2\/product\/65380\/revisions"}],"predecessor-version":[{"id":107315,"href":"https:\/\/www.argensend.com\/en\/wp-json\/wp\/v2\/product\/65380\/revisions\/107315"}],"wp:featuredmedia":[{"embeddable":true,"href":"https:\/\/www.argensend.com\/en\/wp-json\/wp\/v2\/media\/65382"}],"wp:attachment":[{"href":"https:\/\/www.argensend.com\/en\/wp-json\/wp\/v2\/media?parent=65380"}],"wp:term":[{"taxonomy":"brand","embeddable":true,"href":"https:\/\/www.argensend.com\/en\/wp-json\/wp\/v2\/etheme_brands?post=65380"},{"taxonomy":"product_brand","embeddable":true,"href":"https:\/\/www.argensend.com\/en\/wp-json\/wp\/v2\/product_brand?post=65380"},{"taxonomy":"product_cat","embeddable":true,"href":"https:\/\/www.argensend.com\/en\/wp-json\/wp\/v2\/product_cat?post=65380"},{"taxonomy":"product_tag","embeddable":true,"href":"https:\/\/www.argensend.com\/en\/wp-json\/wp\/v2\/product_tag?post=65380"}],"curies":[{"name":"wp","href":"https:\/\/api.w.org\/{rel}","templated":true}]}}