{"id":65733,"date":"2023-05-02T10:36:13","date_gmt":"2023-05-02T13:36:13","guid":{"rendered":"https:\/\/www.argensend.com\/?post_type=product&#038;p=65733"},"modified":"2024-12-06T16:35:52","modified_gmt":"2024-12-06T19:35:52","slug":"libro-nueva-york-guia-de-turismo-guia-azul","status":"publish","type":"product","link":"https:\/\/www.argensend.com\/en\/product\/libro-nueva-york-guia-de-turismo-guia-azul\/","title":{"rendered":"Libro Nueva York Gu\u00eda de Turismo &#8211; Gu\u00eda Azul"},"content":{"rendered":"","protected":false},"excerpt":{"rendered":"<p>NUEVA YORK &#8211; GUIA AZUL<br \/>\nManuel Monreal Iglesias<\/p>\n<p>Editorial: Ediciones Gaesa<br \/>\nP\u00e1ginas: 315<br \/>\nIdioma: Espa\u00f1ol<br \/>\nISBN: 9788416408832<br \/>\nClasificaci\u00f3n: Guias Y Mapas &#8211; Guias De Turismo &#8211; America Del Norte<\/p>\n<p>Rese\u00f1a del libro:<br \/>\nCon esta gu\u00eda de viajes sobre Nueva York el viajero tendr\u00e1 toda la informaci\u00f3n a su alcance. Contiene un cap\u00edtulo introductorio con consejos varios antes del viaje: Agencias de viaje, cu\u00e1ndo ir, embajadas, seguridad, equipaje, medicina preventiva o presupuesto. Informaci\u00f3n general de la zona: perfil geogr\u00e1fico, clima, vegetaci\u00f3n, fauna y flora, historia, poblaci\u00f3n, cultura, econom\u00eda, tradiciones, gastronom\u00eda o idioma.Adem\u00e1s ofrece informaci\u00f3n pr\u00e1ctica sobre alojamientos, sanidad, horarios comerciales o transporte. Con cap\u00edtulos especiales sobre lo imprescindible a visitar y lugares de inter\u00e9s, as\u00ed como extensas secciones dedicadas a las ciudades y lugares tur\u00edsticos m\u00e1s importantes de Nueva York. Se completa con cartograf\u00eda.<\/p>","protected":false},"featured_media":65734,"comment_status":"closed","ping_status":"closed","template":"","meta":{"_acf_changed":false,"om_disable_all_campaigns":false,"_monsterinsights_skip_tracking":false,"_monsterinsights_sitenote_active":false,"_monsterinsights_sitenote_note":"","_monsterinsights_sitenote_category":0},"etheme_brands":[],"product_brand":[],"product_cat":[685,4227],"product_tag":[203,9599,755,4732,7969,2980,3829,9601,3731,9598,752,4733,9600,6966],"class_list":{"0":"post-65733","1":"product","2":"type-product","3":"status-publish","4":"has-post-thumbnail","6":"product_cat-libros","7":"product_cat-libros-infantiles-juveniles","8":"product_tag-argentina","9":"product_tag-azurduy","10":"product_tag-book","11":"product_tag-books","12":"product_tag-cultura","13":"product_tag-del","14":"product_tag-espanol","15":"product_tag-guemes","16":"product_tag-historia","17":"product_tag-juana","18":"product_tag-libro","19":"product_tag-libros","20":"product_tag-machaca","21":"product_tag-valle","23":"first","24":"instock","25":"taxable","26":"shipping-taxable","27":"purchasable","28":"product-type-simple"},"acf":[],"aioseo_notices":[],"_links":{"self":[{"href":"https:\/\/www.argensend.com\/en\/wp-json\/wp\/v2\/product\/65733","targetHints":{"allow":["GET"]}}],"collection":[{"href":"https:\/\/www.argensend.com\/en\/wp-json\/wp\/v2\/product"}],"about":[{"href":"https:\/\/www.argensend.com\/en\/wp-json\/wp\/v2\/types\/product"}],"replies":[{"embeddable":true,"href":"https:\/\/www.argensend.com\/en\/wp-json\/wp\/v2\/comments?post=65733"}],"version-history":[{"count":4,"href":"https:\/\/www.argensend.com\/en\/wp-json\/wp\/v2\/product\/65733\/revisions"}],"predecessor-version":[{"id":107318,"href":"https:\/\/www.argensend.com\/en\/wp-json\/wp\/v2\/product\/65733\/revisions\/107318"}],"wp:featuredmedia":[{"embeddable":true,"href":"https:\/\/www.argensend.com\/en\/wp-json\/wp\/v2\/media\/65734"}],"wp:attachment":[{"href":"https:\/\/www.argensend.com\/en\/wp-json\/wp\/v2\/media?parent=65733"}],"wp:term":[{"taxonomy":"brand","embeddable":true,"href":"https:\/\/www.argensend.com\/en\/wp-json\/wp\/v2\/etheme_brands?post=65733"},{"taxonomy":"product_brand","embeddable":true,"href":"https:\/\/www.argensend.com\/en\/wp-json\/wp\/v2\/product_brand?post=65733"},{"taxonomy":"product_cat","embeddable":true,"href":"https:\/\/www.argensend.com\/en\/wp-json\/wp\/v2\/product_cat?post=65733"},{"taxonomy":"product_tag","embeddable":true,"href":"https:\/\/www.argensend.com\/en\/wp-json\/wp\/v2\/product_tag?post=65733"}],"curies":[{"name":"wp","href":"https:\/\/api.w.org\/{rel}","templated":true}]}}