{"id":65736,"date":"2023-05-02T10:44:07","date_gmt":"2023-05-02T13:44:07","guid":{"rendered":"https:\/\/www.argensend.com\/?post_type=product&#038;p=65736"},"modified":"2024-12-06T16:35:52","modified_gmt":"2024-12-06T19:35:52","slug":"madrid-escapada-azul-guia-de-turismo-ingelmo-sanchez","status":"publish","type":"product","link":"https:\/\/www.argensend.com\/en\/product\/madrid-escapada-azul-guia-de-turismo-ingelmo-sanchez\/","title":{"rendered":"Madrid &#8211; Escapada Azul Gu\u00eda de Turismo &#8211; Ingelmo Sanchez"},"content":{"rendered":"","protected":false},"excerpt":{"rendered":"<p>MADRID &#8211; ESCAPADA AZUL<br \/>\nAngel Ingelmo Sanchez<\/p>\n<p>Editorial: Gaesa<br \/>\nP\u00e1ginas: 190<br \/>\nIdioma: Espa\u00f1ol<br \/>\nISBN: 9788416766277<br \/>\nClasificaci\u00f3n: Guias Y Mapas &#8211; Guias De Turismo &#8211; Europa<\/p>\n<p>Rese\u00f1a del libro:<br \/>\nCapital de Espa\u00f1a, es tambi\u00e9n el primer destino tur\u00edstico en la pen\u00ednsula. Y razones no faltan, ya que Madrid sabe conjugar su completa oferta cultural con una animaci\u00f3n como es dif\u00edcil encontrar en ninguna otra capital del mundo. Se podr\u00eda empezar por su famoso tri\u00e1ngulo del arte, con el Museo del Prado, una de las pinacotecas m\u00e1s importantes que existan, como estrella principal, y con los museos Reina Sof\u00eda y Thyssen en sus otros dos v\u00e9rtices, para terminar en el Madrid popular y dicharachero del Rastro, donde todo se compra y se vende. Y entre tanto un paseo por su centenaria Gran V\u00eda, llena de monumentos modernistas y de vida, su Puerta del Sol, lugar de paso obligatorio cuando se viene o, incluso se vive, en Madrid, su Plaza Mayor recuerdo de los Austrias que fijaron aqu\u00ed su corte, su moderna Castellana con las llamativas Cuatro Torres Business \u00c1rea, el nuevo faro que advierte de la presencia de una capital moderna y que sabe evolucionar al ritmo de los tiempos.<\/p>","protected":false},"featured_media":65738,"comment_status":"closed","ping_status":"closed","template":"","meta":{"_acf_changed":false,"om_disable_all_campaigns":false,"_monsterinsights_skip_tracking":false,"_monsterinsights_sitenote_active":false,"_monsterinsights_sitenote_note":"","_monsterinsights_sitenote_category":0},"etheme_brands":[],"product_brand":[],"product_cat":[685,4227],"product_tag":[203,9599,755,4732,7969,2980,3829,9601,3731,9598,752,4733,9600,6966],"class_list":{"0":"post-65736","1":"product","2":"type-product","3":"status-publish","4":"has-post-thumbnail","6":"product_cat-libros","7":"product_cat-libros-infantiles-juveniles","8":"product_tag-argentina","9":"product_tag-azurduy","10":"product_tag-book","11":"product_tag-books","12":"product_tag-cultura","13":"product_tag-del","14":"product_tag-espanol","15":"product_tag-guemes","16":"product_tag-historia","17":"product_tag-juana","18":"product_tag-libro","19":"product_tag-libros","20":"product_tag-machaca","21":"product_tag-valle","23":"first","24":"instock","25":"taxable","26":"shipping-taxable","27":"purchasable","28":"product-type-simple"},"acf":[],"aioseo_notices":[],"_links":{"self":[{"href":"https:\/\/www.argensend.com\/en\/wp-json\/wp\/v2\/product\/65736","targetHints":{"allow":["GET"]}}],"collection":[{"href":"https:\/\/www.argensend.com\/en\/wp-json\/wp\/v2\/product"}],"about":[{"href":"https:\/\/www.argensend.com\/en\/wp-json\/wp\/v2\/types\/product"}],"replies":[{"embeddable":true,"href":"https:\/\/www.argensend.com\/en\/wp-json\/wp\/v2\/comments?post=65736"}],"version-history":[{"count":3,"href":"https:\/\/www.argensend.com\/en\/wp-json\/wp\/v2\/product\/65736\/revisions"}],"predecessor-version":[{"id":107346,"href":"https:\/\/www.argensend.com\/en\/wp-json\/wp\/v2\/product\/65736\/revisions\/107346"}],"wp:featuredmedia":[{"embeddable":true,"href":"https:\/\/www.argensend.com\/en\/wp-json\/wp\/v2\/media\/65738"}],"wp:attachment":[{"href":"https:\/\/www.argensend.com\/en\/wp-json\/wp\/v2\/media?parent=65736"}],"wp:term":[{"taxonomy":"brand","embeddable":true,"href":"https:\/\/www.argensend.com\/en\/wp-json\/wp\/v2\/etheme_brands?post=65736"},{"taxonomy":"product_brand","embeddable":true,"href":"https:\/\/www.argensend.com\/en\/wp-json\/wp\/v2\/product_brand?post=65736"},{"taxonomy":"product_cat","embeddable":true,"href":"https:\/\/www.argensend.com\/en\/wp-json\/wp\/v2\/product_cat?post=65736"},{"taxonomy":"product_tag","embeddable":true,"href":"https:\/\/www.argensend.com\/en\/wp-json\/wp\/v2\/product_tag?post=65736"}],"curies":[{"name":"wp","href":"https:\/\/api.w.org\/{rel}","templated":true}]}}