{"id":66638,"date":"2023-05-03T11:35:57","date_gmt":"2023-05-03T14:35:57","guid":{"rendered":"https:\/\/www.argensend.com\/?post_type=product&#038;p=66638"},"modified":"2024-12-06T16:36:04","modified_gmt":"2024-12-06T19:36:04","slug":"adermicina-cuidado-facial-humectante-90-gr","status":"publish","type":"product","link":"https:\/\/www.argensend.com\/en\/product\/adermicina-cuidado-facial-humectante-90-gr\/","title":{"rendered":"Adermicina &#8211; Cuidado Facial Humectante 90gr"},"content":{"rendered":"","protected":false},"excerpt":{"rendered":"<p>Es una crema que retiene el agua de la piel, otorg\u00e1ndole una sensaci\u00f3n de frescura desde el primer contacto. Ofrece protecci\u00f3n antioxidante y fortalece la funci\u00f3n de barrera de la piel asegurando una menor irritaci\u00f3n ante la exposici\u00f3n a agentes del ambiente.<\/p>\n<p>Por su composici\u00f3n con hydraingredientes, niacinamida y vitamina E, estimula la formaci\u00f3n de col\u00e1geno y elastina<br \/>\naumentando la firmeza de la piel y forma un film que la protege de la poluci\u00f3n del ambiente logrando que sea una<br \/>\ncrema apta para utilizar en todo tipo de climas y circunstancias.<\/p>","protected":false},"featured_media":66640,"comment_status":"closed","ping_status":"closed","template":"","meta":{"_acf_changed":false,"om_disable_all_campaigns":false,"_monsterinsights_skip_tracking":false,"_monsterinsights_sitenote_active":false,"_monsterinsights_sitenote_note":"","_monsterinsights_sitenote_category":0},"etheme_brands":[],"product_brand":[],"product_cat":[8819,8813,4453,8922],"product_tag":[203,234,224,3014,456,4685,6502],"class_list":{"0":"post-66638","1":"product","2":"type-product","3":"status-publish","4":"has-post-thumbnail","6":"product_cat-farmacia","7":"product_cat-salud-y-belleza-kosher","8":"product_cat-salud-y-belleza-vegana","9":"product_cat-veganos","10":"product_tag-argentina","11":"product_tag-argentine","12":"product_tag-argentino","13":"product_tag-cream","14":"product_tag-crema","15":"product_tag-facial","16":"product_tag-veganis","18":"first","19":"instock","20":"taxable","21":"shipping-taxable","22":"purchasable","23":"product-type-simple"},"acf":[],"aioseo_notices":[],"_links":{"self":[{"href":"https:\/\/www.argensend.com\/en\/wp-json\/wp\/v2\/product\/66638","targetHints":{"allow":["GET"]}}],"collection":[{"href":"https:\/\/www.argensend.com\/en\/wp-json\/wp\/v2\/product"}],"about":[{"href":"https:\/\/www.argensend.com\/en\/wp-json\/wp\/v2\/types\/product"}],"replies":[{"embeddable":true,"href":"https:\/\/www.argensend.com\/en\/wp-json\/wp\/v2\/comments?post=66638"}],"version-history":[{"count":2,"href":"https:\/\/www.argensend.com\/en\/wp-json\/wp\/v2\/product\/66638\/revisions"}],"predecessor-version":[{"id":104912,"href":"https:\/\/www.argensend.com\/en\/wp-json\/wp\/v2\/product\/66638\/revisions\/104912"}],"wp:featuredmedia":[{"embeddable":true,"href":"https:\/\/www.argensend.com\/en\/wp-json\/wp\/v2\/media\/66640"}],"wp:attachment":[{"href":"https:\/\/www.argensend.com\/en\/wp-json\/wp\/v2\/media?parent=66638"}],"wp:term":[{"taxonomy":"brand","embeddable":true,"href":"https:\/\/www.argensend.com\/en\/wp-json\/wp\/v2\/etheme_brands?post=66638"},{"taxonomy":"product_brand","embeddable":true,"href":"https:\/\/www.argensend.com\/en\/wp-json\/wp\/v2\/product_brand?post=66638"},{"taxonomy":"product_cat","embeddable":true,"href":"https:\/\/www.argensend.com\/en\/wp-json\/wp\/v2\/product_cat?post=66638"},{"taxonomy":"product_tag","embeddable":true,"href":"https:\/\/www.argensend.com\/en\/wp-json\/wp\/v2\/product_tag?post=66638"}],"curies":[{"name":"wp","href":"https:\/\/api.w.org\/{rel}","templated":true}]}}