{"id":66646,"date":"2023-05-03T11:38:36","date_gmt":"2023-05-03T14:38:36","guid":{"rendered":"https:\/\/www.argensend.com\/?post_type=product&#038;p=66646"},"modified":"2024-12-06T16:36:04","modified_gmt":"2024-12-06T19:36:04","slug":"adermicina-cuidado-facial-acido-hialuronico-anti-arrugas-90-gr","status":"publish","type":"product","link":"https:\/\/www.argensend.com\/en\/product\/adermicina-cuidado-facial-acido-hialuronico-anti-arrugas-90-gr\/","title":{"rendered":"Adermicina &#8211; Cuidado Facial Acido Hialuronico Anti-Arrugas 90gr"},"content":{"rendered":"","protected":false},"excerpt":{"rendered":"<p>Es una crema reafirmante y remodeladora que reduce las arrugas, y define el contorno del rostro. Por su exclusiva composici\u00f3n con \u00e1cido hialur\u00f3nico, niacinamida y vitamina E, reduce las arrugas y las l\u00edneas de expresi\u00f3n, incentivando la renovaci\u00f3n celular.<br \/>\nFavorece la recuperaci\u00f3n de la densidad y elasticidad de la piel, corrigiendo visiblemente las zonas del rostro m\u00e1s marcadas por la edad.<\/p>","protected":false},"featured_media":66647,"comment_status":"closed","ping_status":"closed","template":"","meta":{"_acf_changed":false,"om_disable_all_campaigns":false,"_monsterinsights_skip_tracking":false,"_monsterinsights_sitenote_active":false,"_monsterinsights_sitenote_note":"","_monsterinsights_sitenote_category":0},"etheme_brands":[],"product_brand":[],"product_cat":[8819,8813,4453,8922],"product_tag":[203,234,224,3014,456,4685,6502],"class_list":{"0":"post-66646","1":"product","2":"type-product","3":"status-publish","4":"has-post-thumbnail","6":"product_cat-farmacia","7":"product_cat-salud-y-belleza-kosher","8":"product_cat-salud-y-belleza-vegana","9":"product_cat-veganos","10":"product_tag-argentina","11":"product_tag-argentine","12":"product_tag-argentino","13":"product_tag-cream","14":"product_tag-crema","15":"product_tag-facial","16":"product_tag-veganis","18":"first","19":"instock","20":"taxable","21":"shipping-taxable","22":"purchasable","23":"product-type-simple"},"acf":[],"aioseo_notices":[],"_links":{"self":[{"href":"https:\/\/www.argensend.com\/en\/wp-json\/wp\/v2\/product\/66646","targetHints":{"allow":["GET"]}}],"collection":[{"href":"https:\/\/www.argensend.com\/en\/wp-json\/wp\/v2\/product"}],"about":[{"href":"https:\/\/www.argensend.com\/en\/wp-json\/wp\/v2\/types\/product"}],"replies":[{"embeddable":true,"href":"https:\/\/www.argensend.com\/en\/wp-json\/wp\/v2\/comments?post=66646"}],"version-history":[{"count":2,"href":"https:\/\/www.argensend.com\/en\/wp-json\/wp\/v2\/product\/66646\/revisions"}],"predecessor-version":[{"id":104913,"href":"https:\/\/www.argensend.com\/en\/wp-json\/wp\/v2\/product\/66646\/revisions\/104913"}],"wp:featuredmedia":[{"embeddable":true,"href":"https:\/\/www.argensend.com\/en\/wp-json\/wp\/v2\/media\/66647"}],"wp:attachment":[{"href":"https:\/\/www.argensend.com\/en\/wp-json\/wp\/v2\/media?parent=66646"}],"wp:term":[{"taxonomy":"brand","embeddable":true,"href":"https:\/\/www.argensend.com\/en\/wp-json\/wp\/v2\/etheme_brands?post=66646"},{"taxonomy":"product_brand","embeddable":true,"href":"https:\/\/www.argensend.com\/en\/wp-json\/wp\/v2\/product_brand?post=66646"},{"taxonomy":"product_cat","embeddable":true,"href":"https:\/\/www.argensend.com\/en\/wp-json\/wp\/v2\/product_cat?post=66646"},{"taxonomy":"product_tag","embeddable":true,"href":"https:\/\/www.argensend.com\/en\/wp-json\/wp\/v2\/product_tag?post=66646"}],"curies":[{"name":"wp","href":"https:\/\/api.w.org\/{rel}","templated":true}]}}