{"id":69776,"date":"2023-05-25T19:57:02","date_gmt":"2023-05-25T22:57:02","guid":{"rendered":"https:\/\/www.argensend.com\/?post_type=product&#038;p=69776"},"modified":"2025-04-21T13:55:04","modified_gmt":"2025-04-21T16:55:04","slug":"la-tranquera-yerba-mate-liviana-extra-suave-500-g-17-63-oz","status":"publish","type":"product","link":"https:\/\/www.argensend.com\/en\/product\/la-tranquera-yerba-mate-liviana-extra-suave-500-g-17-63-oz\/","title":{"rendered":"La Tranquera &#8211; Yerba Mate Liviana Extra Suave, 500gr \/ 1763 oz"},"content":{"rendered":"<p>Yerba Mate La Tranquera Liviana 500g Suave Premium Sin Tacc. Una selecci\u00f3n especial para quienes buscan una infusi\u00f3n de sabor suave y equilibrado. Producida bajo estrictos controles de calidad, esta yerba mate no contiene gluten, siendo apta para cel\u00edacos. Su formato de medio kilo es ideal para el consumo diario, manteniendo la frescura y el aroma caracter\u00edsticos. Disfruta de una experiencia aut\u00e9ntica con La Tranquera Liviana, una opci\u00f3n saludable para tu pausa mate.<\/p>","protected":false},"excerpt":{"rendered":"<p>Yerba Mate La Tranquera<\/p>","protected":false},"featured_media":69777,"comment_status":"closed","ping_status":"closed","template":"","meta":{"_acf_changed":false,"om_disable_all_campaigns":false,"_monsterinsights_skip_tracking":false,"_monsterinsights_sitenote_active":false,"_monsterinsights_sitenote_note":"","_monsterinsights_sitenote_category":0},"etheme_brands":[],"product_brand":[],"product_cat":[2125,89],"product_tag":[203,234,2913,2153,165,2152],"class_list":{"0":"post-69776","1":"product","2":"type-product","3":"status-publish","4":"has-post-thumbnail","6":"product_cat-te-mate-cocido","7":"product_cat-yerba-e-infusiones","8":"product_tag-argentina","9":"product_tag-argentine","10":"product_tag-cocido","11":"product_tag-infusiones","12":"product_tag-mate","13":"product_tag-yerbas","15":"first","16":"instock","17":"taxable","18":"shipping-taxable","19":"purchasable","20":"product-type-simple"},"acf":[],"aioseo_notices":[],"_links":{"self":[{"href":"https:\/\/www.argensend.com\/en\/wp-json\/wp\/v2\/product\/69776","targetHints":{"allow":["GET"]}}],"collection":[{"href":"https:\/\/www.argensend.com\/en\/wp-json\/wp\/v2\/product"}],"about":[{"href":"https:\/\/www.argensend.com\/en\/wp-json\/wp\/v2\/types\/product"}],"replies":[{"embeddable":true,"href":"https:\/\/www.argensend.com\/en\/wp-json\/wp\/v2\/comments?post=69776"}],"version-history":[{"count":5,"href":"https:\/\/www.argensend.com\/en\/wp-json\/wp\/v2\/product\/69776\/revisions"}],"predecessor-version":[{"id":116309,"href":"https:\/\/www.argensend.com\/en\/wp-json\/wp\/v2\/product\/69776\/revisions\/116309"}],"wp:featuredmedia":[{"embeddable":true,"href":"https:\/\/www.argensend.com\/en\/wp-json\/wp\/v2\/media\/69777"}],"wp:attachment":[{"href":"https:\/\/www.argensend.com\/en\/wp-json\/wp\/v2\/media?parent=69776"}],"wp:term":[{"taxonomy":"brand","embeddable":true,"href":"https:\/\/www.argensend.com\/en\/wp-json\/wp\/v2\/etheme_brands?post=69776"},{"taxonomy":"product_brand","embeddable":true,"href":"https:\/\/www.argensend.com\/en\/wp-json\/wp\/v2\/product_brand?post=69776"},{"taxonomy":"product_cat","embeddable":true,"href":"https:\/\/www.argensend.com\/en\/wp-json\/wp\/v2\/product_cat?post=69776"},{"taxonomy":"product_tag","embeddable":true,"href":"https:\/\/www.argensend.com\/en\/wp-json\/wp\/v2\/product_tag?post=69776"}],"curies":[{"name":"wp","href":"https:\/\/api.w.org\/{rel}","templated":true}]}}