{"id":74298,"date":"2023-06-16T10:28:45","date_gmt":"2023-06-16T13:28:45","guid":{"rendered":"https:\/\/www.argensend.com\/?post_type=product&#038;p=74298"},"modified":"2025-04-21T17:07:01","modified_gmt":"2025-04-21T20:07:01","slug":"mejorador-pan-de-miga-panaderia-calsa-bolson-10-kg","status":"publish","type":"product","link":"https:\/\/www.argensend.com\/en\/product\/mejorador-pan-de-miga-panaderia-calsa-bolson-10-kg\/","title":{"rendered":"Mejorador Pan de Miga Panaderia Calsa- Bolson 10kg-"},"content":{"rendered":"","protected":false},"excerpt":{"rendered":"<p>Mejorado de pan de miga Calsa.<\/p>\n<p>Presentaci\u00f3n: bols\u00f3n por 10 kg<\/p>\n<p>Mejorador especialmente desarrollado para elaborar panificados garantizando una miga m\u00e1s blanca, mayor frescura y conservaci\u00f3n, y el alveolado m\u00e1s cerrado y parejo. Ideal para boller\u00eda, pan ingl\u00e9s, pan de molde, pebetes, pizzas, panes dulces, etc.<\/p>","protected":false},"featured_media":74299,"comment_status":"closed","ping_status":"closed","template":"","meta":{"_acf_changed":false,"om_disable_all_campaigns":false,"_monsterinsights_skip_tracking":false,"_monsterinsights_sitenote_active":false,"_monsterinsights_sitenote_note":"","_monsterinsights_sitenote_category":0},"etheme_brands":[],"product_brand":[],"product_cat":[8797],"product_tag":[1831,1835,1650,1829,1828,1833],"class_list":{"0":"post-74298","1":"product","2":"type-product","3":"status-publish","4":"has-post-thumbnail","6":"product_cat-premezclas","7":"product_tag-1831","8":"product_tag-25de-mayo","9":"product_tag-mayo","10":"product_tag-semana-de-mayo","11":"product_tag-semana-especial","12":"product_tag-semana-festiva","14":"first","15":"instock","16":"taxable","17":"shipping-taxable","18":"purchasable","19":"product-type-simple"},"acf":[],"aioseo_notices":[],"_links":{"self":[{"href":"https:\/\/www.argensend.com\/en\/wp-json\/wp\/v2\/product\/74298","targetHints":{"allow":["GET"]}}],"collection":[{"href":"https:\/\/www.argensend.com\/en\/wp-json\/wp\/v2\/product"}],"about":[{"href":"https:\/\/www.argensend.com\/en\/wp-json\/wp\/v2\/types\/product"}],"replies":[{"embeddable":true,"href":"https:\/\/www.argensend.com\/en\/wp-json\/wp\/v2\/comments?post=74298"}],"version-history":[{"count":2,"href":"https:\/\/www.argensend.com\/en\/wp-json\/wp\/v2\/product\/74298\/revisions"}],"predecessor-version":[{"id":103472,"href":"https:\/\/www.argensend.com\/en\/wp-json\/wp\/v2\/product\/74298\/revisions\/103472"}],"wp:featuredmedia":[{"embeddable":true,"href":"https:\/\/www.argensend.com\/en\/wp-json\/wp\/v2\/media\/74299"}],"wp:attachment":[{"href":"https:\/\/www.argensend.com\/en\/wp-json\/wp\/v2\/media?parent=74298"}],"wp:term":[{"taxonomy":"brand","embeddable":true,"href":"https:\/\/www.argensend.com\/en\/wp-json\/wp\/v2\/etheme_brands?post=74298"},{"taxonomy":"product_brand","embeddable":true,"href":"https:\/\/www.argensend.com\/en\/wp-json\/wp\/v2\/product_brand?post=74298"},{"taxonomy":"product_cat","embeddable":true,"href":"https:\/\/www.argensend.com\/en\/wp-json\/wp\/v2\/product_cat?post=74298"},{"taxonomy":"product_tag","embeddable":true,"href":"https:\/\/www.argensend.com\/en\/wp-json\/wp\/v2\/product_tag?post=74298"}],"curies":[{"name":"wp","href":"https:\/\/api.w.org\/{rel}","templated":true}]}}