{"id":75513,"date":"2023-07-04T10:48:09","date_gmt":"2023-07-04T13:48:09","guid":{"rendered":"https:\/\/www.argensend.com\/?post_type=product&#038;p=75513"},"modified":"2024-12-06T16:37:15","modified_gmt":"2024-12-06T19:37:15","slug":"novalook-kit-matizador-azul-shampoo-375ml-mascara-250ml","status":"publish","type":"product","link":"https:\/\/www.argensend.com\/en\/product\/novalook-kit-matizador-azul-shampoo-375ml-mascara-250ml\/","title":{"rendered":"Novalook &#8211; Kit Matizador Azul Shampoo 375ml + Mascara 250ml"},"content":{"rendered":"","protected":false},"excerpt":{"rendered":"<p>SHAMPOO 375 ML+ MASCARA 250ML MATIZADORES NOVALOOK<br \/>\nAZUL<br \/>\nContiene pigmentos azules que neutralizan y matizan las tonalidades anaranjadas no deseadas, manteniendo el color por m\u00e1s tiempo, otorga nutrici\u00f3n intensa e hidrataci\u00f3n profunda al cabello, logrando un equilibrio perfecto del color, con m\u00e1s brillo y suavidad.<br \/>\nMODO DE USO:<br \/>\nAplicar y distribuir el shampoo PLATINUM BLONDE sobre el cabello h\u00famedo, masajear suavemente, dejar actuar 5 minutos y enjuagar. Repetir el procedimiento si se considera necesario, para un mejor resultado garantizado aplicar la m\u00e1scara PLATINUM BLONDE.<\/p>","protected":false},"featured_media":75515,"comment_status":"closed","ping_status":"closed","template":"","meta":{"_acf_changed":false,"om_disable_all_campaigns":false,"_monsterinsights_skip_tracking":false,"_monsterinsights_sitenote_active":false,"_monsterinsights_sitenote_note":"","_monsterinsights_sitenote_category":0},"etheme_brands":[],"product_brand":[],"product_cat":[8935],"product_tag":[9204,4487,9210,1612,1618,5465,9205,6512,4774,4488,9209,1160,211,6503,9207,9208,4266,9206,608,9216],"class_list":{"0":"post-75513","1":"product","2":"type-product","3":"status-publish","4":"has-post-thumbnail","6":"product_cat-belleza-y-salud","7":"product_tag-acf","8":"product_tag-acido","9":"product_tag-barrera","10":"product_tag-belleza","11":"product_tag-cuidado","12":"product_tag-dada","13":"product_tag-dadatina","14":"product_tag-exfoliante","15":"product_tag-fps","16":"product_tag-hialuronico","17":"product_tag-hidratar","18":"product_tag-limpieza","19":"product_tag-piel","20":"product_tag-reparador","21":"product_tag-rutina","22":"product_tag-serum","23":"product_tag-skin","24":"product_tag-skincare","25":"product_tag-solar","26":"product_tag-tonico","28":"first","29":"instock","30":"taxable","31":"shipping-taxable","32":"purchasable","33":"product-type-simple"},"acf":[],"aioseo_notices":[],"_links":{"self":[{"href":"https:\/\/www.argensend.com\/en\/wp-json\/wp\/v2\/product\/75513","targetHints":{"allow":["GET"]}}],"collection":[{"href":"https:\/\/www.argensend.com\/en\/wp-json\/wp\/v2\/product"}],"about":[{"href":"https:\/\/www.argensend.com\/en\/wp-json\/wp\/v2\/types\/product"}],"replies":[{"embeddable":true,"href":"https:\/\/www.argensend.com\/en\/wp-json\/wp\/v2\/comments?post=75513"}],"version-history":[{"count":2,"href":"https:\/\/www.argensend.com\/en\/wp-json\/wp\/v2\/product\/75513\/revisions"}],"predecessor-version":[{"id":75517,"href":"https:\/\/www.argensend.com\/en\/wp-json\/wp\/v2\/product\/75513\/revisions\/75517"}],"wp:featuredmedia":[{"embeddable":true,"href":"https:\/\/www.argensend.com\/en\/wp-json\/wp\/v2\/media\/75515"}],"wp:attachment":[{"href":"https:\/\/www.argensend.com\/en\/wp-json\/wp\/v2\/media?parent=75513"}],"wp:term":[{"taxonomy":"brand","embeddable":true,"href":"https:\/\/www.argensend.com\/en\/wp-json\/wp\/v2\/etheme_brands?post=75513"},{"taxonomy":"product_brand","embeddable":true,"href":"https:\/\/www.argensend.com\/en\/wp-json\/wp\/v2\/product_brand?post=75513"},{"taxonomy":"product_cat","embeddable":true,"href":"https:\/\/www.argensend.com\/en\/wp-json\/wp\/v2\/product_cat?post=75513"},{"taxonomy":"product_tag","embeddable":true,"href":"https:\/\/www.argensend.com\/en\/wp-json\/wp\/v2\/product_tag?post=75513"}],"curies":[{"name":"wp","href":"https:\/\/api.w.org\/{rel}","templated":true}]}}