{"id":75541,"date":"2023-07-04T11:42:31","date_gmt":"2023-07-04T14:42:31","guid":{"rendered":"https:\/\/www.argensend.com\/?post_type=product&#038;p=75541"},"modified":"2024-12-06T16:37:16","modified_gmt":"2024-12-06T19:37:16","slug":"novalook-mascara-protein-balance-novalook-intensive-500ml","status":"publish","type":"product","link":"https:\/\/www.argensend.com\/en\/product\/novalook-mascara-protein-balance-novalook-intensive-500ml\/","title":{"rendered":"Novalook &#8211; Mascara Protein Balance Novalook Intensive 500ml"},"content":{"rendered":"","protected":false},"excerpt":{"rendered":"<p>BA\u00d1O DE CREMA<br \/>\nQuinoa &amp; Keratina<br \/>\nOfrece un excelente efecto hidratante que recarga la fibra capilar de nutrientes mediante la acci\u00f3n combinada de la prote\u00edna de la Keratina y el extracto de Quinoa capaces de aumentar la elasticidad y el brillo natural del cabello, repar\u00e1ndolo, protegi\u00e9ndolo de la deshidrataci\u00f3n, acondicion\u00e1ndolo y facilitando su peinado.<\/p>","protected":false},"featured_media":75542,"comment_status":"closed","ping_status":"closed","template":"","meta":{"_acf_changed":false,"om_disable_all_campaigns":false,"_monsterinsights_skip_tracking":false,"_monsterinsights_sitenote_active":false,"_monsterinsights_sitenote_note":"","_monsterinsights_sitenote_category":0},"etheme_brands":[],"product_brand":[],"product_cat":[8935],"product_tag":[9204,4487,9210,1612,1618,5465,9205,6512,4774,4488,9209,1160,211,6503,9207,9208,4266,9206,608,9216],"class_list":{"0":"post-75541","1":"product","2":"type-product","3":"status-publish","4":"has-post-thumbnail","6":"product_cat-belleza-y-salud","7":"product_tag-acf","8":"product_tag-acido","9":"product_tag-barrera","10":"product_tag-belleza","11":"product_tag-cuidado","12":"product_tag-dada","13":"product_tag-dadatina","14":"product_tag-exfoliante","15":"product_tag-fps","16":"product_tag-hialuronico","17":"product_tag-hidratar","18":"product_tag-limpieza","19":"product_tag-piel","20":"product_tag-reparador","21":"product_tag-rutina","22":"product_tag-serum","23":"product_tag-skin","24":"product_tag-skincare","25":"product_tag-solar","26":"product_tag-tonico","28":"first","29":"instock","30":"taxable","31":"shipping-taxable","32":"purchasable","33":"product-type-simple"},"acf":[],"aioseo_notices":[],"_links":{"self":[{"href":"https:\/\/www.argensend.com\/en\/wp-json\/wp\/v2\/product\/75541","targetHints":{"allow":["GET"]}}],"collection":[{"href":"https:\/\/www.argensend.com\/en\/wp-json\/wp\/v2\/product"}],"about":[{"href":"https:\/\/www.argensend.com\/en\/wp-json\/wp\/v2\/types\/product"}],"replies":[{"embeddable":true,"href":"https:\/\/www.argensend.com\/en\/wp-json\/wp\/v2\/comments?post=75541"}],"version-history":[{"count":1,"href":"https:\/\/www.argensend.com\/en\/wp-json\/wp\/v2\/product\/75541\/revisions"}],"predecessor-version":[{"id":75543,"href":"https:\/\/www.argensend.com\/en\/wp-json\/wp\/v2\/product\/75541\/revisions\/75543"}],"wp:featuredmedia":[{"embeddable":true,"href":"https:\/\/www.argensend.com\/en\/wp-json\/wp\/v2\/media\/75542"}],"wp:attachment":[{"href":"https:\/\/www.argensend.com\/en\/wp-json\/wp\/v2\/media?parent=75541"}],"wp:term":[{"taxonomy":"brand","embeddable":true,"href":"https:\/\/www.argensend.com\/en\/wp-json\/wp\/v2\/etheme_brands?post=75541"},{"taxonomy":"product_brand","embeddable":true,"href":"https:\/\/www.argensend.com\/en\/wp-json\/wp\/v2\/product_brand?post=75541"},{"taxonomy":"product_cat","embeddable":true,"href":"https:\/\/www.argensend.com\/en\/wp-json\/wp\/v2\/product_cat?post=75541"},{"taxonomy":"product_tag","embeddable":true,"href":"https:\/\/www.argensend.com\/en\/wp-json\/wp\/v2\/product_tag?post=75541"}],"curies":[{"name":"wp","href":"https:\/\/api.w.org\/{rel}","templated":true}]}}