{"id":75746,"date":"2023-07-05T12:12:11","date_gmt":"2023-07-05T15:12:11","guid":{"rendered":"https:\/\/www.argensend.com\/?post_type=product&#038;p=75746"},"modified":"2024-12-06T16:37:23","modified_gmt":"2024-12-06T19:37:23","slug":"linda-aceite-rosa-mosqueta-30ml","status":"publish","type":"product","link":"https:\/\/www.argensend.com\/en\/product\/linda-aceite-rosa-mosqueta-30ml\/","title":{"rendered":"Linda &#8211; Aceite Rosa Mosqueta 30ml"},"content":{"rendered":"","protected":false},"excerpt":{"rendered":"<p>El aceite de rosa mosqueta es uno de los aceites regeneradores e hidratantes m\u00e1s potentes para la piel, mejora la apariencia de manchas, cicatrices y estr\u00edas.<br \/>\nEn su composici\u00f3n se destacan: \u00e1cidos esenciales como el omega 6, omega 3 y linoleico, antioxidantes y vitamina A. Favorece un tono de piel m\u00e1s uniforme y aporta flexibilidad. Estimula la producci\u00f3n natural de col\u00e1geno, elastina y \u00e1cido hialur\u00f3nico.<\/p>\n<p>SOLO USO NOCTURNO<\/p>","protected":false},"featured_media":75754,"comment_status":"closed","ping_status":"closed","template":"","meta":{"_acf_changed":false,"om_disable_all_campaigns":false,"_monsterinsights_skip_tracking":false,"_monsterinsights_sitenote_active":false,"_monsterinsights_sitenote_note":"","_monsterinsights_sitenote_category":0},"etheme_brands":[],"product_brand":[],"product_cat":[8935,8819,8820,4453],"product_tag":[437,4461,203,234,224,3246,4467,1612,1073,2217,4462,4459,320,4146,4464,1882,4460,4139,1943,4466,1160,4345,1934,4248,1536,4272,3207,3205,807,4465,4458,652,1651,651,4463,4271,751],"class_list":{"0":"post-75746","1":"product","2":"type-product","3":"status-publish","4":"has-post-thumbnail","6":"product_cat-belleza-y-salud","7":"product_cat-farmacia","8":"product_cat-jabones-y-shampoo","9":"product_cat-salud-y-belleza-vegana","10":"product_tag-aceite","11":"product_tag-arcilla","12":"product_tag-argentina","13":"product_tag-argentine","14":"product_tag-argentino","15":"product_tag-beauty","16":"product_tag-beige","17":"product_tag-belleza","18":"product_tag-blanca","19":"product_tag-butter","20":"product_tag-clay","21":"product_tag-cleaning","22":"product_tag-coco","23":"product_tag-coconut","24":"product_tag-extract","25":"product_tag-extracto","26":"product_tag-healty","27":"product_tag-hibiscus","28":"product_tag-jabon","29":"product_tag-karite","30":"product_tag-limpieza","31":"product_tag-manteca","32":"product_tag-mosqueta","33":"product_tag-oil","34":"product_tag-oliva","35":"product_tag-olive","36":"product_tag-pink","37":"product_tag-rosa","38":"product_tag-salud","39":"product_tag-shea","40":"product_tag-soap","41":"product_tag-vegan","42":"product_tag-vegana","43":"product_tag-vegano","44":"product_tag-virgen","45":"product_tag-virgin","46":"product_tag-white","48":"first","49":"instock","50":"taxable","51":"shipping-taxable","52":"purchasable","53":"product-type-simple"},"acf":[],"aioseo_notices":[],"_links":{"self":[{"href":"https:\/\/www.argensend.com\/en\/wp-json\/wp\/v2\/product\/75746","targetHints":{"allow":["GET"]}}],"collection":[{"href":"https:\/\/www.argensend.com\/en\/wp-json\/wp\/v2\/product"}],"about":[{"href":"https:\/\/www.argensend.com\/en\/wp-json\/wp\/v2\/types\/product"}],"replies":[{"embeddable":true,"href":"https:\/\/www.argensend.com\/en\/wp-json\/wp\/v2\/comments?post=75746"}],"version-history":[{"count":1,"href":"https:\/\/www.argensend.com\/en\/wp-json\/wp\/v2\/product\/75746\/revisions"}],"predecessor-version":[{"id":75757,"href":"https:\/\/www.argensend.com\/en\/wp-json\/wp\/v2\/product\/75746\/revisions\/75757"}],"wp:featuredmedia":[{"embeddable":true,"href":"https:\/\/www.argensend.com\/en\/wp-json\/wp\/v2\/media\/75754"}],"wp:attachment":[{"href":"https:\/\/www.argensend.com\/en\/wp-json\/wp\/v2\/media?parent=75746"}],"wp:term":[{"taxonomy":"brand","embeddable":true,"href":"https:\/\/www.argensend.com\/en\/wp-json\/wp\/v2\/etheme_brands?post=75746"},{"taxonomy":"product_brand","embeddable":true,"href":"https:\/\/www.argensend.com\/en\/wp-json\/wp\/v2\/product_brand?post=75746"},{"taxonomy":"product_cat","embeddable":true,"href":"https:\/\/www.argensend.com\/en\/wp-json\/wp\/v2\/product_cat?post=75746"},{"taxonomy":"product_tag","embeddable":true,"href":"https:\/\/www.argensend.com\/en\/wp-json\/wp\/v2\/product_tag?post=75746"}],"curies":[{"name":"wp","href":"https:\/\/api.w.org\/{rel}","templated":true}]}}