{"id":75747,"date":"2023-07-05T12:13:55","date_gmt":"2023-07-05T15:13:55","guid":{"rendered":"https:\/\/www.argensend.com\/?post_type=product&#038;p=75747"},"modified":"2024-12-06T16:37:23","modified_gmt":"2024-12-06T19:37:23","slug":"nov-bano-de-crema-nutricion-mascara-keratina-x-220ml","status":"publish","type":"product","link":"https:\/\/www.argensend.com\/en\/product\/nov-bano-de-crema-nutricion-mascara-keratina-x-220ml\/","title":{"rendered":"Nov &#8211; Ba\u00f1o de Crema Nutrici\u00f3n Mascara Keratina &#8211; 220ml"},"content":{"rendered":"<p>BA\u00d1O DE CREMA NOV X 220 GR KERATINA<br \/>\nCaracter\u00edsticas:<br \/>\n-Nutre y reestructura la fibra capilar<br \/>\n-Deja el cabello d\u00f3cil y con volumen<\/p>","protected":false},"excerpt":{"rendered":"<p>BA\u00d1O DE CREMA NOV X 220 GR KERATINA Caracter\u00edsticas: -Nutre y reestructura la fibra capilar -Deja el cabello d\u00f3cil y con volumen<\/p>","protected":false},"featured_media":75748,"comment_status":"closed","ping_status":"closed","template":"","meta":{"_acf_changed":false,"om_disable_all_campaigns":false,"_monsterinsights_skip_tracking":false,"_monsterinsights_sitenote_active":false,"_monsterinsights_sitenote_note":"","_monsterinsights_sitenote_category":0},"etheme_brands":[],"product_brand":[],"product_cat":[8935,8818],"product_tag":[9890,1612,1618,4774,3931,9885,4488,9209,7712,3356,9889,9884,6503],"class_list":{"0":"post-75747","1":"product","2":"type-product","3":"status-publish","4":"has-post-thumbnail","6":"product_cat-belleza-y-salud","7":"product_cat-perfumeria","8":"product_tag-ampollas","9":"product_tag-belleza","10":"product_tag-cuidado","11":"product_tag-fps","12":"product_tag-hair","13":"product_tag-hairsalon","14":"product_tag-hialuronico","15":"product_tag-hidratar","16":"product_tag-keratina","17":"product_tag-mascara","18":"product_tag-nov","19":"product_tag-peluqueria","20":"product_tag-reparador","22":"first","23":"instock","24":"taxable","25":"shipping-taxable","26":"purchasable","27":"product-type-simple"},"acf":[],"aioseo_notices":[],"_links":{"self":[{"href":"https:\/\/www.argensend.com\/en\/wp-json\/wp\/v2\/product\/75747","targetHints":{"allow":["GET"]}}],"collection":[{"href":"https:\/\/www.argensend.com\/en\/wp-json\/wp\/v2\/product"}],"about":[{"href":"https:\/\/www.argensend.com\/en\/wp-json\/wp\/v2\/types\/product"}],"replies":[{"embeddable":true,"href":"https:\/\/www.argensend.com\/en\/wp-json\/wp\/v2\/comments?post=75747"}],"version-history":[{"count":2,"href":"https:\/\/www.argensend.com\/en\/wp-json\/wp\/v2\/product\/75747\/revisions"}],"predecessor-version":[{"id":105022,"href":"https:\/\/www.argensend.com\/en\/wp-json\/wp\/v2\/product\/75747\/revisions\/105022"}],"wp:featuredmedia":[{"embeddable":true,"href":"https:\/\/www.argensend.com\/en\/wp-json\/wp\/v2\/media\/75748"}],"wp:attachment":[{"href":"https:\/\/www.argensend.com\/en\/wp-json\/wp\/v2\/media?parent=75747"}],"wp:term":[{"taxonomy":"brand","embeddable":true,"href":"https:\/\/www.argensend.com\/en\/wp-json\/wp\/v2\/etheme_brands?post=75747"},{"taxonomy":"product_brand","embeddable":true,"href":"https:\/\/www.argensend.com\/en\/wp-json\/wp\/v2\/product_brand?post=75747"},{"taxonomy":"product_cat","embeddable":true,"href":"https:\/\/www.argensend.com\/en\/wp-json\/wp\/v2\/product_cat?post=75747"},{"taxonomy":"product_tag","embeddable":true,"href":"https:\/\/www.argensend.com\/en\/wp-json\/wp\/v2\/product_tag?post=75747"}],"curies":[{"name":"wp","href":"https:\/\/api.w.org\/{rel}","templated":true}]}}