{"id":75750,"date":"2023-07-05T12:19:42","date_gmt":"2023-07-05T15:19:42","guid":{"rendered":"https:\/\/www.argensend.com\/?post_type=product&#038;p=75750"},"modified":"2024-12-06T16:37:23","modified_gmt":"2024-12-06T19:37:23","slug":"nov-shampoo-neutro-acondicionador-alemendras-x-1900-ml","status":"publish","type":"product","link":"https:\/\/www.argensend.com\/en\/product\/nov-shampoo-neutro-acondicionador-alemendras-x-1900-ml\/","title":{"rendered":"Nov &#8211; Shampoo Neutro + Acondicionador Almendras 1900ml"},"content":{"rendered":"<p>SHAMPOO NEUTRO NOV X1900ML BIDON CON BOMBA<\/p>\n<p>Shampoo de PH equilibrado, ideal para su uso previo a tratamientos qu\u00edmicos como alisados y tinturas. Limpia profundamente, eliminando residuos en el cabello.<br \/>\nSin colorantes. Sin aromas. Sin siliconas. Sin agregados.<\/p>\n<p>BALSAMO ACONDICIONADOR NOV X 1900ML CON BOMBA<br \/>\nAcondiciona el cabello gracias a los beneficios de la vitamina E, devolvi\u00e9ndole fuerza, suavidad y brillo. Su PH \u00e1cido ayuda a reestablecer el PH del cabello qu\u00edmicamente tratado.<\/p>","protected":false},"excerpt":{"rendered":"<p>SHAMPOO NEUTRO NOV X1900ML BIDON CON BOMBA Shampoo de PH equilibrado, ideal para su uso previo a tratamientos qu\u00edmicos como alisados y tinturas. Limpia profundamente,&#8230;<\/p>","protected":false},"featured_media":75751,"comment_status":"closed","ping_status":"closed","template":"","meta":{"_acf_changed":false,"om_disable_all_campaigns":false,"_monsterinsights_skip_tracking":false,"_monsterinsights_sitenote_active":false,"_monsterinsights_sitenote_note":"","_monsterinsights_sitenote_category":0},"etheme_brands":[],"product_brand":[],"product_cat":[8935,8818],"product_tag":[9890,1612,1618,4774,3931,9885,4488,9209,7712,3356,9889,9884,6503],"class_list":{"0":"post-75750","1":"product","2":"type-product","3":"status-publish","4":"has-post-thumbnail","6":"product_cat-belleza-y-salud","7":"product_cat-perfumeria","8":"product_tag-ampollas","9":"product_tag-belleza","10":"product_tag-cuidado","11":"product_tag-fps","12":"product_tag-hair","13":"product_tag-hairsalon","14":"product_tag-hialuronico","15":"product_tag-hidratar","16":"product_tag-keratina","17":"product_tag-mascara","18":"product_tag-nov","19":"product_tag-peluqueria","20":"product_tag-reparador","22":"first","23":"instock","24":"taxable","25":"shipping-taxable","26":"purchasable","27":"product-type-simple"},"acf":[],"aioseo_notices":[],"_links":{"self":[{"href":"https:\/\/www.argensend.com\/en\/wp-json\/wp\/v2\/product\/75750","targetHints":{"allow":["GET"]}}],"collection":[{"href":"https:\/\/www.argensend.com\/en\/wp-json\/wp\/v2\/product"}],"about":[{"href":"https:\/\/www.argensend.com\/en\/wp-json\/wp\/v2\/types\/product"}],"replies":[{"embeddable":true,"href":"https:\/\/www.argensend.com\/en\/wp-json\/wp\/v2\/comments?post=75750"}],"version-history":[{"count":2,"href":"https:\/\/www.argensend.com\/en\/wp-json\/wp\/v2\/product\/75750\/revisions"}],"predecessor-version":[{"id":105023,"href":"https:\/\/www.argensend.com\/en\/wp-json\/wp\/v2\/product\/75750\/revisions\/105023"}],"wp:featuredmedia":[{"embeddable":true,"href":"https:\/\/www.argensend.com\/en\/wp-json\/wp\/v2\/media\/75751"}],"wp:attachment":[{"href":"https:\/\/www.argensend.com\/en\/wp-json\/wp\/v2\/media?parent=75750"}],"wp:term":[{"taxonomy":"brand","embeddable":true,"href":"https:\/\/www.argensend.com\/en\/wp-json\/wp\/v2\/etheme_brands?post=75750"},{"taxonomy":"product_brand","embeddable":true,"href":"https:\/\/www.argensend.com\/en\/wp-json\/wp\/v2\/product_brand?post=75750"},{"taxonomy":"product_cat","embeddable":true,"href":"https:\/\/www.argensend.com\/en\/wp-json\/wp\/v2\/product_cat?post=75750"},{"taxonomy":"product_tag","embeddable":true,"href":"https:\/\/www.argensend.com\/en\/wp-json\/wp\/v2\/product_tag?post=75750"}],"curies":[{"name":"wp","href":"https:\/\/api.w.org\/{rel}","templated":true}]}}