{"id":75761,"date":"2023-07-05T12:30:02","date_gmt":"2023-07-05T15:30:02","guid":{"rendered":"https:\/\/www.argensend.com\/?post_type=product&#038;p=75761"},"modified":"2024-12-06T16:37:26","modified_gmt":"2024-12-06T19:37:26","slug":"linda-tonico-facial-125-ml","status":"publish","type":"product","link":"https:\/\/www.argensend.com\/en\/product\/linda-tonico-facial-125-ml\/","title":{"rendered":"Linda &#8211; T\u00f3nico Facial 125ml"},"content":{"rendered":"","protected":false},"excerpt":{"rendered":"<p style=\"font-weight: 300\">CALMA E HIDRATA<\/p>\n<p style=\"font-weight: 300\">RESTAURA EL PH DE LA PIEL. TAMBI\u00c9N REDUCE EL ENROJECIMIENTO Y LA IRRITACI\u00d3N DE PIELES SENSIBLES, BRINDANDO SENSACI\u00d3N DE FRESCURA. LOS PRINCIPIOS ACTIVOS NATURALES MEJORAN Y SUAVIZAN LA APARIENCIA DE POROS DILATADOS. EL USO DIARIO DEL T\u00d3NICO GENERA MICROCONTRACCIONES EN LA MUSCULATURA FACIAL QUE FAVORECEN LA TONIFICACI\u00d3N DEL ROSTRO.<\/p>\n<p style=\"font-weight: 300\">COMPOSICI\u00d3N: HIDROLATOS DE MANZANILLA, LEMONGRASS, ROMERO, HINOJO, ACEITES ESENCIALES DE ROMERO, \u00c1RBOL DE T\u00c9, LAVANDA, GLICERINA VEGETAL, PLATA COLOIDAL.<\/p>\n<p style=\"font-weight: 300\">MODO DE USO: APLICAR DIARIAMENTE LUEGO DE LA LIMPIEZA FACIAL, CONTINUAR CON LA NUTRICI\u00d3N DEL ROSTRO.<\/p>\n<p style=\"font-weight: 300\">125 ML &#8211; ENVASE DE VIDRIO<\/p>\n<p style=\"font-weight: 300\">INCI: MATRICARIA RECUTITA FLOWER WATER, ROSMARINUS OFFICINALIS LEAF DISTILLATE WATER, CYMBOPOGON CITRATUS (LEMONGRASS) DISTILLATE WATER, GLYCERIN, FOENICULUM VULGARE FLOWER\/LEAF WATER, AQUA (AND) COLLOIDAL SILVER, BENZYL ALCOHOL, WATER, POTASSIUM SORBATE, SODIUM BENZOATE, LAVANDULA ANGUSTIFOLIA (LAVENDER) ESSENTIAL OIL, ROSMARINUS OFFICINALIS LEAF OIL, MELALEUCA ALTERNIFOLIA OIL.<\/p>","protected":false},"featured_media":75766,"comment_status":"closed","ping_status":"closed","template":"","meta":{"_acf_changed":false,"om_disable_all_campaigns":false,"_monsterinsights_skip_tracking":false,"_monsterinsights_sitenote_active":false,"_monsterinsights_sitenote_note":"","_monsterinsights_sitenote_category":0},"etheme_brands":[],"product_brand":[],"product_cat":[8935,8819,8820,4453],"product_tag":[437,4461,203,234,224,3246,4467,1612,1073,2217,4462,4459,320,4146,4464,1882,4460,4139,1943,4466,1160,4345,1934,4248,1536,4272,3207,3205,807,4465,4458,9216,652,1651,651,4463,4271,751],"class_list":{"0":"post-75761","1":"product","2":"type-product","3":"status-publish","4":"has-post-thumbnail","6":"product_cat-belleza-y-salud","7":"product_cat-farmacia","8":"product_cat-jabones-y-shampoo","9":"product_cat-salud-y-belleza-vegana","10":"product_tag-aceite","11":"product_tag-arcilla","12":"product_tag-argentina","13":"product_tag-argentine","14":"product_tag-argentino","15":"product_tag-beauty","16":"product_tag-beige","17":"product_tag-belleza","18":"product_tag-blanca","19":"product_tag-butter","20":"product_tag-clay","21":"product_tag-cleaning","22":"product_tag-coco","23":"product_tag-coconut","24":"product_tag-extract","25":"product_tag-extracto","26":"product_tag-healty","27":"product_tag-hibiscus","28":"product_tag-jabon","29":"product_tag-karite","30":"product_tag-limpieza","31":"product_tag-manteca","32":"product_tag-mosqueta","33":"product_tag-oil","34":"product_tag-oliva","35":"product_tag-olive","36":"product_tag-pink","37":"product_tag-rosa","38":"product_tag-salud","39":"product_tag-shea","40":"product_tag-soap","41":"product_tag-tonico","42":"product_tag-vegan","43":"product_tag-vegana","44":"product_tag-vegano","45":"product_tag-virgen","46":"product_tag-virgin","47":"product_tag-white","49":"first","50":"instock","51":"taxable","52":"shipping-taxable","53":"purchasable","54":"product-type-simple"},"acf":[],"aioseo_notices":[],"_links":{"self":[{"href":"https:\/\/www.argensend.com\/en\/wp-json\/wp\/v2\/product\/75761","targetHints":{"allow":["GET"]}}],"collection":[{"href":"https:\/\/www.argensend.com\/en\/wp-json\/wp\/v2\/product"}],"about":[{"href":"https:\/\/www.argensend.com\/en\/wp-json\/wp\/v2\/types\/product"}],"replies":[{"embeddable":true,"href":"https:\/\/www.argensend.com\/en\/wp-json\/wp\/v2\/comments?post=75761"}],"version-history":[{"count":2,"href":"https:\/\/www.argensend.com\/en\/wp-json\/wp\/v2\/product\/75761\/revisions"}],"predecessor-version":[{"id":105025,"href":"https:\/\/www.argensend.com\/en\/wp-json\/wp\/v2\/product\/75761\/revisions\/105025"}],"wp:featuredmedia":[{"embeddable":true,"href":"https:\/\/www.argensend.com\/en\/wp-json\/wp\/v2\/media\/75766"}],"wp:attachment":[{"href":"https:\/\/www.argensend.com\/en\/wp-json\/wp\/v2\/media?parent=75761"}],"wp:term":[{"taxonomy":"brand","embeddable":true,"href":"https:\/\/www.argensend.com\/en\/wp-json\/wp\/v2\/etheme_brands?post=75761"},{"taxonomy":"product_brand","embeddable":true,"href":"https:\/\/www.argensend.com\/en\/wp-json\/wp\/v2\/product_brand?post=75761"},{"taxonomy":"product_cat","embeddable":true,"href":"https:\/\/www.argensend.com\/en\/wp-json\/wp\/v2\/product_cat?post=75761"},{"taxonomy":"product_tag","embeddable":true,"href":"https:\/\/www.argensend.com\/en\/wp-json\/wp\/v2\/product_tag?post=75761"}],"curies":[{"name":"wp","href":"https:\/\/api.w.org\/{rel}","templated":true}]}}