{"id":75773,"date":"2023-07-05T12:55:24","date_gmt":"2023-07-05T15:55:24","guid":{"rendered":"https:\/\/www.argensend.com\/?post_type=product&#038;p=75773"},"modified":"2024-12-06T16:37:27","modified_gmt":"2024-12-06T19:37:27","slug":"linda-aceite-de-calendula-100-ml","status":"publish","type":"product","link":"https:\/\/www.argensend.com\/en\/product\/linda-aceite-de-calendula-100-ml\/","title":{"rendered":"Linda &#8211; Aceite de Cal\u00e9ndula 100ml"},"content":{"rendered":"","protected":false},"excerpt":{"rendered":"<p style=\"font-weight: 300\">ANALG\u00c9SICO, ANTIOXIDANTE Y REGENERADOR. ACEITE INDICADO PARA LAS PIELES SENSIBLES Y DELICADAS, TAMBI\u00c9N ES MUY BUENO PARA EL CUIDADO DE LA PIEL DE BEB\u00c9S. EFECTO ANTI-INFLAMATORIO Y CALMANTE DE IRRITACIONES, QUEMADURAS O ECZEMAS. IDEAL PARA APLICAR SOBRE PICADURAS DE INSECTOS. SU ALTO PODER CICATRIZANTE FAVORECE LA RECONSTITUCI\u00d3N DE LOS TEJIDOS.<\/p>\n<p style=\"font-weight: 300\">COMPOSICI\u00d3N: EXTRACTO DE FLORES DE CAL\u00c9NDULA EN ACEITE PURO Y ORG\u00c1NICO DE JOJOBA<\/p>\n<p style=\"font-weight: 300\">100 ML &#8211; ENVASE DE VIDRIO<\/p>\n<p style=\"font-weight: 300\">INCI: CALENDULA OFFICINALIS FLOWER EXTRACT<\/p>","protected":false},"featured_media":75774,"comment_status":"closed","ping_status":"closed","template":"","meta":{"_acf_changed":false,"om_disable_all_campaigns":false,"_monsterinsights_skip_tracking":false,"_monsterinsights_sitenote_active":false,"_monsterinsights_sitenote_note":"","_monsterinsights_sitenote_category":0},"etheme_brands":[],"product_brand":[],"product_cat":[8935,8819,8820,4453],"product_tag":[437,4461,203,234,224,3246,4467,1612,1073,2217,4481,4462,4459,320,4146,4464,1882,4460,4139,1943,4466,1160,4345,1934,4248,1536,4272,3207,3205,807,4465,4458,9216,652,1651,651,4463,4271,751],"class_list":{"0":"post-75773","1":"product","2":"type-product","3":"status-publish","4":"has-post-thumbnail","6":"product_cat-belleza-y-salud","7":"product_cat-farmacia","8":"product_cat-jabones-y-shampoo","9":"product_cat-salud-y-belleza-vegana","10":"product_tag-aceite","11":"product_tag-arcilla","12":"product_tag-argentina","13":"product_tag-argentine","14":"product_tag-argentino","15":"product_tag-beauty","16":"product_tag-beige","17":"product_tag-belleza","18":"product_tag-blanca","19":"product_tag-butter","20":"product_tag-calendula","21":"product_tag-clay","22":"product_tag-cleaning","23":"product_tag-coco","24":"product_tag-coconut","25":"product_tag-extract","26":"product_tag-extracto","27":"product_tag-healty","28":"product_tag-hibiscus","29":"product_tag-jabon","30":"product_tag-karite","31":"product_tag-limpieza","32":"product_tag-manteca","33":"product_tag-mosqueta","34":"product_tag-oil","35":"product_tag-oliva","36":"product_tag-olive","37":"product_tag-pink","38":"product_tag-rosa","39":"product_tag-salud","40":"product_tag-shea","41":"product_tag-soap","42":"product_tag-tonico","43":"product_tag-vegan","44":"product_tag-vegana","45":"product_tag-vegano","46":"product_tag-virgen","47":"product_tag-virgin","48":"product_tag-white","50":"first","51":"instock","52":"taxable","53":"shipping-taxable","54":"purchasable","55":"product-type-simple"},"acf":[],"aioseo_notices":[],"_links":{"self":[{"href":"https:\/\/www.argensend.com\/en\/wp-json\/wp\/v2\/product\/75773","targetHints":{"allow":["GET"]}}],"collection":[{"href":"https:\/\/www.argensend.com\/en\/wp-json\/wp\/v2\/product"}],"about":[{"href":"https:\/\/www.argensend.com\/en\/wp-json\/wp\/v2\/types\/product"}],"replies":[{"embeddable":true,"href":"https:\/\/www.argensend.com\/en\/wp-json\/wp\/v2\/comments?post=75773"}],"version-history":[{"count":4,"href":"https:\/\/www.argensend.com\/en\/wp-json\/wp\/v2\/product\/75773\/revisions"}],"predecessor-version":[{"id":105028,"href":"https:\/\/www.argensend.com\/en\/wp-json\/wp\/v2\/product\/75773\/revisions\/105028"}],"wp:featuredmedia":[{"embeddable":true,"href":"https:\/\/www.argensend.com\/en\/wp-json\/wp\/v2\/media\/75774"}],"wp:attachment":[{"href":"https:\/\/www.argensend.com\/en\/wp-json\/wp\/v2\/media?parent=75773"}],"wp:term":[{"taxonomy":"brand","embeddable":true,"href":"https:\/\/www.argensend.com\/en\/wp-json\/wp\/v2\/etheme_brands?post=75773"},{"taxonomy":"product_brand","embeddable":true,"href":"https:\/\/www.argensend.com\/en\/wp-json\/wp\/v2\/product_brand?post=75773"},{"taxonomy":"product_cat","embeddable":true,"href":"https:\/\/www.argensend.com\/en\/wp-json\/wp\/v2\/product_cat?post=75773"},{"taxonomy":"product_tag","embeddable":true,"href":"https:\/\/www.argensend.com\/en\/wp-json\/wp\/v2\/product_tag?post=75773"}],"curies":[{"name":"wp","href":"https:\/\/api.w.org\/{rel}","templated":true}]}}