{"id":75815,"date":"2023-07-06T13:29:00","date_gmt":"2023-07-06T16:29:00","guid":{"rendered":"https:\/\/www.argensend.com\/?post_type=product&#038;p=75815"},"modified":"2024-12-06T16:37:27","modified_gmt":"2024-12-06T19:37:27","slug":"linda-crema-facial-50gr","status":"publish","type":"product","link":"https:\/\/www.argensend.com\/en\/product\/linda-crema-facial-50gr\/","title":{"rendered":"Linda &#8211; Crema Facial 50gr"},"content":{"rendered":"","protected":false},"excerpt":{"rendered":"<p style=\"font-weight: 300\">NUTRE Y HUMECTA CON UNA TEXTURA LIGERA, SE ADAPTA A TODO TIPO DE PIELES. NUTRE LA PIEL GRACIAS A LOS PRINCIPIOS ACTIVOS DE LOS ACEITES DE JOJOBA Y ALMENDRAS, QUE ADEM\u00c1S SON REGENERATIVOS. LAS PROPIEDADES DE LA CAL\u00c9NDULA RELAJAN Y DESINFLAMAN EL CUTIS, IDEAL PARA PIELES SENSIBLES. APORTA LUMINOSIDAD Y FIRMEZA A TODO EL ROSTRO.<\/p>\n<p style=\"font-weight: 300\">COMPOSICI\u00d3N: EXTRACTO BOT\u00c1NICO DE CAL\u00c9NDULA, ACEITES VEGETALES DE JOJOBA, ALMENDRAS, HIDROLATO DE LAVANDA, ACEITES ESENCIALES DE GERANIO, LAVANDA, VERBENA.<\/p>\n<p style=\"font-weight: 300\">MODO DE USO: LUEGO DE LA LIMPIEZA, APLICAR EN ROSTRO Y CUELLO. SE RECOMIENDA USAR DIARIAMENTE.<\/p>\n<p style=\"font-weight: 300\">50 GR &#8211; ENVASE DE VIDRIO<\/p>\n<p style=\"font-weight: 300\">INCI: LAVANDULA ANGUSTIFOLIA FLOWER DISTILLATE WATER, SIMMONDSIA CHINENSIS (JOJOBA) SEED OIL, CALENDULA OFFICINALIS FLOWER EXTRACT, PRUNUS AMYGDALUS DULCIS OIL, CETEARYL OLIVATE, SORBITAN OLIVATE, BENZYL ALCOHOL, WATER, POTASSIUM SORBATE, SODIUM BENZOATE, LAVANDULA ANGUSTIFOLIA FLOWERS, PELARGONIUM GRAVEOLENS OIL, LITSEA CUBEBA FRUIT OIL.<\/p>","protected":false},"featured_media":75816,"comment_status":"closed","ping_status":"closed","template":"","meta":{"_acf_changed":false,"om_disable_all_campaigns":false,"_monsterinsights_skip_tracking":false,"_monsterinsights_sitenote_active":false,"_monsterinsights_sitenote_note":"","_monsterinsights_sitenote_category":0},"etheme_brands":[],"product_brand":[],"product_cat":[8935,8819,8820,4453],"product_tag":[437,4461,203,234,224,3246,4467,1612,1073,2217,4481,4462,4459,320,4146,456,466,4464,1882,4460,4139,1943,4466,1160,4345,1934,4248,1536,4272,3207,3205,807,4465,4458,9216,652,1651,651,4463,4271,751],"class_list":{"0":"post-75815","1":"product","2":"type-product","3":"status-publish","4":"has-post-thumbnail","6":"product_cat-belleza-y-salud","7":"product_cat-farmacia","8":"product_cat-jabones-y-shampoo","9":"product_cat-salud-y-belleza-vegana","10":"product_tag-aceite","11":"product_tag-arcilla","12":"product_tag-argentina","13":"product_tag-argentine","14":"product_tag-argentino","15":"product_tag-beauty","16":"product_tag-beige","17":"product_tag-belleza","18":"product_tag-blanca","19":"product_tag-butter","20":"product_tag-calendula","21":"product_tag-clay","22":"product_tag-cleaning","23":"product_tag-coco","24":"product_tag-coconut","25":"product_tag-crema","26":"product_tag-crema-facial","27":"product_tag-extract","28":"product_tag-extracto","29":"product_tag-healty","30":"product_tag-hibiscus","31":"product_tag-jabon","32":"product_tag-karite","33":"product_tag-limpieza","34":"product_tag-manteca","35":"product_tag-mosqueta","36":"product_tag-oil","37":"product_tag-oliva","38":"product_tag-olive","39":"product_tag-pink","40":"product_tag-rosa","41":"product_tag-salud","42":"product_tag-shea","43":"product_tag-soap","44":"product_tag-tonico","45":"product_tag-vegan","46":"product_tag-vegana","47":"product_tag-vegano","48":"product_tag-virgen","49":"product_tag-virgin","50":"product_tag-white","52":"first","53":"instock","54":"taxable","55":"shipping-taxable","56":"purchasable","57":"product-type-simple"},"acf":[],"aioseo_notices":[],"_links":{"self":[{"href":"https:\/\/www.argensend.com\/en\/wp-json\/wp\/v2\/product\/75815","targetHints":{"allow":["GET"]}}],"collection":[{"href":"https:\/\/www.argensend.com\/en\/wp-json\/wp\/v2\/product"}],"about":[{"href":"https:\/\/www.argensend.com\/en\/wp-json\/wp\/v2\/types\/product"}],"replies":[{"embeddable":true,"href":"https:\/\/www.argensend.com\/en\/wp-json\/wp\/v2\/comments?post=75815"}],"version-history":[{"count":1,"href":"https:\/\/www.argensend.com\/en\/wp-json\/wp\/v2\/product\/75815\/revisions"}],"predecessor-version":[{"id":75820,"href":"https:\/\/www.argensend.com\/en\/wp-json\/wp\/v2\/product\/75815\/revisions\/75820"}],"wp:featuredmedia":[{"embeddable":true,"href":"https:\/\/www.argensend.com\/en\/wp-json\/wp\/v2\/media\/75816"}],"wp:attachment":[{"href":"https:\/\/www.argensend.com\/en\/wp-json\/wp\/v2\/media?parent=75815"}],"wp:term":[{"taxonomy":"brand","embeddable":true,"href":"https:\/\/www.argensend.com\/en\/wp-json\/wp\/v2\/etheme_brands?post=75815"},{"taxonomy":"product_brand","embeddable":true,"href":"https:\/\/www.argensend.com\/en\/wp-json\/wp\/v2\/product_brand?post=75815"},{"taxonomy":"product_cat","embeddable":true,"href":"https:\/\/www.argensend.com\/en\/wp-json\/wp\/v2\/product_cat?post=75815"},{"taxonomy":"product_tag","embeddable":true,"href":"https:\/\/www.argensend.com\/en\/wp-json\/wp\/v2\/product_tag?post=75815"}],"curies":[{"name":"wp","href":"https:\/\/api.w.org\/{rel}","templated":true}]}}