{"id":7596,"date":"2020-05-28T17:45:12","date_gmt":"2020-05-28T20:45:12","guid":{"rendered":"http:\/\/www.argensend.com\/producto\/nescafe-clasico-tradicion-100g\/"},"modified":"2025-04-21T14:13:45","modified_gmt":"2025-04-21T17:13:45","slug":"nescafe-clasico-tradicion-100g","status":"publish","type":"product","link":"https:\/\/www.argensend.com\/en\/product\/nescafe-clasico-tradicion-100g\/","title":{"rendered":"Nescaf\u00e9 &#8211; Caf\u00e9 Cl\u00e1sico Tradici\u00f3n 100gr"},"content":{"rendered":"","protected":false},"excerpt":{"rendered":"<p>Caf\u00e9 instantaneo<\/p>","protected":false},"featured_media":6730,"comment_status":"closed","ping_status":"closed","template":"","meta":{"_acf_changed":false,"om_disable_all_campaigns":false,"_monsterinsights_skip_tracking":false,"_monsterinsights_sitenote_active":false,"_monsterinsights_sitenote_note":"","_monsterinsights_sitenote_category":0},"etheme_brands":[],"product_brand":[],"product_cat":[2126,89],"product_tag":[203,234,224,1275,2921,236,232,233,2153,9997,2152],"class_list":{"0":"post-7596","1":"product","2":"type-product","3":"status-publish","4":"has-post-thumbnail","6":"product_cat-cafe","7":"product_cat-yerba-e-infusiones","8":"product_tag-argentina","9":"product_tag-argentine","10":"product_tag-argentino","11":"product_tag-cafe","12":"product_tag-coffe","13":"product_tag-delicious","14":"product_tag-food","15":"product_tag-foods","16":"product_tag-infusiones","17":"product_tag-t10bi","18":"product_tag-yerbas","20":"first","21":"instock","22":"taxable","23":"shipping-taxable","24":"purchasable","25":"product-type-simple"},"acf":[],"aioseo_notices":[],"_links":{"self":[{"href":"https:\/\/www.argensend.com\/en\/wp-json\/wp\/v2\/product\/7596","targetHints":{"allow":["GET"]}}],"collection":[{"href":"https:\/\/www.argensend.com\/en\/wp-json\/wp\/v2\/product"}],"about":[{"href":"https:\/\/www.argensend.com\/en\/wp-json\/wp\/v2\/types\/product"}],"replies":[{"embeddable":true,"href":"https:\/\/www.argensend.com\/en\/wp-json\/wp\/v2\/comments?post=7596"}],"version-history":[{"count":4,"href":"https:\/\/www.argensend.com\/en\/wp-json\/wp\/v2\/product\/7596\/revisions"}],"predecessor-version":[{"id":112536,"href":"https:\/\/www.argensend.com\/en\/wp-json\/wp\/v2\/product\/7596\/revisions\/112536"}],"wp:featuredmedia":[{"embeddable":true,"href":"https:\/\/www.argensend.com\/en\/wp-json\/wp\/v2\/media\/6730"}],"wp:attachment":[{"href":"https:\/\/www.argensend.com\/en\/wp-json\/wp\/v2\/media?parent=7596"}],"wp:term":[{"taxonomy":"brand","embeddable":true,"href":"https:\/\/www.argensend.com\/en\/wp-json\/wp\/v2\/etheme_brands?post=7596"},{"taxonomy":"product_brand","embeddable":true,"href":"https:\/\/www.argensend.com\/en\/wp-json\/wp\/v2\/product_brand?post=7596"},{"taxonomy":"product_cat","embeddable":true,"href":"https:\/\/www.argensend.com\/en\/wp-json\/wp\/v2\/product_cat?post=7596"},{"taxonomy":"product_tag","embeddable":true,"href":"https:\/\/www.argensend.com\/en\/wp-json\/wp\/v2\/product_tag?post=7596"}],"curies":[{"name":"wp","href":"https:\/\/api.w.org\/{rel}","templated":true}]}}