{"id":76578,"date":"2023-07-19T09:28:00","date_gmt":"2023-07-19T12:28:00","guid":{"rendered":"https:\/\/www.argensend.com\/?post_type=product&#038;p=76578"},"modified":"2024-12-06T16:37:49","modified_gmt":"2024-12-06T19:37:49","slug":"mate-de-inter-miami","status":"publish","type":"product","link":"https:\/\/www.argensend.com\/en\/product\/mate-de-inter-miami\/","title":{"rendered":"Mate de Inter Miami"},"content":{"rendered":"","protected":false},"excerpt":{"rendered":"<p>Aclaraci\u00f3n:<\/p>\n<p>El producto se encontrar\u00e1 disponible para ser enviado 4 d\u00edas h\u00e1biles despu\u00e9s de su compra.<\/p>","protected":false},"featured_media":76580,"comment_status":"open","ping_status":"closed","template":"","meta":{"_acf_changed":false,"om_disable_all_campaigns":false,"_monsterinsights_skip_tracking":false,"_monsterinsights_sitenote_active":false,"_monsterinsights_sitenote_note":"","_monsterinsights_sitenote_category":0,"jetpack_post_was_ever_published":false},"etheme_brands":[],"product_brand":[],"product_cat":[606,3600],"product_tag":[1050,9900,165,1976,9901],"class_list":{"0":"post-76578","1":"product","2":"type-product","3":"status-publish","4":"has-post-thumbnail","6":"product_cat-cocina-deco-bazar","7":"product_cat-messi","8":"product_tag-futbol","9":"product_tag-inter","10":"product_tag-mate","11":"product_tag-messi","12":"product_tag-miami","14":"first","15":"instock","16":"taxable","17":"shipping-taxable","18":"purchasable","19":"product-type-simple"},"acf":[],"aioseo_notices":[],"jetpack_sharing_enabled":true,"_links":{"self":[{"href":"https:\/\/www.argensend.com\/en\/wp-json\/wp\/v2\/product\/76578","targetHints":{"allow":["GET"]}}],"collection":[{"href":"https:\/\/www.argensend.com\/en\/wp-json\/wp\/v2\/product"}],"about":[{"href":"https:\/\/www.argensend.com\/en\/wp-json\/wp\/v2\/types\/product"}],"replies":[{"embeddable":true,"href":"https:\/\/www.argensend.com\/en\/wp-json\/wp\/v2\/comments?post=76578"}],"version-history":[{"count":5,"href":"https:\/\/www.argensend.com\/en\/wp-json\/wp\/v2\/product\/76578\/revisions"}],"predecessor-version":[{"id":103403,"href":"https:\/\/www.argensend.com\/en\/wp-json\/wp\/v2\/product\/76578\/revisions\/103403"}],"wp:featuredmedia":[{"embeddable":true,"href":"https:\/\/www.argensend.com\/en\/wp-json\/wp\/v2\/media\/76580"}],"wp:attachment":[{"href":"https:\/\/www.argensend.com\/en\/wp-json\/wp\/v2\/media?parent=76578"}],"wp:term":[{"taxonomy":"brand","embeddable":true,"href":"https:\/\/www.argensend.com\/en\/wp-json\/wp\/v2\/etheme_brands?post=76578"},{"taxonomy":"product_brand","embeddable":true,"href":"https:\/\/www.argensend.com\/en\/wp-json\/wp\/v2\/product_brand?post=76578"},{"taxonomy":"product_cat","embeddable":true,"href":"https:\/\/www.argensend.com\/en\/wp-json\/wp\/v2\/product_cat?post=76578"},{"taxonomy":"product_tag","embeddable":true,"href":"https:\/\/www.argensend.com\/en\/wp-json\/wp\/v2\/product_tag?post=76578"}],"curies":[{"name":"wp","href":"https:\/\/api.w.org\/{rel}","templated":true}]}}