{"id":7667,"date":"2020-05-28T17:45:25","date_gmt":"2020-05-28T20:45:25","guid":{"rendered":"http:\/\/www.argensend.com\/producto\/chimichurri-argentino-1854-x-50-grs\/"},"modified":"2025-05-29T15:14:58","modified_gmt":"2025-05-29T18:14:58","slug":"chimichurri-argentino-1854-x-50-grs","status":"publish","type":"product","link":"https:\/\/www.argensend.com\/en\/product\/chimichurri-argentino-1854-x-50-grs\/","title":{"rendered":"1854 &#8211; Chimichurri Argentino 50gr"},"content":{"rendered":"","protected":false},"excerpt":{"rendered":"<p>Chimichurri, insustituible para acompa\u00f1ar carnes a las brasas. T\u00edpicamente argentino, este condimento aporta el toque de sabor que har\u00e1 de su asado una experiencia inolvidable. Mezclar con aceite y vinagre a gusto.<\/p>\n<p>EN:<\/p>\n<p>Chimichurri, irreplaceable to accompany grilled meats. Typically Argentinean, this condiment provides the touch of flavor that will make your barbecue an unforgettable experience. Mix with oil and vinegar to taste.<\/p>","protected":false},"featured_media":62865,"comment_status":"closed","ping_status":"closed","template":"","meta":{"_acf_changed":false,"om_disable_all_campaigns":false,"_monsterinsights_skip_tracking":false,"_monsterinsights_sitenote_active":false,"_monsterinsights_sitenote_note":"","_monsterinsights_sitenote_category":0},"etheme_brands":[],"product_brand":[],"product_cat":[2130],"product_tag":[1831,1830,230,231,203,234,235,236,232,233,1650,1829,1828],"class_list":{"0":"post-7667","1":"product","2":"type-product","3":"status-publish","4":"has-post-thumbnail","6":"product_cat-sal-especias","7":"product_tag-1831","8":"product_tag-25-de-mayo","9":"product_tag-alimento","10":"product_tag-alimentos","11":"product_tag-argentina","12":"product_tag-argentine","13":"product_tag-delicias","14":"product_tag-delicious","15":"product_tag-food","16":"product_tag-foods","17":"product_tag-mayo","18":"product_tag-semana-de-mayo","19":"product_tag-semana-especial","21":"first","22":"instock","23":"taxable","24":"shipping-taxable","25":"purchasable","26":"product-type-simple"},"acf":[],"aioseo_notices":[],"_links":{"self":[{"href":"https:\/\/www.argensend.com\/en\/wp-json\/wp\/v2\/product\/7667","targetHints":{"allow":["GET"]}}],"collection":[{"href":"https:\/\/www.argensend.com\/en\/wp-json\/wp\/v2\/product"}],"about":[{"href":"https:\/\/www.argensend.com\/en\/wp-json\/wp\/v2\/types\/product"}],"replies":[{"embeddable":true,"href":"https:\/\/www.argensend.com\/en\/wp-json\/wp\/v2\/comments?post=7667"}],"version-history":[{"count":3,"href":"https:\/\/www.argensend.com\/en\/wp-json\/wp\/v2\/product\/7667\/revisions"}],"predecessor-version":[{"id":97926,"href":"https:\/\/www.argensend.com\/en\/wp-json\/wp\/v2\/product\/7667\/revisions\/97926"}],"wp:featuredmedia":[{"embeddable":true,"href":"https:\/\/www.argensend.com\/en\/wp-json\/wp\/v2\/media\/62865"}],"wp:attachment":[{"href":"https:\/\/www.argensend.com\/en\/wp-json\/wp\/v2\/media?parent=7667"}],"wp:term":[{"taxonomy":"brand","embeddable":true,"href":"https:\/\/www.argensend.com\/en\/wp-json\/wp\/v2\/etheme_brands?post=7667"},{"taxonomy":"product_brand","embeddable":true,"href":"https:\/\/www.argensend.com\/en\/wp-json\/wp\/v2\/product_brand?post=7667"},{"taxonomy":"product_cat","embeddable":true,"href":"https:\/\/www.argensend.com\/en\/wp-json\/wp\/v2\/product_cat?post=7667"},{"taxonomy":"product_tag","embeddable":true,"href":"https:\/\/www.argensend.com\/en\/wp-json\/wp\/v2\/product_tag?post=7667"}],"curies":[{"name":"wp","href":"https:\/\/api.w.org\/{rel}","templated":true}]}}