{"id":76936,"date":"2023-07-21T14:49:11","date_gmt":"2023-07-21T17:49:11","guid":{"rendered":"https:\/\/www.argensend.com\/?post_type=product&#038;p=76936"},"modified":"2025-04-21T13:55:01","modified_gmt":"2025-04-21T16:55:01","slug":"cachamate-yerba-mate-amarilla-paquete-1-kg","status":"publish","type":"product","link":"https:\/\/www.argensend.com\/en\/product\/cachamate-yerba-mate-amarilla-paquete-1-kg\/","title":{"rendered":"Cachamate &#8211; Yerba Mate Amarilla paquete 1kg"},"content":{"rendered":"<p>Yerba Mate Hierbas Digestivas Manzanilla x 1 KGr &#8211; Cachamate<\/p>\n<p>Ingredientes: Yerba mate con palo, poleo, manzanilla, hinojo, coriandro, menta. Puede contener soja y leche.<\/p>\n<p>100% Natural<\/p>\n<p>Una infusi\u00f3n fresca y liviana que favorece la digesti\u00f3n. Esta equilibrada mezcla de hierbas destaca las virtudes arom\u00e1ticas de la menta, el sutil sabor de la manzanilla y el perfume del hinojo, similar al del an\u00eds.<\/p>","protected":false},"excerpt":{"rendered":"<p>Yerba Mate Cachamate<\/p>","protected":false},"featured_media":76937,"comment_status":"closed","ping_status":"closed","template":"","meta":{"_acf_changed":false,"om_disable_all_campaigns":false,"_monsterinsights_skip_tracking":false,"_monsterinsights_sitenote_active":false,"_monsterinsights_sitenote_note":"","_monsterinsights_sitenote_category":0},"etheme_brands":[],"product_brand":[],"product_cat":[2124],"product_tag":[203,234,224,6975,3965,884,225,165,228,163],"class_list":{"0":"post-76936","1":"product","2":"type-product","3":"status-publish","4":"has-post-thumbnail","6":"product_cat-yerbas","7":"product_tag-argentina","8":"product_tag-argentine","9":"product_tag-argentino","10":"product_tag-cachamate","11":"product_tag-herbs","12":"product_tag-hierbas","13":"product_tag-infusion","14":"product_tag-mate","15":"product_tag-tradicional","16":"product_tag-yerba","18":"first","19":"instock","20":"taxable","21":"shipping-taxable","22":"purchasable","23":"product-type-simple"},"acf":[],"aioseo_notices":[],"_links":{"self":[{"href":"https:\/\/www.argensend.com\/en\/wp-json\/wp\/v2\/product\/76936","targetHints":{"allow":["GET"]}}],"collection":[{"href":"https:\/\/www.argensend.com\/en\/wp-json\/wp\/v2\/product"}],"about":[{"href":"https:\/\/www.argensend.com\/en\/wp-json\/wp\/v2\/types\/product"}],"replies":[{"embeddable":true,"href":"https:\/\/www.argensend.com\/en\/wp-json\/wp\/v2\/comments?post=76936"}],"version-history":[{"count":4,"href":"https:\/\/www.argensend.com\/en\/wp-json\/wp\/v2\/product\/76936\/revisions"}],"predecessor-version":[{"id":116303,"href":"https:\/\/www.argensend.com\/en\/wp-json\/wp\/v2\/product\/76936\/revisions\/116303"}],"wp:featuredmedia":[{"embeddable":true,"href":"https:\/\/www.argensend.com\/en\/wp-json\/wp\/v2\/media\/76937"}],"wp:attachment":[{"href":"https:\/\/www.argensend.com\/en\/wp-json\/wp\/v2\/media?parent=76936"}],"wp:term":[{"taxonomy":"brand","embeddable":true,"href":"https:\/\/www.argensend.com\/en\/wp-json\/wp\/v2\/etheme_brands?post=76936"},{"taxonomy":"product_brand","embeddable":true,"href":"https:\/\/www.argensend.com\/en\/wp-json\/wp\/v2\/product_brand?post=76936"},{"taxonomy":"product_cat","embeddable":true,"href":"https:\/\/www.argensend.com\/en\/wp-json\/wp\/v2\/product_cat?post=76936"},{"taxonomy":"product_tag","embeddable":true,"href":"https:\/\/www.argensend.com\/en\/wp-json\/wp\/v2\/product_tag?post=76936"}],"curies":[{"name":"wp","href":"https:\/\/api.w.org\/{rel}","templated":true}]}}