{"id":7704,"date":"2020-05-28T17:45:32","date_gmt":"2020-05-28T20:45:32","guid":{"rendered":"http:\/\/www.argensend.com\/producto\/saquito-mate-cocido-100-saquitos\/"},"modified":"2025-07-26T18:28:59","modified_gmt":"2025-07-26T21:28:59","slug":"saquito-mate-cocido-100-saquitos","status":"publish","type":"product","link":"https:\/\/www.argensend.com\/en\/product\/saquito-mate-cocido-100-saquitos\/","title":{"rendered":"Uni\u00f3n &#8211; Matecocido 100 SAqu\u00edtos"},"content":{"rendered":"<p>Es la primera yerba mate del mercado que logr\u00f3 unir suavidad y rendimiento en un mismo mate. Ofrece una experiencia ideal para compartir cada momento, combinando un perfil de sabor suave, con cuerpo, a lo largo de todas las cebadas.<\/p>","protected":false},"excerpt":{"rendered":"<p>Yerba<\/p>","protected":false},"featured_media":7957,"comment_status":"closed","ping_status":"closed","template":"","meta":{"_acf_changed":false,"om_disable_all_campaigns":false,"_monsterinsights_skip_tracking":false,"_monsterinsights_sitenote_active":false,"_monsterinsights_sitenote_note":"","_monsterinsights_sitenote_category":0},"etheme_brands":[],"product_brand":[],"product_cat":[2125,89],"product_tag":[230,231,203,234,2913,235,236,232,233,2153,165,2152],"class_list":{"0":"post-7704","1":"product","2":"type-product","3":"status-publish","4":"has-post-thumbnail","6":"product_cat-te-mate-cocido","7":"product_cat-yerba-e-infusiones","8":"product_tag-alimento","9":"product_tag-alimentos","10":"product_tag-argentina","11":"product_tag-argentine","12":"product_tag-cocido","13":"product_tag-delicias","14":"product_tag-delicious","15":"product_tag-food","16":"product_tag-foods","17":"product_tag-infusiones","18":"product_tag-mate","19":"product_tag-yerbas","21":"first","22":"instock","23":"taxable","24":"shipping-taxable","25":"purchasable","26":"product-type-simple"},"acf":[],"aioseo_notices":[],"_links":{"self":[{"href":"https:\/\/www.argensend.com\/en\/wp-json\/wp\/v2\/product\/7704","targetHints":{"allow":["GET"]}}],"collection":[{"href":"https:\/\/www.argensend.com\/en\/wp-json\/wp\/v2\/product"}],"about":[{"href":"https:\/\/www.argensend.com\/en\/wp-json\/wp\/v2\/types\/product"}],"replies":[{"embeddable":true,"href":"https:\/\/www.argensend.com\/en\/wp-json\/wp\/v2\/comments?post=7704"}],"version-history":[{"count":7,"href":"https:\/\/www.argensend.com\/en\/wp-json\/wp\/v2\/product\/7704\/revisions"}],"predecessor-version":[{"id":116459,"href":"https:\/\/www.argensend.com\/en\/wp-json\/wp\/v2\/product\/7704\/revisions\/116459"}],"wp:featuredmedia":[{"embeddable":true,"href":"https:\/\/www.argensend.com\/en\/wp-json\/wp\/v2\/media\/7957"}],"wp:attachment":[{"href":"https:\/\/www.argensend.com\/en\/wp-json\/wp\/v2\/media?parent=7704"}],"wp:term":[{"taxonomy":"brand","embeddable":true,"href":"https:\/\/www.argensend.com\/en\/wp-json\/wp\/v2\/etheme_brands?post=7704"},{"taxonomy":"product_brand","embeddable":true,"href":"https:\/\/www.argensend.com\/en\/wp-json\/wp\/v2\/product_brand?post=7704"},{"taxonomy":"product_cat","embeddable":true,"href":"https:\/\/www.argensend.com\/en\/wp-json\/wp\/v2\/product_cat?post=7704"},{"taxonomy":"product_tag","embeddable":true,"href":"https:\/\/www.argensend.com\/en\/wp-json\/wp\/v2\/product_tag?post=7704"}],"curies":[{"name":"wp","href":"https:\/\/api.w.org\/{rel}","templated":true}]}}