{"id":78930,"date":"2023-08-07T11:19:57","date_gmt":"2023-08-07T14:19:57","guid":{"rendered":"https:\/\/www.argensend.com\/?post_type=product&#038;p=78930"},"modified":"2024-12-06T16:38:03","modified_gmt":"2024-12-06T19:38:03","slug":"libro-lenguaje-inclusivo-y-esi-en-las-aulas-de-valeria-sardi-y-carolina-tosi","status":"publish","type":"product","link":"https:\/\/www.argensend.com\/en\/product\/libro-lenguaje-inclusivo-y-esi-en-las-aulas-de-valeria-sardi-y-carolina-tosi\/","title":{"rendered":"Libro &#8211; Lenguaje Inclusivo y Esi en las Aulas de Valeria Sardi y Carolina Tosi"},"content":{"rendered":"","protected":false},"excerpt":{"rendered":"<p>\u00bfA qu\u00e9 se le llama &#8220;lenguaje inclusivo&#8221;? \u00bfQu\u00e9 relaciones existen entre su uso y la Educaci\u00f3n Sexual Integral (ESI)? \u00bfEs posible ense\u00f1ar y usar el lenguaje inclusivo en contextos educativos? \u00bfC\u00f3mo lo caracterizan las y los especialistas: como parte de un cambio ling\u00fc\u00edstico amplio o como una intervenci\u00f3n discursiva individual, es decir, a cargo de cada hablante? \u00bfPor qu\u00e9 hay quienes lo aceptan y quienes lo rechazan? \u00bfCu\u00e1les son los principales recursos del lenguaje no sexista e inclusivo de g\u00e9nero? En la Argentina el lenguaje no sexista emergi\u00f3 en forma masiva en los discursos sociales a partir de las acciones de #NiUnaMenos, colectivo feminista formado en 2015. Quienes defienden la tesis de la falta de representaci\u00f3n simb\u00f3lica de las mujeres en el lenguaje afirman que el uso del masculino gen\u00e9rico para referirse a los dos sexos no consigue representar a todxs, pues oculta o excluye a las mujeres, en la medida en que se basa en un pensamiento androc\u00e9ntrico que considera a los varones como sujetos de referencia y a las mujeres seres dependientes o que viven en funci\u00f3n de ellos. Quienes, en cambio, no avalan su uso, sostienen que se trata de un cambio forzado, impuesto por peque\u00f1os grupos de \u00e9lite, irrelevante en la lucha por la emancipaci\u00f3n de las mujeres y los colectivos por la diversidad, e incorrecto a nivel gramatical. Es que el fen\u00f3meno del lenguaje inclusivo ha provocado las m\u00e1s variadas reacciones en la sociedad: desde empat\u00eda y adhesi\u00f3n hasta rechazo, burlas y actitudes agresivas y virulentas. En este libro, Carolina Tosi y Valeria Sardi abordan estas cuestiones centrales de la agenda actual, haciendo un recorrido por diferentes \u00e1mbitos, desde el tratamiento del lenguaje inclusivo en los medios, en la normativa educativa y en la Real Academia Espa\u00f1ola, al tiempo que recuperan la historizaci\u00f3n y promulgaci\u00f3n de la Educaci\u00f3n Sexual Integral (ESI) para pensar con los lectores y las lectoras sobre qu\u00e9 lengua &#8220;debe&#8221; ense\u00f1arse en las aulas.<\/p>","protected":false},"featured_media":78935,"comment_status":"closed","ping_status":"closed","template":"","meta":{"_acf_changed":false,"om_disable_all_campaigns":false,"_monsterinsights_skip_tracking":false,"_monsterinsights_sitenote_active":false,"_monsterinsights_sitenote_note":"","_monsterinsights_sitenote_category":0},"etheme_brands":[],"product_brand":[],"product_cat":[685],"product_tag":[9622,9623,203,755,4732,3858,9594,3479,9595,9624,3829,3731,1052,4727,9627,752,4733,1058],"class_list":{"0":"post-78930","1":"product","2":"type-product","3":"status-publish","4":"has-post-thumbnail","6":"product_cat-libros","7":"product_tag-aprender","8":"product_tag-aprendiendo","9":"product_tag-argentina","10":"product_tag-book","11":"product_tag-books","12":"product_tag-children","13":"product_tag-cursiva","14":"product_tag-escribir","15":"product_tag-escribo","16":"product_tag-escritura","17":"product_tag-espanol","18":"product_tag-historia","19":"product_tag-juegos","20":"product_tag-leer","21":"product_tag-leo","22":"product_tag-libro","23":"product_tag-libros","24":"product_tag-ninos","26":"first","27":"instock","28":"taxable","29":"shipping-taxable","30":"purchasable","31":"product-type-simple"},"acf":[],"aioseo_notices":[],"_links":{"self":[{"href":"https:\/\/www.argensend.com\/en\/wp-json\/wp\/v2\/product\/78930","targetHints":{"allow":["GET"]}}],"collection":[{"href":"https:\/\/www.argensend.com\/en\/wp-json\/wp\/v2\/product"}],"about":[{"href":"https:\/\/www.argensend.com\/en\/wp-json\/wp\/v2\/types\/product"}],"replies":[{"embeddable":true,"href":"https:\/\/www.argensend.com\/en\/wp-json\/wp\/v2\/comments?post=78930"}],"version-history":[{"count":1,"href":"https:\/\/www.argensend.com\/en\/wp-json\/wp\/v2\/product\/78930\/revisions"}],"predecessor-version":[{"id":78936,"href":"https:\/\/www.argensend.com\/en\/wp-json\/wp\/v2\/product\/78930\/revisions\/78936"}],"wp:featuredmedia":[{"embeddable":true,"href":"https:\/\/www.argensend.com\/en\/wp-json\/wp\/v2\/media\/78935"}],"wp:attachment":[{"href":"https:\/\/www.argensend.com\/en\/wp-json\/wp\/v2\/media?parent=78930"}],"wp:term":[{"taxonomy":"brand","embeddable":true,"href":"https:\/\/www.argensend.com\/en\/wp-json\/wp\/v2\/etheme_brands?post=78930"},{"taxonomy":"product_brand","embeddable":true,"href":"https:\/\/www.argensend.com\/en\/wp-json\/wp\/v2\/product_brand?post=78930"},{"taxonomy":"product_cat","embeddable":true,"href":"https:\/\/www.argensend.com\/en\/wp-json\/wp\/v2\/product_cat?post=78930"},{"taxonomy":"product_tag","embeddable":true,"href":"https:\/\/www.argensend.com\/en\/wp-json\/wp\/v2\/product_tag?post=78930"}],"curies":[{"name":"wp","href":"https:\/\/api.w.org\/{rel}","templated":true}]}}