{"id":79503,"date":"2023-08-10T14:45:10","date_gmt":"2023-08-10T17:45:10","guid":{"rendered":"https:\/\/www.argensend.com\/?post_type=product&#038;p=79503"},"modified":"2024-12-06T16:38:12","modified_gmt":"2024-12-06T19:38:12","slug":"fidelite-12-ampollas-reestructurante-semillas-de-lino","status":"publish","type":"product","link":"https:\/\/www.argensend.com\/en\/product\/fidelite-12-ampollas-reestructurante-semillas-de-lino\/","title":{"rendered":"Fidelite &#8211; 12 Ampollas Reestructurante Semillas de Lino"},"content":{"rendered":"<p>&#8216;- Reestructura y cierra la fibra capilar.<\/p>\n<p>&#8211; Esta es una exclusiva f\u00f3rmula a base de extracto de semillas de lino para cabellos sensibilizados y da\u00f1ados. Rica en \u00e1cidos grasos, ceramidas y siliconas, reestructura la fibra capilar, aporta nutrientes esenciales y cierra la cut\u00edcula. Anti-frizz.<\/p>","protected":false},"excerpt":{"rendered":"<p>&#8216;- Reestructura y cierra la fibra capilar. &#8211; Esta es una exclusiva f\u00f3rmula a base de extracto de semillas de lino para cabellos sensibilizados y&#8230;<\/p>","protected":false},"featured_media":79504,"comment_status":"closed","ping_status":"closed","template":"","meta":{"_acf_changed":false,"om_disable_all_campaigns":false,"_monsterinsights_skip_tracking":false,"_monsterinsights_sitenote_active":false,"_monsterinsights_sitenote_note":"","_monsterinsights_sitenote_category":0},"etheme_brands":[],"product_brand":[],"product_cat":[8935,4453],"product_tag":[9890,1022,456,467,9199,9945,3931,6494,3356,1868,8849,10018],"class_list":{"0":"post-79503","1":"product","2":"type-product","3":"status-publish","4":"has-post-thumbnail","6":"product_cat-belleza-y-salud","7":"product_cat-salud-y-belleza-vegana","8":"product_tag-ampollas","9":"product_tag-cabello","10":"product_tag-crema","11":"product_tag-crema-en-pote","12":"product_tag-curlers","13":"product_tag-fidelite","14":"product_tag-hair","15":"product_tag-hidratacion","16":"product_tag-mascara","17":"product_tag-oleo","18":"product_tag-peinar","19":"product_tag-t10v","21":"first","22":"instock","23":"taxable","24":"shipping-taxable","25":"purchasable","26":"product-type-simple"},"acf":[],"aioseo_notices":[],"_links":{"self":[{"href":"https:\/\/www.argensend.com\/en\/wp-json\/wp\/v2\/product\/79503","targetHints":{"allow":["GET"]}}],"collection":[{"href":"https:\/\/www.argensend.com\/en\/wp-json\/wp\/v2\/product"}],"about":[{"href":"https:\/\/www.argensend.com\/en\/wp-json\/wp\/v2\/types\/product"}],"replies":[{"embeddable":true,"href":"https:\/\/www.argensend.com\/en\/wp-json\/wp\/v2\/comments?post=79503"}],"version-history":[{"count":3,"href":"https:\/\/www.argensend.com\/en\/wp-json\/wp\/v2\/product\/79503\/revisions"}],"predecessor-version":[{"id":119308,"href":"https:\/\/www.argensend.com\/en\/wp-json\/wp\/v2\/product\/79503\/revisions\/119308"}],"wp:featuredmedia":[{"embeddable":true,"href":"https:\/\/www.argensend.com\/en\/wp-json\/wp\/v2\/media\/79504"}],"wp:attachment":[{"href":"https:\/\/www.argensend.com\/en\/wp-json\/wp\/v2\/media?parent=79503"}],"wp:term":[{"taxonomy":"brand","embeddable":true,"href":"https:\/\/www.argensend.com\/en\/wp-json\/wp\/v2\/etheme_brands?post=79503"},{"taxonomy":"product_brand","embeddable":true,"href":"https:\/\/www.argensend.com\/en\/wp-json\/wp\/v2\/product_brand?post=79503"},{"taxonomy":"product_cat","embeddable":true,"href":"https:\/\/www.argensend.com\/en\/wp-json\/wp\/v2\/product_cat?post=79503"},{"taxonomy":"product_tag","embeddable":true,"href":"https:\/\/www.argensend.com\/en\/wp-json\/wp\/v2\/product_tag?post=79503"}],"curies":[{"name":"wp","href":"https:\/\/api.w.org\/{rel}","templated":true}]}}