{"id":79614,"date":"2023-08-11T12:14:39","date_gmt":"2023-08-11T15:14:39","guid":{"rendered":"https:\/\/www.argensend.com\/?post_type=product&#038;p=79614"},"modified":"2025-04-27T19:57:16","modified_gmt":"2025-04-27T22:57:16","slug":"zafran-barrita-de-caju-semillas-de-zapallo-sin-tacc-pack-x12","status":"publish","type":"product","link":"https:\/\/www.argensend.com\/en\/product\/zafran-barrita-de-caju-semillas-de-zapallo-sin-tacc-pack-x12\/","title":{"rendered":"Zafran &#8211; Barrita de Caju Semillas de Zapallo Sin Tacc Pack &#8211; 12"},"content":{"rendered":"","protected":false},"excerpt":{"rendered":"<p>Pack x 12 unidades &#8211; Barra de caj\u00fa y semillas de zapallo sin TACC.<\/p>\n<p>Ingredientes: Man\u00ed, az\u00facar de mascabo, almendras, casta\u00f1as de caj\u00fa, zapallo, s\u00e9samo y miel .<\/p>","protected":false},"featured_media":79615,"comment_status":"closed","ping_status":"closed","template":"","meta":{"_acf_changed":false,"om_disable_all_campaigns":false,"_monsterinsights_skip_tracking":false,"_monsterinsights_sitenote_active":false,"_monsterinsights_sitenote_note":"","_monsterinsights_sitenote_category":0},"etheme_brands":[],"product_brand":[],"product_cat":[3292,8803,2133,8833,2993,8922],"product_tag":[1782,1784,8257,8259,159,747,9338,8258,2961,746,9339,652,651,8859],"class_list":{"0":"post-79614","1":"product","2":"type-product","3":"status-publish","4":"has-post-thumbnail","6":"product_cat-bajas-calorias","7":"product_cat-dulce-sin-tacc","8":"product_cat-dulces-veganos","9":"product_cat-gluten-free-sin-tacc","10":"product_cat-snacks-dulces","11":"product_cat-veganos","12":"product_tag-barra","13":"product_tag-barritas","14":"product_tag-calorias","15":"product_tag-calories","16":"product_tag-chocolate","17":"product_tag-gluten","18":"product_tag-integra","19":"product_tag-low","20":"product_tag-semilla","21":"product_tag-sin","22":"product_tag-taac","23":"product_tag-vegan","24":"product_tag-vegano","25":"product_tag-veggie","27":"first","28":"instock","29":"taxable","30":"shipping-taxable","31":"purchasable","32":"product-type-simple"},"acf":[],"aioseo_notices":[],"_links":{"self":[{"href":"https:\/\/www.argensend.com\/en\/wp-json\/wp\/v2\/product\/79614","targetHints":{"allow":["GET"]}}],"collection":[{"href":"https:\/\/www.argensend.com\/en\/wp-json\/wp\/v2\/product"}],"about":[{"href":"https:\/\/www.argensend.com\/en\/wp-json\/wp\/v2\/types\/product"}],"replies":[{"embeddable":true,"href":"https:\/\/www.argensend.com\/en\/wp-json\/wp\/v2\/comments?post=79614"}],"version-history":[{"count":4,"href":"https:\/\/www.argensend.com\/en\/wp-json\/wp\/v2\/product\/79614\/revisions"}],"predecessor-version":[{"id":106613,"href":"https:\/\/www.argensend.com\/en\/wp-json\/wp\/v2\/product\/79614\/revisions\/106613"}],"wp:featuredmedia":[{"embeddable":true,"href":"https:\/\/www.argensend.com\/en\/wp-json\/wp\/v2\/media\/79615"}],"wp:attachment":[{"href":"https:\/\/www.argensend.com\/en\/wp-json\/wp\/v2\/media?parent=79614"}],"wp:term":[{"taxonomy":"brand","embeddable":true,"href":"https:\/\/www.argensend.com\/en\/wp-json\/wp\/v2\/etheme_brands?post=79614"},{"taxonomy":"product_brand","embeddable":true,"href":"https:\/\/www.argensend.com\/en\/wp-json\/wp\/v2\/product_brand?post=79614"},{"taxonomy":"product_cat","embeddable":true,"href":"https:\/\/www.argensend.com\/en\/wp-json\/wp\/v2\/product_cat?post=79614"},{"taxonomy":"product_tag","embeddable":true,"href":"https:\/\/www.argensend.com\/en\/wp-json\/wp\/v2\/product_tag?post=79614"}],"curies":[{"name":"wp","href":"https:\/\/api.w.org\/{rel}","templated":true}]}}