{"id":79771,"date":"2023-08-14T10:51:37","date_gmt":"2023-08-14T13:51:37","guid":{"rendered":"https:\/\/www.argensend.com\/?post_type=product&#038;p=79771"},"modified":"2025-04-21T17:08:07","modified_gmt":"2025-04-21T20:08:07","slug":"natural-pop-vegano-premezcla-crepes-veggie-sin-tacc-libre-gluten-natural-pop-200gr","status":"publish","type":"product","link":"https:\/\/www.argensend.com\/en\/product\/natural-pop-vegano-premezcla-crepes-veggie-sin-tacc-libre-gluten-natural-pop-200gr\/","title":{"rendered":"Natural Pop Vegano &#8211; Premezcla Crepes Veggie Sin Tacc Libre Gluten Natural Pop 200gr"},"content":{"rendered":"<div class=\"ui-pdp-container__col col-2 ui-pdp--relative\">\n<div class=\"ui-pdp--sticky-wrapper ui-pdp--sticky-wrapper-gallery\">\n<div class=\"ui-pdp-gallery\" role=\"group\" aria-label=\"Galer\u00eda de fotos, Imagen 1 de 3 de Premezcla Faina Sin Gluten Natural Pop Vegano Alto Proteina Natural Pop Faina Premezcla Para Faina Sin Gluten - Unidad - 1 - 200 g\">\n<div class=\"ui-pdp-gallery__column\">\n<div class=\"ui-pdp-thumbnail ui-pdp-gallery__thumbnail\" role=\"presentation\"><\/div>\n<\/div>\n<\/div>\n<\/div>\n<\/div>\n<div class=\"ui-pdp-container__col col-2 mr-32\">\n<div class=\"ui-pdp-container__top-wrapper mt-40\">\n<div class=\"ui-pdp-header\">\n<div class=\"ui-pdp-header__subtitle\"><\/div>\n<div class=\"ui-pdp-header__title-container\">\n<h1 class=\"ui-pdp-title\"><\/h1>\n<\/div>\n<\/div>\n<\/div>\n<\/div>","protected":false},"excerpt":{"rendered":"<p><strong>Premezcla Crepes Veggie Natural POP &#8211; Pack X3.<\/p>\n<p><\/strong>Premezcla a base de harina de arroz, f\u00e9cula de mandioca, almid\u00f3n de ma\u00edz con an\u00e1logo de huevo vegetal.<\/p>\n<p>Caracter\u00edsticas:<br \/>\n\u2022 100% vegano.<br \/>\n\u2022 Libre de gluten.<br \/>\n\u2022 Sin T.A.A.C.<br \/>\n\u2022 Sin conservantes.<br \/>\n\u2022 Sin saborizantes.<\/p>","protected":false},"featured_media":79769,"comment_status":"closed","ping_status":"closed","template":"","meta":{"_acf_changed":false,"om_disable_all_campaigns":false,"_monsterinsights_skip_tracking":false,"_monsterinsights_sitenote_active":false,"_monsterinsights_sitenote_note":"","_monsterinsights_sitenote_category":0},"etheme_brands":[],"product_brand":[],"product_cat":[8800,8833,8797],"product_tag":[203,234,224,3891,4439,786],"class_list":{"0":"post-79771","1":"product","2":"type-product","3":"status-publish","4":"has-post-thumbnail","6":"product_cat-alimentos-gluten-free-sin-tacc","7":"product_cat-gluten-free-sin-tacc","8":"product_cat-premezclas","9":"product_tag-argentina","10":"product_tag-argentine","11":"product_tag-argentino","12":"product_tag-bread","13":"product_tag-crepes","14":"product_tag-premezcla","16":"first","17":"instock","18":"taxable","19":"shipping-taxable","20":"purchasable","21":"product-type-simple"},"acf":[],"aioseo_notices":[],"_links":{"self":[{"href":"https:\/\/www.argensend.com\/en\/wp-json\/wp\/v2\/product\/79771","targetHints":{"allow":["GET"]}}],"collection":[{"href":"https:\/\/www.argensend.com\/en\/wp-json\/wp\/v2\/product"}],"about":[{"href":"https:\/\/www.argensend.com\/en\/wp-json\/wp\/v2\/types\/product"}],"replies":[{"embeddable":true,"href":"https:\/\/www.argensend.com\/en\/wp-json\/wp\/v2\/comments?post=79771"}],"version-history":[{"count":1,"href":"https:\/\/www.argensend.com\/en\/wp-json\/wp\/v2\/product\/79771\/revisions"}],"predecessor-version":[{"id":79777,"href":"https:\/\/www.argensend.com\/en\/wp-json\/wp\/v2\/product\/79771\/revisions\/79777"}],"wp:featuredmedia":[{"embeddable":true,"href":"https:\/\/www.argensend.com\/en\/wp-json\/wp\/v2\/media\/79769"}],"wp:attachment":[{"href":"https:\/\/www.argensend.com\/en\/wp-json\/wp\/v2\/media?parent=79771"}],"wp:term":[{"taxonomy":"brand","embeddable":true,"href":"https:\/\/www.argensend.com\/en\/wp-json\/wp\/v2\/etheme_brands?post=79771"},{"taxonomy":"product_brand","embeddable":true,"href":"https:\/\/www.argensend.com\/en\/wp-json\/wp\/v2\/product_brand?post=79771"},{"taxonomy":"product_cat","embeddable":true,"href":"https:\/\/www.argensend.com\/en\/wp-json\/wp\/v2\/product_cat?post=79771"},{"taxonomy":"product_tag","embeddable":true,"href":"https:\/\/www.argensend.com\/en\/wp-json\/wp\/v2\/product_tag?post=79771"}],"curies":[{"name":"wp","href":"https:\/\/api.w.org\/{rel}","templated":true}]}}