{"id":79960,"date":"2023-08-16T11:48:37","date_gmt":"2023-08-16T14:48:37","guid":{"rendered":"https:\/\/www.argensend.com\/?post_type=product&#038;p=79960"},"modified":"2024-12-06T16:38:25","modified_gmt":"2024-12-06T19:38:25","slug":"mary-bosques-tratamiento-reparador-diario-60-segundos-200-g","status":"publish","type":"product","link":"https:\/\/www.argensend.com\/en\/product\/mary-bosques-tratamiento-reparador-diario-60-segundos-200-g\/","title":{"rendered":"Mary Bosques &#8211; Tratamiento Reparador Diario 60 Segundos 200gr"},"content":{"rendered":"","protected":false},"excerpt":{"rendered":"<p>Tratamiento Reparador Diario<br \/>\nEn 60 segundos encontr\u00e1 24 horas de pelo hermoso.<br \/>\nLa falta de tiempo ya no es un problema, ahora con Mary Bosques, pod\u00e9s reparar tu pelo en forma r\u00e1pida y profunda. La nueva tecnolog\u00eda, te permite en s\u00f3lo 60 segundos, disfrutar de un pelo totalmente nutrido, sano y renovado todo el d\u00eda. Vos segu\u00ed a mil, que Mary Bosques te cuida el pelo.<\/p>","protected":false},"featured_media":79961,"comment_status":"closed","ping_status":"closed","template":"","meta":{"_acf_changed":false,"om_disable_all_campaigns":false,"_monsterinsights_skip_tracking":false,"_monsterinsights_sitenote_active":false,"_monsterinsights_sitenote_note":"","_monsterinsights_sitenote_category":0},"etheme_brands":[],"product_brand":[],"product_cat":[8935],"product_tag":[5427,3246,1022,8950,6504,2970,456,8958,8982,3931,4247,4257,5415,8980,273,914,9201,8849,3928,8847,3925,9200],"class_list":{"0":"post-79960","1":"product","2":"type-product","3":"status-publish","4":"has-post-thumbnail","6":"product_cat-belleza-y-salud","7":"product_tag-acondicionador","8":"product_tag-beauty","9":"product_tag-cabello","10":"product_tag-capilatis","11":"product_tag-conditioner","12":"product_tag-control","13":"product_tag-crema","14":"product_tag-graso","15":"product_tag-grease","16":"product_tag-hair","17":"product_tag-health","18":"product_tag-healthy","19":"product_tag-intensive","20":"product_tag-intensivo","21":"product_tag-mililitros","22":"product_tag-ml","23":"product_tag-ondas","24":"product_tag-peinar","25":"product_tag-pelo","26":"product_tag-rulos","27":"product_tag-shampoo","28":"product_tag-waves","30":"first","31":"instock","32":"taxable","33":"shipping-taxable","34":"purchasable","35":"product-type-simple"},"acf":[],"aioseo_notices":[],"_links":{"self":[{"href":"https:\/\/www.argensend.com\/en\/wp-json\/wp\/v2\/product\/79960","targetHints":{"allow":["GET"]}}],"collection":[{"href":"https:\/\/www.argensend.com\/en\/wp-json\/wp\/v2\/product"}],"about":[{"href":"https:\/\/www.argensend.com\/en\/wp-json\/wp\/v2\/types\/product"}],"replies":[{"embeddable":true,"href":"https:\/\/www.argensend.com\/en\/wp-json\/wp\/v2\/comments?post=79960"}],"version-history":[{"count":2,"href":"https:\/\/www.argensend.com\/en\/wp-json\/wp\/v2\/product\/79960\/revisions"}],"predecessor-version":[{"id":105179,"href":"https:\/\/www.argensend.com\/en\/wp-json\/wp\/v2\/product\/79960\/revisions\/105179"}],"wp:featuredmedia":[{"embeddable":true,"href":"https:\/\/www.argensend.com\/en\/wp-json\/wp\/v2\/media\/79961"}],"wp:attachment":[{"href":"https:\/\/www.argensend.com\/en\/wp-json\/wp\/v2\/media?parent=79960"}],"wp:term":[{"taxonomy":"brand","embeddable":true,"href":"https:\/\/www.argensend.com\/en\/wp-json\/wp\/v2\/etheme_brands?post=79960"},{"taxonomy":"product_brand","embeddable":true,"href":"https:\/\/www.argensend.com\/en\/wp-json\/wp\/v2\/product_brand?post=79960"},{"taxonomy":"product_cat","embeddable":true,"href":"https:\/\/www.argensend.com\/en\/wp-json\/wp\/v2\/product_cat?post=79960"},{"taxonomy":"product_tag","embeddable":true,"href":"https:\/\/www.argensend.com\/en\/wp-json\/wp\/v2\/product_tag?post=79960"}],"curies":[{"name":"wp","href":"https:\/\/api.w.org\/{rel}","templated":true}]}}