{"id":80015,"date":"2023-08-16T16:14:29","date_gmt":"2023-08-16T19:14:29","guid":{"rendered":"https:\/\/www.argensend.com\/?post_type=product&#038;p=80015"},"modified":"2025-04-22T17:59:41","modified_gmt":"2025-04-22T20:59:41","slug":"beepure-dulce-de-frutos-del-bosque-270g","status":"publish","type":"product","link":"https:\/\/www.argensend.com\/en\/product\/beepure-dulce-de-frutos-del-bosque-270g\/","title":{"rendered":"BeePure &#8211; Dulce de Frutos Del Bosque 270gr"},"content":{"rendered":"","protected":false},"excerpt":{"rendered":"<p><strong>Dulce de frutos del bosque BEEPURE x270g<\/strong><\/p>\n<p>El dulce artesanal de frutos del bosque BEEPURE est\u00e1 preparado con frambuesas, ar\u00e1ndanos y zarzamoras org\u00e1nicas de El Bols\u00f3n. Tiene el equilibrio perfecto entre la acidez de la frambuesa y el dulzor del ar\u00e1ndano. Lo elaboramos con fruta entera, lo que nos permite disfrutar de la textura t\u00edpica de los dulces de la Patagonia argentina.<\/p>","protected":false},"featured_media":80016,"comment_status":"closed","ping_status":"closed","template":"","meta":{"_acf_changed":false,"om_disable_all_campaigns":false,"_monsterinsights_skip_tracking":false,"_monsterinsights_sitenote_active":false,"_monsterinsights_sitenote_note":"","_monsterinsights_sitenote_category":0},"etheme_brands":[],"product_brand":[],"product_cat":[81,8808,8790],"product_tag":[9279,4681,9280,1500,67,278,9182,3838,1549,4130,172,746,1777,748],"class_list":{"0":"post-80015","1":"product","2":"type-product","3":"status-publish","4":"has-post-thumbnail","6":"product_cat-dulce-de-leche","7":"product_cat-dulce-kosher","8":"product_cat-pasteleria-y-reposteria","9":"product_tag-beepure","10":"product_tag-breakfast","11":"product_tag-de-leche","12":"product_tag-desayuno","13":"product_tag-dulce","14":"product_tag-free","15":"product_tag-gluteen","16":"product_tag-merienda","17":"product_tag-miel","18":"product_tag-organic","19":"product_tag-organico","20":"product_tag-sin","21":"product_tag-sweet","22":"product_tag-tacc","24":"first","25":"instock","26":"taxable","27":"shipping-taxable","28":"purchasable","29":"product-type-simple"},"acf":[],"aioseo_notices":[],"_links":{"self":[{"href":"https:\/\/www.argensend.com\/en\/wp-json\/wp\/v2\/product\/80015","targetHints":{"allow":["GET"]}}],"collection":[{"href":"https:\/\/www.argensend.com\/en\/wp-json\/wp\/v2\/product"}],"about":[{"href":"https:\/\/www.argensend.com\/en\/wp-json\/wp\/v2\/types\/product"}],"replies":[{"embeddable":true,"href":"https:\/\/www.argensend.com\/en\/wp-json\/wp\/v2\/comments?post=80015"}],"version-history":[{"count":2,"href":"https:\/\/www.argensend.com\/en\/wp-json\/wp\/v2\/product\/80015\/revisions"}],"predecessor-version":[{"id":98683,"href":"https:\/\/www.argensend.com\/en\/wp-json\/wp\/v2\/product\/80015\/revisions\/98683"}],"wp:featuredmedia":[{"embeddable":true,"href":"https:\/\/www.argensend.com\/en\/wp-json\/wp\/v2\/media\/80016"}],"wp:attachment":[{"href":"https:\/\/www.argensend.com\/en\/wp-json\/wp\/v2\/media?parent=80015"}],"wp:term":[{"taxonomy":"brand","embeddable":true,"href":"https:\/\/www.argensend.com\/en\/wp-json\/wp\/v2\/etheme_brands?post=80015"},{"taxonomy":"product_brand","embeddable":true,"href":"https:\/\/www.argensend.com\/en\/wp-json\/wp\/v2\/product_brand?post=80015"},{"taxonomy":"product_cat","embeddable":true,"href":"https:\/\/www.argensend.com\/en\/wp-json\/wp\/v2\/product_cat?post=80015"},{"taxonomy":"product_tag","embeddable":true,"href":"https:\/\/www.argensend.com\/en\/wp-json\/wp\/v2\/product_tag?post=80015"}],"curies":[{"name":"wp","href":"https:\/\/api.w.org\/{rel}","templated":true}]}}