{"id":80107,"date":"2023-08-18T10:40:41","date_gmt":"2023-08-18T13:40:41","guid":{"rendered":"https:\/\/www.argensend.com\/?post_type=product&#038;p=80107"},"modified":"2025-04-19T00:04:19","modified_gmt":"2025-04-19T03:04:19","slug":"mamuschka-lata-de-7-bombones-x-90-gr","status":"publish","type":"product","link":"https:\/\/www.argensend.com\/en\/product\/mamuschka-lata-de-7-bombones-x-90-gr\/","title":{"rendered":"Mamuschka &#8211; Lata de 7 Bombones 90gr"},"content":{"rendered":"","protected":false},"excerpt":{"rendered":"<p>Contiene una selecci\u00f3n de distintos bombones: Nuez con dulce de leche ba\u00f1ada en chocolate con leche, Marroc, Coraz\u00f3n de chocolate blanco o leche relleno con dulce de leche y Coraz\u00f3n de Avellana de chocolate blanco o leche relleno con MamuschCream, Bomb\u00f3n de Frambuesa, Bomb\u00f3n de Menta, Bomb\u00f3n de Capuccino, Cericette, Bomb\u00f3n de cassis y vainilla, Bomb\u00f3n de Calafate, Bomb\u00f3n Frambuesas a la Crema.<\/p>\n<div>Lata de 110mm. de di\u00e1metro.<\/div>","protected":false},"featured_media":80139,"comment_status":"closed","ping_status":"closed","template":"","meta":{"_acf_changed":false,"om_disable_all_campaigns":false,"_monsterinsights_skip_tracking":false,"_monsterinsights_sitenote_active":false,"_monsterinsights_sitenote_note":"","_monsterinsights_sitenote_category":0},"etheme_brands":[],"product_brand":[],"product_cat":[628,8803,78,7327],"product_tag":[162,2248,159,278,747,349,9183,160,3705,10019,9629],"class_list":{"0":"post-80107","1":"product","2":"type-product","3":"status-publish","4":"has-post-thumbnail","6":"product_cat-chocolates","7":"product_cat-dulce-sin-tacc","8":"product_cat-golosinas","9":"product_cat-san-valentin","10":"product_tag-blanco","11":"product_tag-bombones","12":"product_tag-chocolate","13":"product_tag-free","14":"product_tag-gluten","15":"product_tag-lata","16":"product_tag-mamuschka","17":"product_tag-patagonia","18":"product_tag-san","19":"product_tag-t10st","20":"product_tag-valentin","22":"first","23":"instock","24":"taxable","25":"shipping-taxable","26":"purchasable","27":"product-type-simple"},"acf":[],"aioseo_notices":[],"_links":{"self":[{"href":"https:\/\/www.argensend.com\/en\/wp-json\/wp\/v2\/product\/80107","targetHints":{"allow":["GET"]}}],"collection":[{"href":"https:\/\/www.argensend.com\/en\/wp-json\/wp\/v2\/product"}],"about":[{"href":"https:\/\/www.argensend.com\/en\/wp-json\/wp\/v2\/types\/product"}],"replies":[{"embeddable":true,"href":"https:\/\/www.argensend.com\/en\/wp-json\/wp\/v2\/comments?post=80107"}],"version-history":[{"count":3,"href":"https:\/\/www.argensend.com\/en\/wp-json\/wp\/v2\/product\/80107\/revisions"}],"predecessor-version":[{"id":103231,"href":"https:\/\/www.argensend.com\/en\/wp-json\/wp\/v2\/product\/80107\/revisions\/103231"}],"wp:featuredmedia":[{"embeddable":true,"href":"https:\/\/www.argensend.com\/en\/wp-json\/wp\/v2\/media\/80139"}],"wp:attachment":[{"href":"https:\/\/www.argensend.com\/en\/wp-json\/wp\/v2\/media?parent=80107"}],"wp:term":[{"taxonomy":"brand","embeddable":true,"href":"https:\/\/www.argensend.com\/en\/wp-json\/wp\/v2\/etheme_brands?post=80107"},{"taxonomy":"product_brand","embeddable":true,"href":"https:\/\/www.argensend.com\/en\/wp-json\/wp\/v2\/product_brand?post=80107"},{"taxonomy":"product_cat","embeddable":true,"href":"https:\/\/www.argensend.com\/en\/wp-json\/wp\/v2\/product_cat?post=80107"},{"taxonomy":"product_tag","embeddable":true,"href":"https:\/\/www.argensend.com\/en\/wp-json\/wp\/v2\/product_tag?post=80107"}],"curies":[{"name":"wp","href":"https:\/\/api.w.org\/{rel}","templated":true}]}}