{"id":80116,"date":"2023-08-18T11:05:36","date_gmt":"2023-08-18T14:05:36","guid":{"rendered":"https:\/\/www.argensend.com\/?post_type=product&#038;p=80116"},"modified":"2024-12-06T16:38:29","modified_gmt":"2024-12-06T19:38:29","slug":"snuks-almohaditas-snuks-rellenas-avellana-240gr","status":"publish","type":"product","link":"https:\/\/www.argensend.com\/en\/product\/snuks-almohaditas-snuks-rellenas-avellana-240gr\/","title":{"rendered":"Snuks &#8211; Almohaditas Rellenas Avellana 240gr"},"content":{"rendered":"","protected":false},"excerpt":{"rendered":"<div>\n<article>\n<div>\n<article>Harina de arroz, az\u00facar, aceite vegetal hidrogenado, aceite vegetal, cacao en polvo, emu ins 442, emu ins 322, emu ins 476, aro aromatizante permitido man\u00ed, aro aromatizante permitido vainilla, aro aromatizante permitido avellana, harina de ma\u00edz desgerminada, almid\u00f3n de ma\u00edz modificado, acreg bicarbonato de amonio, aromatizante artificial chocolate<\/article>\n<\/div>\n<div><\/div>\n<\/article>\n<\/div>\n<div><\/div>","protected":false},"featured_media":80117,"comment_status":"closed","ping_status":"closed","template":"","meta":{"_acf_changed":false,"om_disable_all_campaigns":false,"_monsterinsights_skip_tracking":false,"_monsterinsights_sitenote_active":false,"_monsterinsights_sitenote_note":"","_monsterinsights_sitenote_category":0},"etheme_brands":[],"product_brand":[],"product_cat":[8803,373,2993],"product_tag":[203,234,224,8486,4146,2068,275,8337,8336,8489],"class_list":{"0":"post-80116","1":"product","2":"type-product","3":"status-publish","4":"has-post-thumbnail","6":"product_cat-dulce-sin-tacc","7":"product_cat-snacks","8":"product_cat-snacks-dulces","9":"product_tag-argentina","10":"product_tag-argentine","11":"product_tag-argentino","12":"product_tag-azucarados","13":"product_tag-coconut","14":"product_tag-cookies","15":"product_tag-galletitas","16":"product_tag-polvorones","17":"product_tag-smams","18":"product_tag-sweetened","20":"first","21":"instock","22":"taxable","23":"shipping-taxable","24":"purchasable","25":"product-type-simple"},"acf":[],"aioseo_notices":[],"_links":{"self":[{"href":"https:\/\/www.argensend.com\/en\/wp-json\/wp\/v2\/product\/80116","targetHints":{"allow":["GET"]}}],"collection":[{"href":"https:\/\/www.argensend.com\/en\/wp-json\/wp\/v2\/product"}],"about":[{"href":"https:\/\/www.argensend.com\/en\/wp-json\/wp\/v2\/types\/product"}],"replies":[{"embeddable":true,"href":"https:\/\/www.argensend.com\/en\/wp-json\/wp\/v2\/comments?post=80116"}],"version-history":[{"count":2,"href":"https:\/\/www.argensend.com\/en\/wp-json\/wp\/v2\/product\/80116\/revisions"}],"predecessor-version":[{"id":80133,"href":"https:\/\/www.argensend.com\/en\/wp-json\/wp\/v2\/product\/80116\/revisions\/80133"}],"wp:featuredmedia":[{"embeddable":true,"href":"https:\/\/www.argensend.com\/en\/wp-json\/wp\/v2\/media\/80117"}],"wp:attachment":[{"href":"https:\/\/www.argensend.com\/en\/wp-json\/wp\/v2\/media?parent=80116"}],"wp:term":[{"taxonomy":"brand","embeddable":true,"href":"https:\/\/www.argensend.com\/en\/wp-json\/wp\/v2\/etheme_brands?post=80116"},{"taxonomy":"product_brand","embeddable":true,"href":"https:\/\/www.argensend.com\/en\/wp-json\/wp\/v2\/product_brand?post=80116"},{"taxonomy":"product_cat","embeddable":true,"href":"https:\/\/www.argensend.com\/en\/wp-json\/wp\/v2\/product_cat?post=80116"},{"taxonomy":"product_tag","embeddable":true,"href":"https:\/\/www.argensend.com\/en\/wp-json\/wp\/v2\/product_tag?post=80116"}],"curies":[{"name":"wp","href":"https:\/\/api.w.org\/{rel}","templated":true}]}}