{"id":80256,"date":"2023-08-22T15:56:32","date_gmt":"2023-08-22T18:56:32","guid":{"rendered":"https:\/\/www.argensend.com\/?post_type=product&#038;p=80256"},"modified":"2024-12-06T16:38:33","modified_gmt":"2024-12-06T19:38:33","slug":"javier-milei-el-fin-de-la-inflacion-planeta","status":"publish","type":"product","link":"https:\/\/www.argensend.com\/en\/product\/javier-milei-el-fin-de-la-inflacion-planeta\/","title":{"rendered":"Libro Javier Milei &#8211; &#8220;El Fin de la Inflaci\u00f3n&#8221; &#8211; Planeta"},"content":{"rendered":"","protected":false},"excerpt":{"rendered":"<p>Plant\u00e1ndole cara a la casta pol\u00edtica, peleando contra un supuesto sentido com\u00fan de \u00e9poca que est\u00e1 destruyendo la Argentina y retando a duelo de ideas a colegas economistas, el candidato a la presidencia de la Naci\u00f3n presenta aqu\u00ed tres textos que conforman el n\u00facleo de lo que podr\u00eda ser le\u00eddo como un programa de gobierno, y que en realidad es mucho m\u00e1s que eso: se trata de un ataque frontal a la inflaci\u00f3n, ese mal que corroe d\u00eda a d\u00eda la vida de millones y millones de argentinos.<br \/>\nNo ser\u00e1 una lucha f\u00e1cil, advierte Javier Milei: demasiados intereses enquistados, privilegios que llevan d\u00e9cadas, miserias corporativas. Pero hay una buena noticia: dar la pelea contra la inflaci\u00f3n, recuperar la libertad de elegir qu\u00e9 hacer con nuestro dinero y terminar con las mentiras de una eco-nom\u00eda intoxicada por la pol\u00edtica colocar\u00e1n los cimientos para volver a ser un gran pa\u00eds.<br \/>\n\u201cCuando los salarios en d\u00f3lares vuelen, habr\u00e1 una fuerte ca\u00edda de la pobreza y la indigencia y una ganancia en bienestar enorme, por el solo hecho de haber realizado un cambio monetario que termine con la estafa\u201d.<\/p>","protected":false},"featured_media":80257,"comment_status":"closed","ping_status":"closed","template":"","meta":{"_acf_changed":false,"om_disable_all_campaigns":false,"_monsterinsights_skip_tracking":false,"_monsterinsights_sitenote_active":false,"_monsterinsights_sitenote_note":"","_monsterinsights_sitenote_category":0},"etheme_brands":[],"product_brand":[],"product_cat":[685],"product_tag":[203,9952,9950,9951,752,9953,9954],"class_list":{"0":"post-80256","1":"product","2":"type-product","3":"status-publish","4":"has-post-thumbnail","6":"product_cat-libros","7":"product_tag-argentina","8":"product_tag-el-fin-de-la-inflacion","9":"product_tag-javier-milei","10":"product_tag-javier-milei-libro","11":"product_tag-libro","12":"product_tag-libro-el-fin-de-la-inlfacion","13":"product_tag-milei","15":"first","16":"instock","17":"taxable","18":"shipping-taxable","19":"purchasable","20":"product-type-simple"},"acf":[],"aioseo_notices":[],"_links":{"self":[{"href":"https:\/\/www.argensend.com\/en\/wp-json\/wp\/v2\/product\/80256","targetHints":{"allow":["GET"]}}],"collection":[{"href":"https:\/\/www.argensend.com\/en\/wp-json\/wp\/v2\/product"}],"about":[{"href":"https:\/\/www.argensend.com\/en\/wp-json\/wp\/v2\/types\/product"}],"replies":[{"embeddable":true,"href":"https:\/\/www.argensend.com\/en\/wp-json\/wp\/v2\/comments?post=80256"}],"version-history":[{"count":2,"href":"https:\/\/www.argensend.com\/en\/wp-json\/wp\/v2\/product\/80256\/revisions"}],"predecessor-version":[{"id":80263,"href":"https:\/\/www.argensend.com\/en\/wp-json\/wp\/v2\/product\/80256\/revisions\/80263"}],"wp:featuredmedia":[{"embeddable":true,"href":"https:\/\/www.argensend.com\/en\/wp-json\/wp\/v2\/media\/80257"}],"wp:attachment":[{"href":"https:\/\/www.argensend.com\/en\/wp-json\/wp\/v2\/media?parent=80256"}],"wp:term":[{"taxonomy":"brand","embeddable":true,"href":"https:\/\/www.argensend.com\/en\/wp-json\/wp\/v2\/etheme_brands?post=80256"},{"taxonomy":"product_brand","embeddable":true,"href":"https:\/\/www.argensend.com\/en\/wp-json\/wp\/v2\/product_brand?post=80256"},{"taxonomy":"product_cat","embeddable":true,"href":"https:\/\/www.argensend.com\/en\/wp-json\/wp\/v2\/product_cat?post=80256"},{"taxonomy":"product_tag","embeddable":true,"href":"https:\/\/www.argensend.com\/en\/wp-json\/wp\/v2\/product_tag?post=80256"}],"curies":[{"name":"wp","href":"https:\/\/api.w.org\/{rel}","templated":true}]}}