{"id":80260,"date":"2023-08-22T16:16:07","date_gmt":"2023-08-22T19:16:07","guid":{"rendered":"https:\/\/www.argensend.com\/?post_type=product&#038;p=80260"},"modified":"2024-12-06T16:38:33","modified_gmt":"2024-12-06T19:38:33","slug":"libro-nuestro-mundial-andres-burgo","status":"publish","type":"product","link":"https:\/\/www.argensend.com\/en\/product\/libro-nuestro-mundial-andres-burgo\/","title":{"rendered":"Libro &#8220;Nuestro Mundial&#8221; &#8211; Andres Burgo"},"content":{"rendered":"","protected":false},"excerpt":{"rendered":"<p>Una cr\u00f3nica callejera de la Copa que se gan\u00f3 en Qatar y se vivi\u00f3 ac\u00e1.<br \/>\nSi el f\u00fatbol siempre exagera la vida y los Mundiales exageran el f\u00fatbol, Qatar exager\u00f3 la vida y el f\u00fatbol. \u00bfCu\u00e1ntos sintieron -como dijo Messi- que diciembre de 2022 fue el Mes de Nuestras Vidas? Esta Copa del Mundo nos sacudi\u00f3 a todos y a todas, a los futboleros de ley y a los que se suman cada cuatro a\u00f1os, pero en particular a las nuevas generaciones, desde los m\u00e1s pibes a los de 30, que primero agotaron las figuritas y luego tuvieron, por fin, su propia leyenda, su propia \u00e9pica, su propio h\u00e9roe. Fue un Mundial del que cada uno guardar\u00e1 un recuerdo personal, \u00fanico. No solo las im\u00e1genes lacradas en eternidad (Messi y la Copa, el baile del Dibu, &#8220;qu\u00e9 mir\u00e1&#8217; bobo, and\u00e1 p&#8217;all\u00e1&#8221;) sino, y especialmente, una postal \u00edntima: la de d\u00f3nde y con qui\u00e9nes lo sufrimos y lo festejamos. Una foto de los d\u00edas en que el tiempo qued\u00f3 suspendido y millones nos enajenamos por la Scaloneta y salimos a la calle en un escenario que fue tambi\u00e9n at\u00edpico, al borde del verano, en un mes que nuestra historia asocia a situaciones mucho menos felices. Por todo eso, este no es un libro de an\u00e1lisis deportivo, es una cr\u00f3nica pasional sobre el evento que nos convoc\u00f3 y uni\u00f3 como pocas veces. Que reconstruye la relaci\u00f3n de los hinchas con la Selecci\u00f3n, s\u00ed, pero que por encima de todo deja testimonio del delirio que vivimos con amigos, del regreso a una infancia en la que los goles eran el centro de la Tierra y de esos abrazos -que ya no abundan- entre padres, madres, hijos e hijas. Un relato vital y emotivo de c\u00f3mo, cuando ya no lo esper\u00e1bamos, atravesamos nuestro Mundial m\u00e1s hermoso y volvimos a ser hinchas del Club Atl\u00e9tico Selecci\u00f3n Argentina.<\/p>","protected":false},"featured_media":80261,"comment_status":"closed","ping_status":"closed","template":"","meta":{"_acf_changed":false,"om_disable_all_campaigns":false,"_monsterinsights_skip_tracking":false,"_monsterinsights_sitenote_active":false,"_monsterinsights_sitenote_note":"","_monsterinsights_sitenote_category":0},"etheme_brands":[],"product_brand":[],"product_cat":[685],"product_tag":[9956,203,9645,752,9957,9955],"class_list":{"0":"post-80260","1":"product","2":"type-product","3":"status-publish","4":"has-post-thumbnail","6":"product_cat-libros","7":"product_tag-andres-burgo","8":"product_tag-argentina","9":"product_tag-campeones-del-mundo","10":"product_tag-libro","11":"product_tag-libro-seleccion","12":"product_tag-nuestro-mundial","14":"first","15":"instock","16":"taxable","17":"shipping-taxable","18":"purchasable","19":"product-type-simple"},"acf":[],"aioseo_notices":[],"_links":{"self":[{"href":"https:\/\/www.argensend.com\/en\/wp-json\/wp\/v2\/product\/80260","targetHints":{"allow":["GET"]}}],"collection":[{"href":"https:\/\/www.argensend.com\/en\/wp-json\/wp\/v2\/product"}],"about":[{"href":"https:\/\/www.argensend.com\/en\/wp-json\/wp\/v2\/types\/product"}],"replies":[{"embeddable":true,"href":"https:\/\/www.argensend.com\/en\/wp-json\/wp\/v2\/comments?post=80260"}],"version-history":[{"count":1,"href":"https:\/\/www.argensend.com\/en\/wp-json\/wp\/v2\/product\/80260\/revisions"}],"predecessor-version":[{"id":80262,"href":"https:\/\/www.argensend.com\/en\/wp-json\/wp\/v2\/product\/80260\/revisions\/80262"}],"wp:featuredmedia":[{"embeddable":true,"href":"https:\/\/www.argensend.com\/en\/wp-json\/wp\/v2\/media\/80261"}],"wp:attachment":[{"href":"https:\/\/www.argensend.com\/en\/wp-json\/wp\/v2\/media?parent=80260"}],"wp:term":[{"taxonomy":"brand","embeddable":true,"href":"https:\/\/www.argensend.com\/en\/wp-json\/wp\/v2\/etheme_brands?post=80260"},{"taxonomy":"product_brand","embeddable":true,"href":"https:\/\/www.argensend.com\/en\/wp-json\/wp\/v2\/product_brand?post=80260"},{"taxonomy":"product_cat","embeddable":true,"href":"https:\/\/www.argensend.com\/en\/wp-json\/wp\/v2\/product_cat?post=80260"},{"taxonomy":"product_tag","embeddable":true,"href":"https:\/\/www.argensend.com\/en\/wp-json\/wp\/v2\/product_tag?post=80260"}],"curies":[{"name":"wp","href":"https:\/\/api.w.org\/{rel}","templated":true}]}}