{"id":80264,"date":"2023-08-22T16:54:06","date_gmt":"2023-08-22T19:54:06","guid":{"rendered":"https:\/\/www.argensend.com\/?post_type=product&#038;p=80264"},"modified":"2024-12-06T16:38:33","modified_gmt":"2024-12-06T19:38:33","slug":"libro-desenredar-la-argentina-luciano-laspina","status":"publish","type":"product","link":"https:\/\/www.argensend.com\/en\/product\/libro-desenredar-la-argentina-luciano-laspina\/","title":{"rendered":"Libro &#8220;Desenredar la Argentina&#8221; &#8211; Luciano Laspina"},"content":{"rendered":"","protected":false},"excerpt":{"rendered":"<p>Una salida a las profundas heridas generadas por el populismo a trav\u00e9s de medidas para no repetir los errores que llevaron a la actual decadencia. Diagn\u00f3stico de los principales problemas que enfrentar\u00e1 el pr\u00f3ximo gobierno y reformas econ\u00f3micas orientadas a resolverlos.<\/p>\n<p>\u00abEl pr\u00f3ximo gobierno asumir\u00e1 en medio de la crisis terminal de un nuevo experimento populista en la Argentina. Nuestro pa\u00eds tiene una largu\u00edsima tradici\u00f3n de populismo pol\u00edtico y macroecon\u00f3mico. La econom\u00eda argentina est\u00e1 totalmente enredada. Enredada en una mara\u00f1a de complejas regulaciones, altos impuestos, trabas para importar, impuestos para exportar, ins\u00f3litas restricciones y costos para crear empleos, desincentivos e inseguridad jur\u00eddica para invertir, dificultades cr\u00f3nicas para ahorrar sin ser estafado por la inflaci\u00f3n e imposibilidad de obtener cr\u00e9ditos a plazos y tasas razonables. Por eso, la econom\u00eda tropieza con crisis y recesiones desde hace muchas d\u00e9cadas. El pr\u00f3ximo gobierno deber\u00e1 desenredar r\u00e1pidamente la Argentina impulsando reformas valientes\u00bb.<\/p>\n<p>Con firme decisi\u00f3n pol\u00edtica y s\u00f3lida argumentaci\u00f3n t\u00e9cnica, Luciano Laspina propone Desenredar la Argentina marcando la salida de las profundas heridas generadas por el populismo, y presentando medidas para no repetir los errores que llevaron a la actual decadencia. Cada cap\u00edtulo de esta obra elabora el diagn\u00f3stico de los principales problemas que enfrentar\u00e1 el pr\u00f3ximo gobierno y expone las reformas econ\u00f3micas orientadas a resolverlos. El mensaje del libro es esperanzador: si al capital humano y los recursos naturales de nuestra tierra sumamos la determinaci\u00f3n pol\u00edtica de dejar atr\u00e1s las recetas del pasado y avanzar hacia el desarrollo, lograremos el pa\u00eds grande y respetado que ansiamos.<\/p>","protected":false},"featured_media":80265,"comment_status":"closed","ping_status":"closed","template":"","meta":{"_acf_changed":false,"om_disable_all_campaigns":false,"_monsterinsights_skip_tracking":false,"_monsterinsights_sitenote_active":false,"_monsterinsights_sitenote_note":"","_monsterinsights_sitenote_category":0},"etheme_brands":[],"product_brand":[],"product_cat":[685],"product_tag":[203,9959,752,9958,9960],"class_list":{"0":"post-80264","1":"product","2":"type-product","3":"status-publish","4":"has-post-thumbnail","6":"product_cat-libros","7":"product_tag-argentina","8":"product_tag-desenredar-la-argentina","9":"product_tag-libro","10":"product_tag-libro-desenredar-la-argentina","11":"product_tag-luciano-laspina","13":"first","14":"instock","15":"taxable","16":"shipping-taxable","17":"purchasable","18":"product-type-simple"},"acf":[],"aioseo_notices":[],"_links":{"self":[{"href":"https:\/\/www.argensend.com\/en\/wp-json\/wp\/v2\/product\/80264","targetHints":{"allow":["GET"]}}],"collection":[{"href":"https:\/\/www.argensend.com\/en\/wp-json\/wp\/v2\/product"}],"about":[{"href":"https:\/\/www.argensend.com\/en\/wp-json\/wp\/v2\/types\/product"}],"replies":[{"embeddable":true,"href":"https:\/\/www.argensend.com\/en\/wp-json\/wp\/v2\/comments?post=80264"}],"version-history":[{"count":2,"href":"https:\/\/www.argensend.com\/en\/wp-json\/wp\/v2\/product\/80264\/revisions"}],"predecessor-version":[{"id":107285,"href":"https:\/\/www.argensend.com\/en\/wp-json\/wp\/v2\/product\/80264\/revisions\/107285"}],"wp:featuredmedia":[{"embeddable":true,"href":"https:\/\/www.argensend.com\/en\/wp-json\/wp\/v2\/media\/80265"}],"wp:attachment":[{"href":"https:\/\/www.argensend.com\/en\/wp-json\/wp\/v2\/media?parent=80264"}],"wp:term":[{"taxonomy":"brand","embeddable":true,"href":"https:\/\/www.argensend.com\/en\/wp-json\/wp\/v2\/etheme_brands?post=80264"},{"taxonomy":"product_brand","embeddable":true,"href":"https:\/\/www.argensend.com\/en\/wp-json\/wp\/v2\/product_brand?post=80264"},{"taxonomy":"product_cat","embeddable":true,"href":"https:\/\/www.argensend.com\/en\/wp-json\/wp\/v2\/product_cat?post=80264"},{"taxonomy":"product_tag","embeddable":true,"href":"https:\/\/www.argensend.com\/en\/wp-json\/wp\/v2\/product_tag?post=80264"}],"curies":[{"name":"wp","href":"https:\/\/api.w.org\/{rel}","templated":true}]}}