{"id":80291,"date":"2023-08-23T10:24:30","date_gmt":"2023-08-23T13:24:30","guid":{"rendered":"https:\/\/www.argensend.com\/?post_type=product&#038;p=80291"},"modified":"2024-12-06T16:38:33","modified_gmt":"2024-12-06T19:38:33","slug":"libro-argentina-2024-2027-juan-carlos-de-pablo","status":"publish","type":"product","link":"https:\/\/www.argensend.com\/en\/product\/libro-argentina-2024-2027-juan-carlos-de-pablo\/","title":{"rendered":"Libro &#8220;Argentina 2024-2027&#8221; &#8211; Juan Carlos de Pablo"},"content":{"rendered":"","protected":false},"excerpt":{"rendered":"<p>Dedicado a quien gane las elecciones nacionales de este a\u00f1o y gobierne la Argentina entre 2024 y 2027, este libro se propone como un aporte a la pol\u00edtica econ\u00f3mica a ser aplicada en ese per\u00edodo. Con su personal\u00edsimo estilo y su inefable capacidad de hacer entendible, concreto y cotidiano lo que a priori puede presentarse como complicado, abstracto y lejano, Juan Carlos de Pablo condensa sus m\u00e1s de cincuenta a\u00f1os de experiencia y destila el conjunto a la vez indispensable e ineludible de cuestiones sobre las que el pr\u00f3ximo gobierno necesariamente deber\u00e1 fijar posici\u00f3n. El &#8220;checklist&#8221; resultante, que se planta sobre una aguda consideraci\u00f3n del contexto pol\u00edtico y econ\u00f3mico nacional e internacional, despliega de s\u00ed agenda, hoja de ruta y recomendaci\u00f3n. En estas p\u00e1ginas encuentran lugar, entre otros temas, los laberintos de la credibilidad, la realidad tangible del bimonetarismo, la necesidad de crecimiento del PBI, las maldiciones locales de la pampa h\u00fameda y de la coparticipaci\u00f3n, el p\u00e9ndulo shock gradualismo y hasta un original\u00edsimo y reflexivo an\u00e1lisis de los cuarenta a\u00f1os de democracia. En el a\u00f1o en que la Argentina vuelve a las urnas para elegir presidente, de Pablo lo hace de nuevo: con lucidez y sentido del humor pone teor\u00eda, conocimiento t\u00e9cnico y datos al servicio de la toma de decisiones de gobernantes y ciudadanos.<\/p>","protected":false},"featured_media":80293,"comment_status":"closed","ping_status":"closed","template":"","meta":{"_acf_changed":false,"om_disable_all_campaigns":false,"_monsterinsights_skip_tracking":false,"_monsterinsights_sitenote_active":false,"_monsterinsights_sitenote_note":"","_monsterinsights_sitenote_category":0},"etheme_brands":[],"product_brand":[],"product_cat":[685],"product_tag":[203,9961,9962,752],"class_list":{"0":"post-80291","1":"product","2":"type-product","3":"status-publish","4":"has-post-thumbnail","6":"product_cat-libros","7":"product_tag-argentina","8":"product_tag-argentina-2024-2027","9":"product_tag-juan-carlos-de-pablo","10":"product_tag-libro","12":"first","13":"instock","14":"taxable","15":"shipping-taxable","16":"purchasable","17":"product-type-simple"},"acf":[],"aioseo_notices":[],"_links":{"self":[{"href":"https:\/\/www.argensend.com\/en\/wp-json\/wp\/v2\/product\/80291","targetHints":{"allow":["GET"]}}],"collection":[{"href":"https:\/\/www.argensend.com\/en\/wp-json\/wp\/v2\/product"}],"about":[{"href":"https:\/\/www.argensend.com\/en\/wp-json\/wp\/v2\/types\/product"}],"replies":[{"embeddable":true,"href":"https:\/\/www.argensend.com\/en\/wp-json\/wp\/v2\/comments?post=80291"}],"version-history":[{"count":2,"href":"https:\/\/www.argensend.com\/en\/wp-json\/wp\/v2\/product\/80291\/revisions"}],"predecessor-version":[{"id":102992,"href":"https:\/\/www.argensend.com\/en\/wp-json\/wp\/v2\/product\/80291\/revisions\/102992"}],"wp:featuredmedia":[{"embeddable":true,"href":"https:\/\/www.argensend.com\/en\/wp-json\/wp\/v2\/media\/80293"}],"wp:attachment":[{"href":"https:\/\/www.argensend.com\/en\/wp-json\/wp\/v2\/media?parent=80291"}],"wp:term":[{"taxonomy":"brand","embeddable":true,"href":"https:\/\/www.argensend.com\/en\/wp-json\/wp\/v2\/etheme_brands?post=80291"},{"taxonomy":"product_brand","embeddable":true,"href":"https:\/\/www.argensend.com\/en\/wp-json\/wp\/v2\/product_brand?post=80291"},{"taxonomy":"product_cat","embeddable":true,"href":"https:\/\/www.argensend.com\/en\/wp-json\/wp\/v2\/product_cat?post=80291"},{"taxonomy":"product_tag","embeddable":true,"href":"https:\/\/www.argensend.com\/en\/wp-json\/wp\/v2\/product_tag?post=80291"}],"curies":[{"name":"wp","href":"https:\/\/api.w.org\/{rel}","templated":true}]}}